{"id":11463,"date":"2021-10-11T11:33:27","date_gmt":"2021-10-11T09:33:27","guid":{"rendered":"https:\/\/promak.si\/trgovina\/Bez%20kategorije\/zelena-stena-mix-100x100cm-uv-odporna\/"},"modified":"2026-04-04T17:18:16","modified_gmt":"2026-04-04T15:18:16","slug":"zelena-stena-mix-100x100cm-uv-odporna","status":"publish","type":"product","link":"https:\/\/promak.si\/hr\/trgovina\/zeleni-zid-mix-100x100cm\/","title":{"rendered":"Zeleni zid living 100x100cm uv otporan"},"content":{"rendered":"<div class=\"row\"  id=\"row-143001690\">\n\n\n\t<div id=\"col-1307083341\" class=\"col medium-6 small-12 large-6\"  >\n\t\t\t\t<div class=\"col-inner\"  >\n\t\t\t\n\t\t\t\n\n\n  <div class=\"banner has-hover\" id=\"banner-873924404\">\n          <div class=\"banner-inner fill\">\n        <div class=\"banner-bg fill\" >\n            <img decoding=\"async\" width=\"800\" height=\"600\" src=\"https:\/\/promak.si\/wp-content\/uploads\/2023\/09\/zelena-stena-v-podjetju.jpg\" class=\"bg attachment-original size-original\" alt=\"\">                                    \n                    <\/div>\n\t\t\n        <div class=\"banner-layers container\">\n            <div class=\"fill banner-link\"><\/div>            \n\n   <div id=\"text-box-1915874675\" class=\"text-box banner-layer x50 md-x50 lg-x50 y50 md-y50 lg-y50 res-text\">\n                                <div class=\"text-box-content text dark\">\n              \n              <div class=\"text-inner text-center\">\n                  \n\n\n              <\/div>\n           <\/div>\n                            \n<style>\n#text-box-1915874675 {\n  width: 60%;\n}\n#text-box-1915874675 .text-box-content {\n  font-size: 100%;\n}\n@media (min-width:550px) {\n  #text-box-1915874675 {\n    width: 60%;\n  }\n}\n<\/style>\n    <\/div>\n \n\n        <\/div>\n      <\/div>\n\n            \n<style>\n#banner-873924404 {\n  padding-top: 300px;\n  background-color: rgba(255, 255, 255, 0);\n}\n#banner-873924404 .banner-bg img {\n  object-position: 77% 46%;\n}\n@media (min-width:550px) {\n  #banner-873924404 {\n    padding-top: 720px;\n  }\n}\n<\/style>\n  <\/div>\n\n\n\n\t\t<\/div>\n\t\t\t\t\t<\/div>\n\n\t\n\n\t<div id=\"col-494863878\" class=\"col medium-6 small-12 large-6\"  >\n\t\t\t\t<div class=\"col-inner text-center\"  >\n\t\t\t\n\t\t\t\n\n<p>Ovo inovativno rje\u0161enje donosi svje\u017einu prirode u Va\u0161 prostor bez potrebe za redovitim odr\u017eavanjem i brigom o biljkama.<\/p>\n<p>Bilo da \u017eelite unutarnju opu\u0161taju\u0107u oazu ili vanjski ambijent s karakteristi\u010dnom elegancijom, ovaj proizvod \u0107e svakako privu\u0107i pa\u017enju i ostaviti nezaboravan dojam.<\/p>\n<p>O\u017eivite svoj unutarnji ili vanjski prostor i stvorite ugodnu atmosferu.<\/p>\n<p>Dodat \u0107e da\u0161ak zelene prirode gdje god da ga postavite \u2013 na terasu, balkon ili u dnevni boravak.<\/p>\n<p>Tako\u0111er mo\u017eete zaboraviti na stalno zalijevanje i orezivanje, sve te brige su otklonjene s umjetnim zelenim zidom.<\/p>\n<p>Otporan je na UV zrake i razli\u010dite vremenske uvjete, \u0161to zna\u010di da \u0107e ostati atraktivan i besprijekoran kroz sva godi\u0161nja doba.<\/p>\n\t<div class=\"img has-hover x md-x lg-x y md-y lg-y\" id=\"image_1323231212\">\n\t\t\t\t\t\t\t\t<div class=\"img-inner dark\" >\n\t\t\t<img decoding=\"async\" width=\"440\" height=\"287\" src=\"https:\/\/promak.si\/wp-content\/uploads\/2023\/09\/promak-website-HR.png\" class=\"attachment-original size-original\" alt=\"\" srcset=\"https:\/\/promak.si\/wp-content\/uploads\/2023\/09\/promak-website-HR.png 440w, https:\/\/promak.si\/wp-content\/uploads\/2023\/09\/promak-website-HR-400x261.png 400w, https:\/\/promak.si\/wp-content\/uploads\/2023\/09\/promak-website-HR-300x196.png 300w\" sizes=\"(max-width: 440px) 100vw, 440px\">\t\t\t\t\t\t\n\t\t\t\t\t<\/div>\n\t\t\t\t\t\t\t\t\n<style>\n#image_1323231212 {\n  width: 80%;\n}\n<\/style>\n\t<\/div>\n\t\n\n\n\t\t<\/div>\n\t\t\t\t\t<\/div>\n\n\t\n\n<\/div>\n\n\t<section class=\"section\" id=\"section_338894594\">\n\t\t<div class=\"section-bg fill\" >\n\t\t\t\t\t\t\t\t\t\n\t\t\t\n\n\t\t<\/div>\n\n\t\t\n\n\t\t<div class=\"section-content relative\">\n\t\t\t\n\n<div class=\"row row-collapse\"  id=\"row-989369986\">\n\n\n\t<div id=\"col-1027644388\" class=\"col medium-12 small-12 large-6\"  >\n\t\t\t\t<div class=\"col-inner\"  >\n\t\t\t\n\t\t\t\n\n\t<div id=\"text-249105102\" class=\"text zeleni-text\">\n\t\t\n\n<h2>JEDNOSTAVNA INSTALACIJA<\/h2>\n\n\t\t\n<style>\n#text-249105102 {\n  font-size: 1.3rem;\n  text-align: center;\n}\n@media (min-width:550px) {\n  #text-249105102 {\n    font-size: 1.6rem;\n  }\n}\n<\/style>\n\t<\/div>\n\t\n\t<div id=\"text-2405490756\" class=\"text\">\n\t\t\n\n<p>Pravilna instalacija je klju\u010dna za o\u010duvanje estetike i funkcionalnosti umjetnih zelenih zidova.<\/p>\n\n\t\t\n<style>\n#text-2405490756 {\n  text-align: center;\n}\n<\/style>\n\t<\/div>\n\t\n<div class=\"row row-collapse\"  id=\"row-1243552981\">\n\n\n\t<div id=\"col-1423086516\" class=\"col small-12 large-12\"  >\n\t\t\t\t<div class=\"col-inner\"  >\n\t\t\t\n\t<div class=\"is-border\"\n\t\tstyle=\"border-color:rgb(177, 188, 163);border-width:3px 3px 3px 3px;\">\n\t<\/div>\n\t\t\t\n\n\t<div id=\"text-4082710251\" class=\"text zelene-stene-ol\">\n\t\t\n\n<ol>\n<li><span class=\"OYPEnA text-decoration-none text-strikethrough-none\">Izaberite zid na kojeg \u0107ete postaviti zelene panele.<\/span><\/li>\n<li><span class=\"OYPEnA text-decoration-none text-strikethrough-none\">Izmjerite \u0161irinu i visinu zida.<\/span><\/li>\n<li><span class=\"OYPEnA text-decoration-none text-strikethrough-none\">Pomo\u0107u klik sustava spojite vi\u0161e panela zajedno kako biste dobili \u017eeljenu veli\u010dinu, a po potrebi odre\u017eite vi\u0161ak klije\u0161tima.<\/span><\/li>\n<li><span class=\"OYPEnA text-decoration-none text-strikethrough-none\">Ovisno o vrsti podloge, koristite vijke ili \u010davle za pri\u010dvr\u0161\u0107ivanje panela na zid.<\/span><\/li>\n<li><span class=\"OYPEnA text-decoration-none text-strikethrough-none\">Na postavljene vijke ili \u010davle objesite zelene panele.<\/span><\/li>\n<li><span class=\"OYPEnA text-decoration-none text-strikethrough-none\">Za bolji 3D efekt, proizvoljno dodajte umjetne biljke u zeleni zid.<\/span><\/li>\n<li><span class=\"OYPEnA text-decoration-none text-strikethrough-none\">U\u017eivajte u Va\u0161oj novoj oazi!<\/span>\n<div id=\"row-1583854479\" class=\"row row-collapse\">\n<div id=\"col-42822028\" class=\"col small-12 large-12\">\n<div class=\"col-inner\">\n<div id=\"text-607070361\" class=\"text zelene-stene-ol\">\u00a0<\/div>\n<\/div>\n<\/div>\n<\/div>\n<\/li>\n<\/ol>\n\t\t\t<\/div>\n\t\n\n\t\t<\/div>\n\t\t\t\t\n<style>\n#col-1423086516 > .col-inner {\n  padding: 20px 0px 20px 0px;\n  margin: 10px 0px 10px 0px;\n}\n@media (min-width:550px) {\n  #col-1423086516 > .col-inner {\n    padding: 20px 20px 10px 0px;\n  }\n}\n<\/style>\n\t<\/div>\n\n\t\n\n\n<style>\n#row-1243552981 > .col > .col-inner {\n  background-color: rgb(255, 255, 255);\n}\n<\/style>\n<\/div>\n\t<div id=\"text-1537215830\" class=\"text\">\n\t\t\n\n<p>Umjetni zeleni zid mo\u017eete instalirati sami ili mo\u017eete anga\u017eirati stru\u010dnjaka.<\/p>\n\n\t\t\n<style>\n#text-1537215830 {\n  text-align: center;\n}\n<\/style>\n\t<\/div>\n\t\n\n\t\t<\/div>\n\t\t\t\t\t<\/div>\n\n\t\n\n\t<div id=\"col-1520462083\" class=\"col medium-12 small-12 large-6\"  >\n\t\t\t\t<div class=\"col-inner\"  >\n\t\t\t\n\t\t\t\n\n<div class=\"row\"  id=\"row-451922481\">\n\n\n\t<div id=\"col-353090139\" class=\"col medium-6 small-12 large-6\"  >\n\t\t\t\t<div class=\"col-inner\"  >\n\t\t\t\n\t\t\t\n\n\t<div class=\"img has-hover x md-x lg-x y md-y lg-y\" id=\"image_745034245\">\n\t\t\t\t\t\t\t\t<div class=\"img-inner image-cover dark\" style=\"padding-top:100%;\">\n\t\t\t<img decoding=\"async\" width=\"600\" height=\"800\" src=\"https:\/\/promak.si\/wp-content\/uploads\/2023\/09\/montaza-zelene-stene.jpg\" class=\"attachment-original size-original\" alt=\"\" srcset=\"https:\/\/promak.si\/wp-content\/uploads\/2023\/09\/montaza-zelene-stene.jpg 600w, https:\/\/promak.si\/wp-content\/uploads\/2023\/09\/montaza-zelene-stene-400x533.jpg 400w, https:\/\/promak.si\/wp-content\/uploads\/2023\/09\/montaza-zelene-stene-225x300.jpg 225w, https:\/\/promak.si\/wp-content\/uploads\/2023\/09\/montaza-zelene-stene-555x740.jpg 555w\" sizes=\"(max-width: 600px) 100vw, 600px\">\t\t\t\t\t\t\n\t\t\t\t\t<\/div>\n\t\t\t\t\t\t\t\t\n<style>\n#image_745034245 {\n  width: 100%;\n}\n<\/style>\n\t<\/div>\n\t\n\n\n\t\t<\/div>\n\t\t\t\t\t<\/div>\n\n\t\n\n\t<div id=\"col-2010204939\" class=\"col medium-6 small-12 large-6\"  >\n\t\t\t\t<div class=\"col-inner\"  >\n\t\t\t\n\t\t\t\n\n\t<div class=\"img has-hover x md-x lg-x y md-y lg-y\" id=\"image_207598372\">\n\t\t\t\t\t\t\t\t<div class=\"img-inner image-cover dark\" style=\"padding-top:100%;\">\n\t\t\t<img decoding=\"async\" width=\"600\" height=\"800\" src=\"https:\/\/promak.si\/wp-content\/uploads\/2023\/09\/montaza-zelene-stene-2.jpg\" class=\"attachment-original size-original\" alt=\"\" srcset=\"https:\/\/promak.si\/wp-content\/uploads\/2023\/09\/montaza-zelene-stene-2.jpg 600w, https:\/\/promak.si\/wp-content\/uploads\/2023\/09\/montaza-zelene-stene-2-400x533.jpg 400w, https:\/\/promak.si\/wp-content\/uploads\/2023\/09\/montaza-zelene-stene-2-225x300.jpg 225w, https:\/\/promak.si\/wp-content\/uploads\/2023\/09\/montaza-zelene-stene-2-555x740.jpg 555w\" sizes=\"(max-width: 600px) 100vw, 600px\">\t\t\t\t\t\t\n\t\t\t\t\t<\/div>\n\t\t\t\t\t\t\t\t\n<style>\n#image_207598372 {\n  width: 100%;\n}\n<\/style>\n\t<\/div>\n\t\n\n\n\t\t<\/div>\n\t\t\t\t\t<\/div>\n\n\t\n\n\t<div id=\"col-1506037872\" class=\"col small-12 large-12\"  >\n\t\t\t\t<div class=\"col-inner\"  >\n\t\t\t\n\t\t\t\n\n<div class=\"video video-fit mb\" style=\"padding-top:50%;\"><p><iframe title=\"Zelene stene Promak\" width=\"1020\" height=\"574\" src=\"https:\/\/www.youtube.com\/embed\/PhhbKt2K_WA?feature=oembed\" frameborder=\"0\" allow=\"accelerometer; autoplay; clipboard-write; encrypted-media; gyroscope; picture-in-picture; web-share\" referrerpolicy=\"strict-origin-when-cross-origin\" allowfullscreen><\/iframe><\/p>\n<\/div>\n\n\n\t\t<\/div>\n\t\t\t\t\t<\/div>\n\n\t\n\n<\/div>\n\n\t\t<\/div>\n\t\t\t\t\t<\/div>\n\n\t\n\n\n<style>\n#row-989369986 > .col > .col-inner {\n  padding: 20px 10px 0px 10px;\n}\n@media (min-width:550px) {\n  #row-989369986 > .col > .col-inner {\n    padding: 20px 30px 0px 30px;\n  }\n}\n<\/style>\n<\/div>\n\n\t\t<\/div>\n\n\t\t\n<style>\n#section_338894594 {\n  padding-top: 0px;\n  padding-bottom: 0px;\n  background-color: rgb(238, 239, 238);\n}\n@media (min-width:550px) {\n  #section_338894594 {\n    padding-top: 0px;\n    padding-bottom: 0px;\n  }\n}\n<\/style>\n\t<\/section>\n\t\n<div class=\"row\"  id=\"row-447670505\">\n\n\n\t<div id=\"col-1636918605\" class=\"col medium-7 small-12 large-7\"  >\n\t\t\t\t<div class=\"col-inner\"  >\n\t\t\t\n\t\t\t\n\n\t<div id=\"text-3166495485\" class=\"text zeleni-text\">\n\t\t\n\n<h2>\u010cesta pitanja<\/h2>\n\n\t\t\n<style>\n#text-3166495485 {\n  font-size: 1.6rem;\n  text-align: left;\n}\n<\/style>\n\t<\/div>\n\t\n<div class=\"accordion zelene-stene-faq\">\n\n\t<div id=\"accordion-1265270296\" class=\"accordion-item\">\n\t\t<a id=\"accordion-1265270296-label\" class=\"accordion-title plain\" href=\"#accordion-item-mogu-li-kod-vas-kupiti-vijke-i-\u010davle-za-monta\u017eu?\" aria-expanded=\"false\" aria-controls=\"accordion-1265270296-content\">\n\t\t\t<button class=\"toggle\" aria-label=\"Toggle\"><i class=\"icon-angle-down\" aria-hidden=\"true\"><\/i><\/button>\n\t\t\t<span>Mogu li kod vas kupiti vijke i \u010davle za monta\u017eu?<\/span>\n\t\t<\/a>\n\t\t<div id=\"accordion-1265270296-content\" class=\"accordion-inner\" aria-labelledby=\"accordion-1265270296-label\">\n\t\t\t\n\n<p>Ne, materijal i alat mo\u017eete kupiti u specijaliziranim trgovinama za ku\u0107u i gra\u0111evinarstvo.<\/p>\n\n\n\t\t<\/div>\n\t<\/div>\n\t\n\t<div id=\"accordion-3675067324\" class=\"accordion-item\">\n\t\t<a id=\"accordion-3675067324-label\" class=\"accordion-title plain\" href=\"#accordion-item-gdje-sve-mogu-postaviti-umjetni-zeleni-zid?\" aria-expanded=\"false\" aria-controls=\"accordion-3675067324-content\">\n\t\t\t<button class=\"toggle\" aria-label=\"Toggle\"><i class=\"icon-angle-down\" aria-hidden=\"true\"><\/i><\/button>\n\t\t\t<span>Gdje sve mogu postaviti umjetni zeleni zid?<\/span>\n\t\t<\/a>\n\t\t<div id=\"accordion-3675067324-content\" class=\"accordion-inner\" aria-labelledby=\"accordion-3675067324-label\">\n\t\t\t\n\n<p>Mo\u017eete ga postaviti gotovo svugdje. Samo je potrebna stabilna povr\u0161ina u koju mo\u017eete zabiti \u010davle ili postaviti vijke.<\/p>\n\n\n\t\t<\/div>\n\t<\/div>\n\t\n\t<div id=\"accordion-764962252\" class=\"accordion-item\">\n\t\t<a id=\"accordion-764962252-label\" class=\"accordion-title plain\" href=\"#accordion-item-koliko-te\u017ei-umjetni-zeleni-zid?\" aria-expanded=\"false\" aria-controls=\"accordion-764962252-content\">\n\t\t\t<button class=\"toggle\" aria-label=\"Toggle\"><i class=\"icon-angle-down\" aria-hidden=\"true\"><\/i><\/button>\n\t\t\t<span>Koliko te\u017ei umjetni zeleni zid?<\/span>\n\t\t<\/a>\n\t\t<div id=\"accordion-764962252-content\" class=\"accordion-inner\" aria-labelledby=\"accordion-764962252-label\">\n\t\t\t\n\n<p>U prosjeku panel veli\u010dine 50\u00d750 cm te\u017ei 0,8 kg, dok panel veli\u010dine 100\u00d7100 cm te\u017ei 3,2 kg.<\/p>\n\n\n\t\t<\/div>\n\t<\/div>\n\t\n\t<div id=\"accordion-3894312652\" class=\"accordion-item\">\n\t\t<a id=\"accordion-3894312652-label\" class=\"accordion-title plain\" href=\"#accordion-item-imaju-li-umjetni-zeleni-zidovi-uv-za\u0161titu?\" aria-expanded=\"false\" aria-controls=\"accordion-3894312652-content\">\n\t\t\t<button class=\"toggle\" aria-label=\"Toggle\"><i class=\"icon-angle-down\" aria-hidden=\"true\"><\/i><\/button>\n\t\t\t<span>Imaju li umjetni zeleni zidovi UV za\u0161titu?<\/span>\n\t\t<\/a>\n\t\t<div id=\"accordion-3894312652-content\" class=\"accordion-inner\" aria-labelledby=\"accordion-3894312652-label\">\n\t\t\t\n\n<p>Da, svi na\u0161i zeleni zidovi su otporni na UV zrake, stoga su prikladni i za vanjsku monta\u017eu na balkonima, dvori\u0161tima i terasama.<\/p>\n\n\n\t\t<\/div>\n\t<\/div>\n\t\n\t<div id=\"accordion-1213184058\" class=\"accordion-item\">\n\t\t<a id=\"accordion-1213184058-label\" class=\"accordion-title plain\" href=\"#accordion-item-kako-odr\u017eavati-i-\u010distiti-umjetni-zeleni-zid?\" aria-expanded=\"false\" aria-controls=\"accordion-1213184058-content\">\n\t\t\t<button class=\"toggle\" aria-label=\"Toggle\"><i class=\"icon-angle-down\" aria-hidden=\"true\"><\/i><\/button>\n\t\t\t<span>Kako odr\u017eavati i \u010distiti umjetni zeleni zid?<\/span>\n\t\t<\/a>\n\t\t<div id=\"accordion-1213184058-content\" class=\"accordion-inner\" aria-labelledby=\"accordion-1213184058-label\">\n\t\t\t\n\n<p>Umjetni zeleni zidovi ne zahtijevaju posebno odr\u017eavanje, brigu ili zalijevanje.<\/p>\n<p>Umjetni zeleni zid u unutarnjem prostoru mo\u017eete povremeno o\u010distiti \u010detkom za pra\u0161inu, a zeleni zid na vanjskoj povr\u0161ini mo\u017eete isprati vrtnim crijevom.<\/p>\n\n\n\t\t<\/div>\n\t<\/div>\n\t\n\n<\/div>\n\n\t\t<\/div>\n\t\t\t\t\n<style>\n#col-1636918605 > .col-inner {\n  padding: 30px 10px 10px 10px;\n}\n<\/style>\n\t<\/div>\n\n\t\n\n\t<div id=\"col-1225017048\" class=\"col medium-5 small-12 large-5\"  >\n\t\t\t\t<div class=\"col-inner\"  >\n\t\t\t\n\t\t\t\n\n\t<div class=\"img has-hover x md-x lg-x y md-y lg-y\" id=\"image_404391096\">\n\t\t\t\t\t\t\t\t<div class=\"img-inner image-cover dark\" style=\"padding-top:100%;\">\n\t\t\t<img decoding=\"async\" width=\"1200\" height=\"1200\" src=\"https:\/\/promak.si\/wp-content\/uploads\/2023\/09\/zelene-stene.jpg\" class=\"attachment-original size-original\" alt=\"\" srcset=\"https:\/\/promak.si\/wp-content\/uploads\/2023\/09\/zelene-stene.jpg 1200w, https:\/\/promak.si\/wp-content\/uploads\/2023\/09\/zelene-stene-400x400.jpg 400w, https:\/\/promak.si\/wp-content\/uploads\/2023\/09\/zelene-stene-100x100.jpg 100w, https:\/\/promak.si\/wp-content\/uploads\/2023\/09\/zelene-stene-900x900.jpg 900w, https:\/\/promak.si\/wp-content\/uploads\/2023\/09\/zelene-stene-300x300.jpg 300w, https:\/\/promak.si\/wp-content\/uploads\/2023\/09\/zelene-stene-1024x1024.jpg 1024w, https:\/\/promak.si\/wp-content\/uploads\/2023\/09\/zelene-stene-150x150.jpg 150w, https:\/\/promak.si\/wp-content\/uploads\/2023\/09\/zelene-stene-768x768.jpg 768w\" sizes=\"(max-width: 1200px) 100vw, 1200px\">\t\t\t\t\t\t\n\t\t\t\t\t<\/div>\n\t\t\t\t\t\t\t\t\n<style>\n#image_404391096 {\n  width: 100%;\n}\n<\/style>\n\t<\/div>\n\t\n\n\n\t\t<\/div>\n\t\t\t\t\t<\/div>\n\n\t\n\n<\/div>\n<div class=\"row align-equal\"  id=\"row-147601960\">\n\n\n\t<div id=\"col-1359863385\" class=\"col small-12 large-12\"  >\n\t\t\t\t<div class=\"col-inner\"  >\n\t\t\t\n\t\t\t\n\n\t<div id=\"text-875120914\" class=\"text zeleni-text\">\n\t\t\n\n<h2 style=\"display:inline;\"> Dojmovi<\/h2>\n<p style=\"display:inline; margin-left: 10px;\">Cjelokupna ocjena:<img decoding=\"async\" src=\"https:\/\/promak.si\/wp-content\/uploads\/2023\/09\/t.webp\" style=\"width: 75px; margin-left: 10px; \" alt=\"\"><\/> <span style=\"margin-left: 5px;\">4,5<\/p>\n\n\t\t\n<style>\n#text-875120914 {\n  font-size: 1.6rem;\n  text-align: left;\n}\n<\/style>\n\t<\/div>\n\t\n\n\t\t<\/div>\n\t\t\t\t\t<\/div>\n\n\t\n\n\t<div id=\"col-1549816808\" class=\"col medium-3 small-12 large-3\"  >\n\t\t\t\t<div class=\"col-inner\"  >\n\t\t\t\n\t<div class=\"is-border\"\n\t\tstyle=\"border-color:rgb(220, 220, 220);border-width:3px 3px 3px 3px;\">\n\t<\/div>\n\t\t\t\n\n<div class=\"row row-collapse\"  id=\"row-1337639810\">\n\n\n\t<div id=\"col-110429317\" class=\"col medium-6 small-6 large-6\"  >\n\t\t\t\t<div class=\"col-inner\"  >\n\t\t\t\n\t\t\t\n\n<h4>Lara Z.<\/h4>\n\n\t\t<\/div>\n\t\t\t\t\t<\/div>\n\n\t\n\n\t<div id=\"col-2031522820\" class=\"col medium-6 small-6 large-6\"  >\n\t\t\t\t<div class=\"col-inner text-right\"  >\n\t\t\t\n\t\t\t\n\n\t<div class=\"img has-hover x md-x lg-x y md-y lg-y\" id=\"image_218389687\">\n\t\t\t\t\t\t\t\t<div class=\"img-inner dark\" >\n\t\t\t<img decoding=\"async\" width=\"200\" height=\"32\" src=\"https:\/\/promak.si\/wp-content\/uploads\/2023\/09\/t.png.webp\" class=\"attachment-large size-large\" alt=\"\">\t\t\t\t\t\t\n\t\t\t\t\t<\/div>\n\t\t\t\t\t\t\t\t\n<style>\n#image_218389687 {\n  width: 75%;\n}\n<\/style>\n\t<\/div>\n\t\n\n\n\t\t<\/div>\n\t\t\t\t\t<\/div>\n\n\t\n\n\t<div id=\"col-195916726\" class=\"col small-12 large-12\"  >\n\t\t\t\t<div class=\"col-inner\"  >\n\t\t\t\n\t<div class=\"is-border\"\n\t\tstyle=\"border-color:rgb(220, 220, 220);border-width:3px 0px 0px 0px;\">\n\t<\/div>\n\t\t\t\n\n\t<div id=\"text-3316788068\" class=\"text\">\n\t\t\n\n<p>Odu\u0161evio me prirodni izgled umjetnog zelenog zida. Obogatio je moj interijer dodirom prirode, a ne moram brinuti oko odr\u017eavanja. Preporu\u010dujem!<\/p>\n\n\t\t\n<style>\n#text-3316788068 {\n  text-align: center;\n}\n<\/style>\n\t<\/div>\n\t\n\n\t\t<\/div>\n\t\t\t\t\n<style>\n#col-195916726 > .col-inner {\n  padding: 10px 0px 0px 0px;\n}\n<\/style>\n\t<\/div>\n\n\t\n\n<\/div>\n\n\t\t<\/div>\n\t\t\t\t\n<style>\n#col-1549816808 > .col-inner {\n  padding: 15px 15px 15px 15px;\n}\n<\/style>\n\t<\/div>\n\n\t\n\n\t<div id=\"col-1460178710\" class=\"col medium-3 small-12 large-3\"  >\n\t\t\t\t<div class=\"col-inner\"  >\n\t\t\t\n\t<div class=\"is-border\"\n\t\tstyle=\"border-color:rgb(220, 220, 220);border-width:3px 3px 3px 3px;\">\n\t<\/div>\n\t\t\t\n\n<div class=\"row row-collapse\"  id=\"row-1797831649\">\n\n\n\t<div id=\"col-745347956\" class=\"col medium-6 small-6 large-6\"  >\n\t\t\t\t<div class=\"col-inner\"  >\n\t\t\t\n\t\t\t\n\n<h4>Uro\u0161 K.<\/h4>\n\n\t\t<\/div>\n\t\t\t\t\t<\/div>\n\n\t\n\n\t<div id=\"col-1965609776\" class=\"col medium-6 small-6 large-6\"  >\n\t\t\t\t<div class=\"col-inner text-right\"  >\n\t\t\t\n\t\t\t\n\n\t<div class=\"img has-hover x md-x lg-x y md-y lg-y\" id=\"image_1414766364\">\n\t\t\t\t\t\t\t\t<div class=\"img-inner dark\" >\n\t\t\t<img decoding=\"async\" width=\"200\" height=\"34\" src=\"https:\/\/promak.si\/wp-content\/uploads\/2023\/09\/t.webp\" class=\"attachment-large size-large\" alt=\"\">\t\t\t\t\t\t\n\t\t\t\t\t<\/div>\n\t\t\t\t\t\t\t\t\n<style>\n#image_1414766364 {\n  width: 75%;\n}\n<\/style>\n\t<\/div>\n\t\n\n\n\t\t<\/div>\n\t\t\t\t\t<\/div>\n\n\t\n\n\t<div id=\"col-177690309\" class=\"col small-12 large-12\"  >\n\t\t\t\t<div class=\"col-inner\"  >\n\t\t\t\n\t<div class=\"is-border\"\n\t\tstyle=\"border-color:rgb(220, 220, 220);border-width:3px 0px 0px 0px;\">\n\t<\/div>\n\t\t\t\n\n\t<div id=\"text-4233740911\" class=\"text\">\n\t\t\n\n<p>Na po\u010detku sam bio skepti\u010dan, ali kvaliteta umjetnog zelenog zida koji sam kupio nadma\u0161ila je moja o\u010dekivanja. Teksture i boje su nevjerojatno realisti\u010dne.<\/p>\n\n\t\t\n<style>\n#text-4233740911 {\n  text-align: center;\n}\n<\/style>\n\t<\/div>\n\t\n\n\t\t<\/div>\n\t\t\t\t\n<style>\n#col-177690309 > .col-inner {\n  padding: 10px 0px 0px 0px;\n}\n<\/style>\n\t<\/div>\n\n\t\n\n<\/div>\n\n\t\t<\/div>\n\t\t\t\t\n<style>\n#col-1460178710 > .col-inner {\n  padding: 15px 15px 15px 15px;\n}\n<\/style>\n\t<\/div>\n\n\t\n\n\t<div id=\"col-242110267\" class=\"col medium-3 small-12 large-3\"  >\n\t\t\t\t<div class=\"col-inner\"  >\n\t\t\t\n\t<div class=\"is-border\"\n\t\tstyle=\"border-color:rgb(220, 220, 220);border-width:3px 3px 3px 3px;\">\n\t<\/div>\n\t\t\t\n\n<div class=\"row row-collapse\"  id=\"row-763312902\">\n\n\n\t<div id=\"col-2093224298\" class=\"col medium-6 small-6 large-6\"  >\n\t\t\t\t<div class=\"col-inner\"  >\n\t\t\t\n\t\t\t\n\n<h4>Ma\u0161a B.<\/h4>\n\n\t\t<\/div>\n\t\t\t\t\t<\/div>\n\n\t\n\n\t<div id=\"col-1666156949\" class=\"col medium-6 small-6 large-6\"  >\n\t\t\t\t<div class=\"col-inner text-right\"  >\n\t\t\t\n\t\t\t\n\n\t<div class=\"img has-hover x md-x lg-x y md-y lg-y\" id=\"image_1859607685\">\n\t\t\t\t\t\t\t\t<div class=\"img-inner dark\" >\n\t\t\t<img decoding=\"async\" width=\"200\" height=\"32\" src=\"https:\/\/promak.si\/wp-content\/uploads\/2023\/09\/t.png.webp\" class=\"attachment-large size-large\" alt=\"\">\t\t\t\t\t\t\n\t\t\t\t\t<\/div>\n\t\t\t\t\t\t\t\t\n<style>\n#image_1859607685 {\n  width: 75%;\n}\n<\/style>\n\t<\/div>\n\t\n\n\n\t\t<\/div>\n\t\t\t\t\t<\/div>\n\n\t\n\n\t<div id=\"col-926050264\" class=\"col small-12 large-12\"  >\n\t\t\t\t<div class=\"col-inner\"  >\n\t\t\t\n\t<div class=\"is-border\"\n\t\tstyle=\"border-color:rgb(220, 220, 220);border-width:3px 0px 0px 0px;\">\n\t<\/div>\n\t\t\t\n\n\t<div id=\"text-809308728\" class=\"text\">\n\t\t\n\n<p>Vrhunska kvaliteta u usporedbi s drugim zelenim zidovima, a sve po razumnoj cijeni.<br \/>\nPreporu\u010dujem kupnju.<\/p>\n\n\t\t\n<style>\n#text-809308728 {\n  text-align: center;\n}\n<\/style>\n\t<\/div>\n\t\n\n\t\t<\/div>\n\t\t\t\t\n<style>\n#col-926050264 > .col-inner {\n  padding: 10px 0px 0px 0px;\n}\n<\/style>\n\t<\/div>\n\n\t\n\n<\/div>\n\n\t\t<\/div>\n\t\t\t\t\n<style>\n#col-242110267 > .col-inner {\n  padding: 15px 15px 15px 15px;\n}\n<\/style>\n\t<\/div>\n\n\t\n\n\t<div id=\"col-95848184\" class=\"col medium-3 small-12 large-3\"  >\n\t\t\t\t<div class=\"col-inner\"  >\n\t\t\t\n\t<div class=\"is-border\"\n\t\tstyle=\"border-color:rgb(220, 220, 220);border-width:3px 3px 3px 3px;\">\n\t<\/div>\n\t\t\t\n\n<div class=\"row row-collapse\"  id=\"row-1808483609\">\n\n\n\t<div id=\"col-793161035\" class=\"col medium-6 small-6 large-6\"  >\n\t\t\t\t<div class=\"col-inner\"  >\n\t\t\t\n\t\t\t\n\n<h4>Jasna \u017d.<\/h4>\n\n\t\t<\/div>\n\t\t\t\t\t<\/div>\n\n\t\n\n\t<div id=\"col-1503456631\" class=\"col medium-6 small-6 large-6\"  >\n\t\t\t\t<div class=\"col-inner text-right\"  >\n\t\t\t\n\t\t\t\n\n\t<div class=\"img has-hover x md-x lg-x y md-y lg-y\" id=\"image_580617572\">\n\t\t\t\t\t\t\t\t<div class=\"img-inner dark\" >\n\t\t\t<img decoding=\"async\" width=\"200\" height=\"34\" src=\"https:\/\/promak.si\/wp-content\/uploads\/2023\/09\/t-1.webp\" class=\"attachment-large size-large\" alt=\"\">\t\t\t\t\t\t\n\t\t\t\t\t<\/div>\n\t\t\t\t\t\t\t\t\n<style>\n#image_580617572 {\n  width: 75%;\n}\n<\/style>\n\t<\/div>\n\t\n\n\n\t\t<\/div>\n\t\t\t\t\t<\/div>\n\n\t\n\n\t<div id=\"col-359522868\" class=\"col small-12 large-12\"  >\n\t\t\t\t<div class=\"col-inner\"  >\n\t\t\t\n\t<div class=\"is-border\"\n\t\tstyle=\"border-color:rgb(220, 220, 220);border-width:3px 0px 0px 0px;\">\n\t<\/div>\n\t\t\t\n\n\t<div id=\"text-1929089963\" class=\"text\">\n\t\t\n\n<p>Vrlo sam zadovoljna s kupnjom, ali nisam znala da mo\u017eete dodati i umjetne biljke kako bi zid izgledao puniji, pa sam morala ponovno naru\u010diti i to. No, paket je stigao vrlo brzo.<\/p>\n\n\t\t\n<style>\n#text-1929089963 {\n  text-align: center;\n}\n<\/style>\n\t<\/div>\n\t\n\n\t\t<\/div>\n\t\t\t\t\n<style>\n#col-359522868 > .col-inner {\n  padding: 10px 0px 0px 0px;\n}\n<\/style>\n\t<\/div>\n\n\t\n\n<\/div>\n\n\t\t<\/div>\n\t\t\t\t\n<style>\n#col-95848184 > .col-inner {\n  padding: 15px 15px 15px 15px;\n}\n<\/style>\n\t<\/div>\n\n\t\n\n<\/div>\n\n\n<script>jQuery('.product_cat-zelene-stene .product-gallery-slider').addClass('uv-badge uv-badge-product');<\/script>\n\n","protected":false},"excerpt":{"rendered":"<span style=\"background-color: #ed1c24; color: #ffffff; font-size: 18px; padding: 5px 10px; display: block; margin-top: -40px; margin-bottom: 20px;\">NAJJEFTINIJE U HRVATSKI<\/span>\n<p>Zeleni zid <strong>LIVING 100\u00d7100 cm<\/strong> otporan na UV zra\u010denje je izdr\u017eljiv i svestran zidni panel, pogodan za unutarnju i vanjsku upotrebu. Izra\u0111en od materijala otpornih na UV zra\u010denje, jednostavan je za postavljanje i stvara zadivljuju\u0107i zeleni zid.<\/p>\n","protected":false},"featured_media":16825,"template":"","meta":[],"product_brand":[],"product_cat":[559,554,817],"product_tag":[],"class_list":{"0":"post-11463","1":"product","2":"type-product","3":"status-publish","4":"has-post-thumbnail","6":"product_cat-zeleni-zidovi","7":"product_cat-umjetne-biljke","8":"product_cat-vanjske-umjetne-biljke","9":"pa_velikost-100cm-hr","11":"first","12":"instock","13":"sale","14":"featured","15":"taxable","16":"shipping-taxable","17":"purchasable","18":"product-type-simple"},"_links":{"self":[{"href":"https:\/\/promak.si\/hr\/wp-json\/wp\/v2\/product\/11463","targetHints":{"allow":["GET"]}}],"collection":[{"href":"https:\/\/promak.si\/hr\/wp-json\/wp\/v2\/product"}],"about":[{"href":"https:\/\/promak.si\/hr\/wp-json\/wp\/v2\/types\/product"}],"wp:featuredmedia":[{"embeddable":true,"href":"https:\/\/promak.si\/hr\/wp-json\/wp\/v2\/media\/16825"}],"wp:attachment":[{"href":"https:\/\/promak.si\/hr\/wp-json\/wp\/v2\/media?parent=11463"}],"wp:term":[{"taxonomy":"product_brand","embeddable":true,"href":"https:\/\/promak.si\/hr\/wp-json\/wp\/v2\/product_brand?post=11463"},{"taxonomy":"product_cat","embeddable":true,"href":"https:\/\/promak.si\/hr\/wp-json\/wp\/v2\/product_cat?post=11463"},{"taxonomy":"product_tag","embeddable":true,"href":"https:\/\/promak.si\/hr\/wp-json\/wp\/v2\/product_tag?post=11463"}],"curies":[{"name":"wp","href":"https:\/\/api.w.org\/{rel}","templated":true}]}}