{"id":11404,"date":"2021-10-05T10:32:44","date_gmt":"2021-10-05T08:32:44","guid":{"rendered":"https:\/\/promak.si\/trgovina\/Bez%20kategorije\/okrasni-lonec-egg-mother-of-pearl\/"},"modified":"2024-11-09T08:30:17","modified_gmt":"2024-11-09T07:30:17","slug":"okrasni-lonec-egg-mother-of-pearl","status":"publish","type":"product","link":"https:\/\/promak.si\/hr\/trgovina\/tegla-za-cvijece-egg-mother-of-pearl\/","title":{"rendered":"Tegla za cvije\u0107e egg mother of pearl"},"content":{"rendered":"<p>Prona\u0107i najljep\u0161u teglu za cvije\u0107e mo\u017ee zvu\u010dati kao izazov, no jeste li ranije promislili o materijalima od kojih su \u017eardinjere napravljene? Mi Vam toplo preporu\u010damo da razmislite o nabavci tegle za cvije\u0107e sa\u010dinjene od najprirodnijih, te sofisticiranih matrijala.<\/p>\n<p>Na\u0161 tim je do\u0161ao na ideju da \u017eardinjera bude sa\u010dinjena od \u0161koljki, te smo je nazvali \u2018Mother of Shells\u2019.<\/p>\n<p>Sam pogled na ovu teglu za cvije\u0107e doista opravdava njezin naziv, a idealan je poklon za Va\u0161u majku, sestru, \u017eenu, djevojku, ili jo\u0161 bolje baku.<\/p>\n<p>Dovoljno je visoka da u njoj mo\u017eete dr\u017eati svoje omiljene bukete, ali i posaditi ne\u0161to po vlastitoj \u017eelji. Prirodna boja bisera.<\/p>\n<hr>\n<h5>Birati mo\u017eete izme\u0111u razli\u010ditih dimenzija:<\/h5>\n<table>\n<tbody>\n<tr>\n<th>Visina<\/th>\n<th>Premer<\/th>\n<\/tr>\n<tr>\n<td>56 cm<\/td>\n<td>44 cm<\/td>\n<\/tr>\n<tr>\n<td>66 cm<\/td>\n<td>54 cm<\/td>\n<\/tr>\n<tr>\n<td>85 cm<\/td>\n<td>70 cm<\/td>\n<\/tr>\n<\/tbody>\n<\/table>\n","protected":false},"excerpt":{"rendered":"<p>Prona\u0107i najljep\u0161u teglu za cvije\u0107e mo\u017ee zvu\u010dati kao izazov, no jeste li ranije promislili o materijalima od kojih su \u017eardinjere napravljene? Mi Vam toplo preporu\u010damo da razmislite o nabavci tegle za cvije\u0107e sa\u010dinjene od najprirodnijih, te sofisticiranih matrijala. Na\u0161 tim je do\u0161ao na ideju da \u017eardinjera bude sa\u010dinjena od \u0161koljki, te smo je nazvali \u2018Mother [&#8230;]\n","protected":false},"featured_media":8468,"template":"","meta":[],"product_brand":[],"product_cat":[548,549],"product_tag":[],"class_list":{"0":"post-11404","1":"product","2":"type-product","3":"status-publish","4":"has-post-thumbnail","6":"product_cat-tegle-za-cvijece","7":"product_cat-nutranje-tegle-za-cvijece","8":"pa_barva-bijela","9":"pa_dimenzija-44x44x56cm-hr","10":"pa_dimenzija-54x54x66cm-hr","11":"pa_dimenzija-70x70x85cm-hr","12":"pa_velikost-56cm-hr","13":"pa_velikost-66cm-hr","14":"pa_velikost-85cm-hr","16":"first","17":"instock","18":"taxable","19":"shipping-taxable","20":"purchasable","21":"product-type-variable","22":"has-default-attributes"},"_links":{"self":[{"href":"https:\/\/promak.si\/hr\/wp-json\/wp\/v2\/product\/11404","targetHints":{"allow":["GET"]}}],"collection":[{"href":"https:\/\/promak.si\/hr\/wp-json\/wp\/v2\/product"}],"about":[{"href":"https:\/\/promak.si\/hr\/wp-json\/wp\/v2\/types\/product"}],"wp:featuredmedia":[{"embeddable":true,"href":"https:\/\/promak.si\/hr\/wp-json\/wp\/v2\/media\/8468"}],"wp:attachment":[{"href":"https:\/\/promak.si\/hr\/wp-json\/wp\/v2\/media?parent=11404"}],"wp:term":[{"taxonomy":"product_brand","embeddable":true,"href":"https:\/\/promak.si\/hr\/wp-json\/wp\/v2\/product_brand?post=11404"},{"taxonomy":"product_cat","embeddable":true,"href":"https:\/\/promak.si\/hr\/wp-json\/wp\/v2\/product_cat?post=11404"},{"taxonomy":"product_tag","embeddable":true,"href":"https:\/\/promak.si\/hr\/wp-json\/wp\/v2\/product_tag?post=11404"}],"curies":[{"name":"wp","href":"https:\/\/api.w.org\/{rel}","templated":true}]}}