{"id":11293,"date":"2021-10-05T10:33:05","date_gmt":"2021-10-05T08:33:05","guid":{"rendered":"https:\/\/promak.si\/trgovina\/Bez%20kategorije\/okrasni-lonec-couple-banana\/"},"modified":"2024-11-09T08:29:06","modified_gmt":"2024-11-09T07:29:06","slug":"okrasni-lonec-couple-banana","status":"publish","type":"product","link":"https:\/\/promak.si\/hr\/trgovina\/tegla-za-cvijece-couple-banana\/","title":{"rendered":"Tegla za cvije\u0107e couple banana"},"content":{"rendered":"<p>Ovalna tegla za cvije\u0107e prirodne sme\u0111e boje, napravljena je od lista banane. \u017dardinjera je idealan dodatak za Va\u0161 dom, jer \u0107e u njega unijeti smirenost te prirodnost.<\/p>\n<p>Svi znamo da se u dana\u0161nje vrijeme urbane tehnologije \u010dovijek mnogo odaljio od prirode, te je na\u0161a misija bila da to najzad promjenimo. Uistinu, \u017eardinjera za cvije\u0107e se pokazala kao idealan odabir za postizanje takvog u\u010dinka!<\/p>\n<p>Iako zvu\u010di previ\u0161e jednostavno, mi Vas uvjeravamo da probate unijeti mir, ljepotu, te prirodnost u Va\u0161 dom sa ovom teglom za cvije\u0107e. Ona odi\u0161e \u017eivotom, a Vi \u0107ete Va\u0161em cvije\u0107u podariti novi, prekrasan dom o kakvom svatko samo mo\u017ee sanjati.<\/p>\n<hr>\n<h5>Birati mo\u017eete izme\u0111u razli\u010ditih dimenzija:<\/h5>\n<table>\n<tbody>\n<tr>\n<th>Visina<\/th>\n<th>Premer<\/th>\n<\/tr>\n<tr>\n<td>37 cm<\/td>\n<td>41 cm<\/td>\n<\/tr>\n<tr>\n<td>47 cm<\/td>\n<td>53 cm<\/td>\n<\/tr>\n<tr>\n<td>62 cm<\/td>\n<td>70 cm<\/td>\n<\/tr>\n<\/tbody>\n<\/table>\n","protected":false},"excerpt":{"rendered":"<p>Ovalna tegla za cvije\u0107e prirodne sme\u0111e boje, napravljena je od lista banane. \u017dardinjera je idealan dodatak za Va\u0161 dom, jer \u0107e u njega unijeti smirenost te prirodnost. Svi znamo da se u dana\u0161nje vrijeme urbane tehnologije \u010dovijek mnogo odaljio od prirode, te je na\u0161a misija bila da to najzad promjenimo. Uistinu, \u017eardinjera za cvije\u0107e se [&#8230;]\n","protected":false},"featured_media":8452,"template":"","meta":[],"product_brand":[],"product_cat":[548,549],"product_tag":[],"class_list":{"0":"post-11293","1":"product","2":"type-product","3":"status-publish","4":"has-post-thumbnail","6":"product_cat-tegle-za-cvijece","7":"product_cat-nutranje-tegle-za-cvijece","8":"pa_barva-smeda","9":"pa_dimenzija-41x41x37cm-hr","10":"pa_dimenzija-53x53x47cm-hr","11":"pa_dimenzija-70x70x62cm-hr","12":"pa_velikost-37cm-hr","13":"pa_velikost-47cm-hr","14":"pa_velikost-62cm-hr","16":"first","17":"instock","18":"taxable","19":"shipping-taxable","20":"purchasable","21":"product-type-variable","22":"has-default-attributes"},"_links":{"self":[{"href":"https:\/\/promak.si\/hr\/wp-json\/wp\/v2\/product\/11293","targetHints":{"allow":["GET"]}}],"collection":[{"href":"https:\/\/promak.si\/hr\/wp-json\/wp\/v2\/product"}],"about":[{"href":"https:\/\/promak.si\/hr\/wp-json\/wp\/v2\/types\/product"}],"wp:featuredmedia":[{"embeddable":true,"href":"https:\/\/promak.si\/hr\/wp-json\/wp\/v2\/media\/8452"}],"wp:attachment":[{"href":"https:\/\/promak.si\/hr\/wp-json\/wp\/v2\/media?parent=11293"}],"wp:term":[{"taxonomy":"product_brand","embeddable":true,"href":"https:\/\/promak.si\/hr\/wp-json\/wp\/v2\/product_brand?post=11293"},{"taxonomy":"product_cat","embeddable":true,"href":"https:\/\/promak.si\/hr\/wp-json\/wp\/v2\/product_cat?post=11293"},{"taxonomy":"product_tag","embeddable":true,"href":"https:\/\/promak.si\/hr\/wp-json\/wp\/v2\/product_tag?post=11293"}],"curies":[{"name":"wp","href":"https:\/\/api.w.org\/{rel}","templated":true}]}}