{"id":11287,"date":"2021-10-31T13:19:52","date_gmt":"2021-10-31T12:19:52","guid":{"rendered":"https:\/\/promak.si\/trgovina\/Bez%20kategorije\/cvetlicni-lonec-black-partner-bea\/"},"modified":"2024-11-09T08:28:25","modified_gmt":"2024-11-09T07:28:25","slug":"cvetlicni-lonec-black-partner-bea","status":"publish","type":"product","link":"https:\/\/promak.si\/hr\/trgovina\/tegla-za-cvijece-black-partner-bea\/","title":{"rendered":"Tegla za cvije\u0107e black partner bea"},"content":{"rendered":"<p>U potrazi ste za idealnom veli\u010dinom i visinom tegle za cvije\u0107e? \u017delite ne\u0161to jednostavno, a opet potpuno druk\u010dije? Na\u0161a \u017eardinjera crne boje sa rebrima, polu-visokog gabarita je idealna kao budu\u0107i dom za svaki cvijet. Predla\u017eemo da probate gajiti i za\u010dinsko bilje u ovoj prekrasnoj kerami\u010dkoj tegli za cvije\u0107e koja je tako\u0111er zastakljena.<\/p>\n<p>Detalji na \u017eardinjeri dodaju na sofisticiranosti, tako da ne mo\u017eete pogrije\u0161iti sa ovim odabirom. Razni vremenski uvijeti ne mogu nanijeti \u0161tetu Va\u0161em novom domu za cvije\u0107e, tako da je odabir na Vama \u017eelite li ju koristiti unutra ili van.<\/p>\n<p>Idealna je i kao poklon, jer je tako univerzalna, a opet druk\u010dija!<\/p>\n<hr>\n<h5>Birati mo\u017eete izme\u0111u razli\u010ditih dimenzija:<\/h5>\n<table>\n<tbody>\n<tr>\n<th>Visina<\/th>\n<th>Premer<\/th>\n<\/tr>\n<tr>\n<td>77 cm<\/td>\n<td>44 cm<\/td>\n<\/tr>\n<tr>\n<td>97 cm<\/td>\n<td>57 cm<\/td>\n<\/tr>\n<\/tbody>\n<\/table>\n","protected":false},"excerpt":{"rendered":"<p>U potrazi ste za idealnom veli\u010dinom i visinom tegle za cvije\u0107e? \u017delite ne\u0161to jednostavno, a opet potpuno druk\u010dije? Na\u0161a \u017eardinjera crne boje sa rebrima, polu-visokog gabarita je idealna kao budu\u0107i dom za svaki cvijet. Predla\u017eemo da probate gajiti i za\u010dinsko bilje u ovoj prekrasnoj kerami\u010dkoj tegli za cvije\u0107e koja je tako\u0111er zastakljena. Detalji na \u017eardinjeri [&#8230;]\n","protected":false},"featured_media":8490,"template":"","meta":[],"product_brand":[],"product_cat":[548,549,550],"product_tag":[],"class_list":{"0":"post-11287","1":"product","2":"type-product","3":"status-publish","4":"has-post-thumbnail","6":"product_cat-tegle-za-cvijece","7":"product_cat-nutranje-tegle-za-cvijece","8":"product_cat-vanjske-tegle-za-cvijece","9":"pa_barva-crna-hr","10":"pa_dimenzija-44x44x77cm-hr","11":"pa_dimenzija-57x57x97cm-hr","12":"pa_velikost-77cm-hr","13":"pa_velikost-97cm-hr","15":"first","16":"instock","17":"taxable","18":"shipping-taxable","19":"purchasable","20":"product-type-variable","21":"has-default-attributes"},"_links":{"self":[{"href":"https:\/\/promak.si\/hr\/wp-json\/wp\/v2\/product\/11287","targetHints":{"allow":["GET"]}}],"collection":[{"href":"https:\/\/promak.si\/hr\/wp-json\/wp\/v2\/product"}],"about":[{"href":"https:\/\/promak.si\/hr\/wp-json\/wp\/v2\/types\/product"}],"wp:featuredmedia":[{"embeddable":true,"href":"https:\/\/promak.si\/hr\/wp-json\/wp\/v2\/media\/8490"}],"wp:attachment":[{"href":"https:\/\/promak.si\/hr\/wp-json\/wp\/v2\/media?parent=11287"}],"wp:term":[{"taxonomy":"product_brand","embeddable":true,"href":"https:\/\/promak.si\/hr\/wp-json\/wp\/v2\/product_brand?post=11287"},{"taxonomy":"product_cat","embeddable":true,"href":"https:\/\/promak.si\/hr\/wp-json\/wp\/v2\/product_cat?post=11287"},{"taxonomy":"product_tag","embeddable":true,"href":"https:\/\/promak.si\/hr\/wp-json\/wp\/v2\/product_tag?post=11287"}],"curies":[{"name":"wp","href":"https:\/\/api.w.org\/{rel}","templated":true}]}}