{"id":11263,"date":"2021-10-31T13:19:56","date_gmt":"2021-10-31T12:19:56","guid":{"rendered":"https:\/\/promak.si\/trgovina\/Bez%20kategorije\/korito-za-roze-cube-black\/"},"modified":"2024-11-09T08:28:12","modified_gmt":"2024-11-09T07:28:12","slug":"korito-za-roze-cube-black","status":"publish","type":"product","link":"https:\/\/promak.si\/hr\/trgovina\/zardinjera-cube-black\/","title":{"rendered":"\u017dardinjera cube black"},"content":{"rendered":"<p>Jednostavna efektna matirana crna \u017eardinjera idealan je izbor za Vas i Va\u0161 dom. Savremeni dizajn je upravo ono \u0161to krasi 21.vek, zato se ne li\u0161avajte da na potpuno jednostavan na\u010din ukrasite Va\u0161 dom.<\/p>\n<p>Tegla za cvije\u0107e koja prati mladala\u010dke trendove je savr\u0161en izbor ukoliko se useljavate u novi stan, ili kao poklon bra\u010dnim parovima za vjen\u010danje.<\/p>\n<p>\u017dardinjera je napravljena od otpornog materijala, poznatog kao \u2018fiberglass\u2019. Testiran je na otpornost, te mo\u017ee izdr\u017eati i vanjske vremenske uvjete.<\/p>\n<p>Tegle za cvije\u0107e osvajaju srca ljudi \u0161irom svijeta. Ho\u0107e li ova biti idealna za Vas?<br \/>\nNa\u0161a preporuka je da ju kombinirate sa bijelo-crnim prostorima.<\/p>\n<hr>\n<h5>Birati mo\u017eete izme\u0111u razli\u010ditih dimenzija:<\/h5>\n<table>\n<tbody>\n<tr>\n<th>Du\u017eina<\/th>\n<th>\u0160irina<\/th>\n<th>Visina<\/th>\n<\/tr>\n<tr>\n<td>30 cm<\/td>\n<td>30 cm<\/td>\n<td>30 cm<\/td>\n<\/tr>\n<tr>\n<td>40 cm<\/td>\n<td>40 cm<\/td>\n<td>40 cm<\/td>\n<\/tr>\n<tr>\n<td>50 cm<\/td>\n<td>50 cm<\/td>\n<td>50 cm<\/td>\n<\/tr>\n<tr>\n<td>60 cm<\/td>\n<td>60 cm<\/td>\n<td>60 cm<\/td>\n<\/tr>\n<\/tbody>\n<\/table>\n","protected":false},"excerpt":{"rendered":"<p>Jednostavna efektna matirana crna \u017eardinjera idealan je izbor za Vas i Va\u0161 dom. Savremeni dizajn je upravo ono \u0161to krasi 21.vek, zato se ne li\u0161avajte da na potpuno jednostavan na\u010din ukrasite Va\u0161 dom. Tegla za cvije\u0107e koja prati mladala\u010dke trendove je savr\u0161en izbor ukoliko se useljavate u novi stan, ili kao poklon bra\u010dnim parovima za [&#8230;]\n","protected":false},"featured_media":8462,"template":"","meta":[],"product_brand":[],"product_cat":[548,549,550],"product_tag":[],"class_list":{"0":"post-11263","1":"product","2":"type-product","3":"status-publish","4":"has-post-thumbnail","6":"product_cat-tegle-za-cvijece","7":"product_cat-nutranje-tegle-za-cvijece","8":"product_cat-vanjske-tegle-za-cvijece","9":"pa_barva-crna-hr","10":"pa_dimenzija-30x30x30cm-hr","11":"pa_dimenzija-40x40x40cm-hr","12":"pa_dimenzija-50x50x50cm-hr","13":"pa_dimenzija-60x60x60cm-hr","14":"pa_velikost-30cm-hr","15":"pa_velikost-40cm-hr","16":"pa_velikost-50cm-hr","17":"pa_velikost-60cm-hr","19":"first","20":"instock","21":"taxable","22":"shipping-taxable","23":"purchasable","24":"product-type-variable","25":"has-default-attributes"},"_links":{"self":[{"href":"https:\/\/promak.si\/hr\/wp-json\/wp\/v2\/product\/11263","targetHints":{"allow":["GET"]}}],"collection":[{"href":"https:\/\/promak.si\/hr\/wp-json\/wp\/v2\/product"}],"about":[{"href":"https:\/\/promak.si\/hr\/wp-json\/wp\/v2\/types\/product"}],"wp:featuredmedia":[{"embeddable":true,"href":"https:\/\/promak.si\/hr\/wp-json\/wp\/v2\/media\/8462"}],"wp:attachment":[{"href":"https:\/\/promak.si\/hr\/wp-json\/wp\/v2\/media?parent=11263"}],"wp:term":[{"taxonomy":"product_brand","embeddable":true,"href":"https:\/\/promak.si\/hr\/wp-json\/wp\/v2\/product_brand?post=11263"},{"taxonomy":"product_cat","embeddable":true,"href":"https:\/\/promak.si\/hr\/wp-json\/wp\/v2\/product_cat?post=11263"},{"taxonomy":"product_tag","embeddable":true,"href":"https:\/\/promak.si\/hr\/wp-json\/wp\/v2\/product_tag?post=11263"}],"curies":[{"name":"wp","href":"https:\/\/api.w.org\/{rel}","templated":true}]}}