{"id":11250,"date":"2021-10-31T13:19:56","date_gmt":"2021-10-31T12:19:56","guid":{"rendered":"https:\/\/promak.si\/trgovina\/Bez%20kategorije\/okrasni-lonec-boat-smooth-black\/"},"modified":"2024-11-09T08:28:19","modified_gmt":"2024-11-09T07:28:19","slug":"okrasni-lonec-boat-smooth-black","status":"publish","type":"product","link":"https:\/\/promak.si\/hr\/trgovina\/tegla-za-cvijece-boat-smooth-black\/","title":{"rendered":"Tegla za cvije\u0107e boat smooth black"},"content":{"rendered":"<p>Razmi\u0161ljate o ideji obnove vlastitog prostora? Niste voljni ulo\u017eiti mnogo energije i truda u to? Je li to doista nephodno? Zapravo i nije! Predstavljamo Vam na\u0161u novu \u017eardinjeru koja je idealan odabir za sve ljubitelje cvije\u0107a, Razmijeli smo da na\u0161i klijenti \u017eele ne\u0161to novo, izdr\u017eljivo, ne\u0161to \u0161to mo\u017ee izdr\u017eati kako vanjske nepgodne nepogode, tako i unutarnje \u2018neidealne\u2019 uvjete za gajenje cvije\u0107a.<\/p>\n<p>Rije\u0161enje? Mi ga imamo! \u017dardinjera modernog oblika crne minimalisti\u010dke boje napravljena je od kombinacije stakla i plastike.<\/p>\n<p>Ova tegla za cvije\u0107e ispuni\u0107e Va\u0161 dom potpuno novom energijom, te pru\u017eiti Va\u0161im omiljenim biljkama optimalan razvoj.<\/p>\n<p>Tegle za cvije\u0107e mijenjaju \u017eivot Va\u0161eg bilja na bolje!<\/p>\n<hr>\n<h5>Birati mo\u017eete izme\u0111u razli\u010ditih dimenzija:<\/h5>\n<table>\n<tbody>\n<tr>\n<th>Du\u017eina<\/th>\n<th>\u0160irina<\/th>\n<th>Visina<\/th>\n<\/tr>\n<tr>\n<td>46 cm<\/td>\n<td>10 cm<\/td>\n<td>13 cm<\/td>\n<\/tr>\n<tr>\n<td>69 cm<\/td>\n<td>33 cm<\/td>\n<td>20 cm<\/td>\n<\/tr>\n<tr>\n<td>90 cm<\/td>\n<td>39 cm<\/td>\n<td>35 cm<\/td>\n<\/tr>\n<\/tbody>\n<\/table>\n","protected":false},"excerpt":{"rendered":"<p>Razmi\u0161ljate o ideji obnove vlastitog prostora? Niste voljni ulo\u017eiti mnogo energije i truda u to? Je li to doista nephodno? Zapravo i nije! Predstavljamo Vam na\u0161u novu \u017eardinjeru koja je idealan odabir za sve ljubitelje cvije\u0107a, Razmijeli smo da na\u0161i klijenti \u017eele ne\u0161to novo, izdr\u017eljivo, ne\u0161to \u0161to mo\u017ee izdr\u017eati kako vanjske nepgodne nepogode, tako i [&#8230;]\n","protected":false},"featured_media":8441,"template":"","meta":[],"product_brand":[],"product_cat":[548,549,550],"product_tag":[],"class_list":{"0":"post-11250","1":"product","2":"type-product","3":"status-publish","4":"has-post-thumbnail","6":"product_cat-tegle-za-cvijece","7":"product_cat-nutranje-tegle-za-cvijece","8":"product_cat-vanjske-tegle-za-cvijece","9":"pa_barva-crna-hr","10":"pa_dimenzija-46x10x13cm-hr","11":"pa_dimenzija-69x33x20cm-hr","12":"pa_dimenzija-90x39x35cm-hr","13":"pa_velikost-13cm-hr","14":"pa_velikost-20cm-hr","15":"pa_velikost-35cm-hr","17":"first","18":"instock","19":"taxable","20":"shipping-taxable","21":"purchasable","22":"product-type-variable","23":"has-default-attributes"},"_links":{"self":[{"href":"https:\/\/promak.si\/hr\/wp-json\/wp\/v2\/product\/11250","targetHints":{"allow":["GET"]}}],"collection":[{"href":"https:\/\/promak.si\/hr\/wp-json\/wp\/v2\/product"}],"about":[{"href":"https:\/\/promak.si\/hr\/wp-json\/wp\/v2\/types\/product"}],"wp:featuredmedia":[{"embeddable":true,"href":"https:\/\/promak.si\/hr\/wp-json\/wp\/v2\/media\/8441"}],"wp:attachment":[{"href":"https:\/\/promak.si\/hr\/wp-json\/wp\/v2\/media?parent=11250"}],"wp:term":[{"taxonomy":"product_brand","embeddable":true,"href":"https:\/\/promak.si\/hr\/wp-json\/wp\/v2\/product_brand?post=11250"},{"taxonomy":"product_cat","embeddable":true,"href":"https:\/\/promak.si\/hr\/wp-json\/wp\/v2\/product_cat?post=11250"},{"taxonomy":"product_tag","embeddable":true,"href":"https:\/\/promak.si\/hr\/wp-json\/wp\/v2\/product_tag?post=11250"}],"curies":[{"name":"wp","href":"https:\/\/api.w.org\/{rel}","templated":true}]}}