{"id":11244,"date":"2021-10-31T13:19:58","date_gmt":"2021-10-31T12:19:58","guid":{"rendered":"https:\/\/promak.si\/trgovina\/Bez%20kategorije\/korito-za-roze-cube-concrete\/"},"modified":"2024-11-09T08:28:04","modified_gmt":"2024-11-09T07:28:04","slug":"korito-za-roze-cube-concrete","status":"publish","type":"product","link":"https:\/\/promak.si\/hr\/trgovina\/zardinjera-cube-concrete\/","title":{"rendered":"\u017dardinjera cube concrete"},"content":{"rendered":"<p>Specijalno dizajnirana tegla za cvije\u0107e u modernom stilu \u0107e odu\u0161eviti sve ljubitelje cvije\u0107a, dizajnere, ali i one koji \u017eele u\u010diniti svoj prostor lijep\u0161im i modernijim.<\/p>\n<p>Ulo\u017eili smo mnogo truda kako bismo napravili ovu Fiberglass jedinstvenu \u017eardinjeru, te smo sigurni da \u0107e Va\u0161a obitelj oplemeniti svoj prostor na ovaj moderan, efektivan na\u010din.<\/p>\n<p>Mo\u017eete koristiti ovu teglu za cvije\u0107e unutra i vani, a na\u0161 prijedlog bi bio balkon, vrt, te hol Va\u0161eg doma.<\/p>\n<p>\u017dardinjera je pogodna za kombiniranje sa novijim stilovima dizajna i enterijera, ali Vam ostavljamo prostora da i sami malo eksperimentirate i poslo\u017eite svoj prostor na na\u010din koji Vas najvi\u0161e ispunjava.<\/p>\n<hr>\n<h5>Birati mo\u017eete izme\u0111u razli\u010ditih dimenzija:<\/h5>\n<table>\n<tbody>\n<tr>\n<th>Du\u017eina<\/th>\n<th>\u0160irina<\/th>\n<th>Visina<\/th>\n<\/tr>\n<tr>\n<td>30 cm<\/td>\n<td>30 cm<\/td>\n<td>30 cm<\/td>\n<\/tr>\n<tr>\n<td>40 cm<\/td>\n<td>40 cm<\/td>\n<td>40 cm<\/td>\n<\/tr>\n<tr>\n<td>50 cm<\/td>\n<td>50 cm<\/td>\n<td>50 cm<\/td>\n<\/tr>\n<tr>\n<td>60 cm<\/td>\n<td>60 cm<\/td>\n<td>60 cm<\/td>\n<\/tr>\n<\/tbody>\n<\/table>\n","protected":false},"excerpt":{"rendered":"<p>Specijalno dizajnirana tegla za cvije\u0107e u modernom stilu \u0107e odu\u0161eviti sve ljubitelje cvije\u0107a, dizajnere, ali i one koji \u017eele u\u010diniti svoj prostor lijep\u0161im i modernijim. Ulo\u017eili smo mnogo truda kako bismo napravili ovu Fiberglass jedinstvenu \u017eardinjeru, te smo sigurni da \u0107e Va\u0161a obitelj oplemeniti svoj prostor na ovaj moderan, efektivan na\u010din. Mo\u017eete koristiti ovu teglu [&#8230;]\n","protected":false},"featured_media":8463,"template":"","meta":[],"product_brand":[],"product_cat":[548,549,550],"product_tag":[],"class_list":{"0":"post-11244","1":"product","2":"type-product","3":"status-publish","4":"has-post-thumbnail","6":"product_cat-tegle-za-cvijece","7":"product_cat-nutranje-tegle-za-cvijece","8":"product_cat-vanjske-tegle-za-cvijece","9":"pa_barva-beton-hr","10":"pa_dimenzija-30x30x30cm-hr","11":"pa_dimenzija-40x40x40cm-hr","12":"pa_dimenzija-50x50x50cm-hr","13":"pa_dimenzija-60x60x60cm-hr","14":"pa_velikost-30cm-hr","15":"pa_velikost-40cm-hr","16":"pa_velikost-50cm-hr","17":"pa_velikost-60cm-hr","19":"first","20":"instock","21":"taxable","22":"shipping-taxable","23":"purchasable","24":"product-type-variable","25":"has-default-attributes"},"_links":{"self":[{"href":"https:\/\/promak.si\/hr\/wp-json\/wp\/v2\/product\/11244","targetHints":{"allow":["GET"]}}],"collection":[{"href":"https:\/\/promak.si\/hr\/wp-json\/wp\/v2\/product"}],"about":[{"href":"https:\/\/promak.si\/hr\/wp-json\/wp\/v2\/types\/product"}],"wp:featuredmedia":[{"embeddable":true,"href":"https:\/\/promak.si\/hr\/wp-json\/wp\/v2\/media\/8463"}],"wp:attachment":[{"href":"https:\/\/promak.si\/hr\/wp-json\/wp\/v2\/media?parent=11244"}],"wp:term":[{"taxonomy":"product_brand","embeddable":true,"href":"https:\/\/promak.si\/hr\/wp-json\/wp\/v2\/product_brand?post=11244"},{"taxonomy":"product_cat","embeddable":true,"href":"https:\/\/promak.si\/hr\/wp-json\/wp\/v2\/product_cat?post=11244"},{"taxonomy":"product_tag","embeddable":true,"href":"https:\/\/promak.si\/hr\/wp-json\/wp\/v2\/product_tag?post=11244"}],"curies":[{"name":"wp","href":"https:\/\/api.w.org\/{rel}","templated":true}]}}