{"id":11196,"date":"2021-10-31T13:20:08","date_gmt":"2021-10-31T12:20:08","guid":{"rendered":"https:\/\/promak.si\/trgovina\/Bez%20kategorije\/cvetlicni-lonec-partner-concrete\/"},"modified":"2024-11-09T08:27:38","modified_gmt":"2024-11-09T07:27:38","slug":"cvetlicni-lonec-partner-concrete","status":"publish","type":"product","link":"https:\/\/promak.si\/hr\/trgovina\/tegla-za-cvijece-partner-concrete\/","title":{"rendered":"Tegla za cvije\u0107e partner concrete"},"content":{"rendered":"<p>\u017dardinjera sa\u010dinjena od mermeno sive boje dolazi od kombinacije stakla i plastike. Ovakva vrsta matrijala omogu\u0107ava trajnost i izdr\u017eljivost proizvoda.<\/p>\n<p>Tegla za cvije\u0107e je dovoljno visoka da \u2018udomi\u2019 svaki buket cvije\u0107a koji Vam je poklonila draga osoba.<\/p>\n<p>U potrazi ste za \u017eardinjerom koja \u0107e upotpuniti Va\u0161 stol? Ni\u0161ta lak\u0161e! Ova tegla za cvije\u0107e je toliko univerzalna da se uklapa svugdje, a opet unosi dozu misti\u010dnosti i druk\u010dijeg stila u Va\u0161 voljeni dom.<\/p>\n<p>Siva boja se idealno kombinira uz ljubi\u010daste nijanse, ali i sve vrste minimalisti\u010dkih stilova.<\/p>\n<p>Iznenadite svoje poslovne kolege sa ovim idealnim poklonom i iska\u017eite svoje po\u0161tovanje na profinjen na\u010din.<\/p>\n<hr>\n<h5>Birati mo\u017eete izme\u0111u razli\u010ditih dimenzija:<\/h5>\n<table>\n<tbody>\n<tr>\n<th>Visina<\/th>\n<th>Premer<\/th>\n<\/tr>\n<tr>\n<td>80 cm<\/td>\n<td>37 cm<\/td>\n<\/tr>\n<tr>\n<td>100 cm<\/td>\n<td>47 cm<\/td>\n<\/tr>\n<\/tbody>\n<\/table>\n","protected":false},"excerpt":{"rendered":"<p>\u017dardinjera sa\u010dinjena od mermeno sive boje dolazi od kombinacije stakla i plastike. Ovakva vrsta matrijala omogu\u0107ava trajnost i izdr\u017eljivost proizvoda. Tegla za cvije\u0107e je dovoljno visoka da \u2018udomi\u2019 svaki buket cvije\u0107a koji Vam je poklonila draga osoba. U potrazi ste za \u017eardinjerom koja \u0107e upotpuniti Va\u0161 stol? Ni\u0161ta lak\u0161e! Ova tegla za cvije\u0107e je toliko [&#8230;]\n","protected":false},"featured_media":8494,"template":"","meta":[],"product_brand":[],"product_cat":[548,549,550],"product_tag":[],"class_list":{"0":"post-11196","1":"product","2":"type-product","3":"status-publish","4":"has-post-thumbnail","6":"product_cat-tegle-za-cvijece","7":"product_cat-nutranje-tegle-za-cvijece","8":"product_cat-vanjske-tegle-za-cvijece","9":"pa_barva-beton-hr","10":"pa_dimenzija-37x37x80cm-hr","11":"pa_dimenzija-47x47x100cm-hr","12":"pa_velikost-100cm-hr","13":"pa_velikost-80cm-hr","15":"first","16":"instock","17":"taxable","18":"shipping-taxable","19":"purchasable","20":"product-type-variable","21":"has-default-attributes"},"_links":{"self":[{"href":"https:\/\/promak.si\/hr\/wp-json\/wp\/v2\/product\/11196","targetHints":{"allow":["GET"]}}],"collection":[{"href":"https:\/\/promak.si\/hr\/wp-json\/wp\/v2\/product"}],"about":[{"href":"https:\/\/promak.si\/hr\/wp-json\/wp\/v2\/types\/product"}],"wp:featuredmedia":[{"embeddable":true,"href":"https:\/\/promak.si\/hr\/wp-json\/wp\/v2\/media\/8494"}],"wp:attachment":[{"href":"https:\/\/promak.si\/hr\/wp-json\/wp\/v2\/media?parent=11196"}],"wp:term":[{"taxonomy":"product_brand","embeddable":true,"href":"https:\/\/promak.si\/hr\/wp-json\/wp\/v2\/product_brand?post=11196"},{"taxonomy":"product_cat","embeddable":true,"href":"https:\/\/promak.si\/hr\/wp-json\/wp\/v2\/product_cat?post=11196"},{"taxonomy":"product_tag","embeddable":true,"href":"https:\/\/promak.si\/hr\/wp-json\/wp\/v2\/product_tag?post=11196"}],"curies":[{"name":"wp","href":"https:\/\/api.w.org\/{rel}","templated":true}]}}