{"id":11166,"date":"2021-10-31T13:20:14","date_gmt":"2021-10-31T12:20:14","guid":{"rendered":"https:\/\/promak.si\/trgovina\/Bez%20kategorije\/okrasni-lonec-boat-smooth-natural\/"},"modified":"2024-11-09T08:27:23","modified_gmt":"2024-11-09T07:27:23","slug":"okrasni-lonec-boat-smooth-natural","status":"publish","type":"product","link":"https:\/\/promak.si\/hr\/trgovina\/okrasni-lonec-boat-smooth-natural\/","title":{"rendered":"Tegla za cvije\u0107e boat smooth natural"},"content":{"rendered":"<p>Glazirana plastika je sve vi\u0161e u trendu upravo zbog svoje izd\u017eljivosti i \u0161iroke primene u proizvodnji. No, kada se kombinira sa prefinjenim stilpvima izrade \u017eardinjera, njezin potpuni benefit tek tada dolazi do izra\u017eaja.<\/p>\n<p>Tegle za cvije\u0107e su oduvijek mamile uzdahe ku\u0107anica, i ne samo njih. Stoga, mi smo odlu\u010dili napraviti ne\u0161to poptuno novo! Kombinirali smo savremen dizajn sa izdr\u017eljivom tehnikom pogodnom za unutarnje i vanjske uvjete.<\/p>\n<p>Ova tegla za cvije\u0107e je idealnog oblika za Va\u0161e najdra\u017ee cvjetove kojima \u017eelite podariti najljep\u0161i. Tegle za cvije\u0107e su napravljene sa idejom da upotpune Va\u0161 dom, unesu dodatnu ljubav u njega, te razvesele Va\u0161e najmilije!<\/p>\n<hr>\n<h5>Birati mo\u017eete izme\u0111u razli\u010ditih dimenzija:<\/h5>\n<table>\n<tbody>\n<tr>\n<th>Du\u017eina<\/th>\n<th>\u0160irina<\/th>\n<th>Visina<\/th>\n<\/tr>\n<tr>\n<td>46 cm<\/td>\n<td>10 cm<\/td>\n<td>13 cm<\/td>\n<\/tr>\n<tr>\n<td>69 cm<\/td>\n<td>33 cm<\/td>\n<td>20 cm<\/td>\n<\/tr>\n<tr>\n<td>90 cm<\/td>\n<td>39 cm<\/td>\n<td>35 cm<\/td>\n<\/tr>\n<\/tbody>\n<\/table>\n","protected":false},"excerpt":{"rendered":"<p>Glazirana plastika je sve vi\u0161e u trendu upravo zbog svoje izd\u017eljivosti i \u0161iroke primene u proizvodnji. No, kada se kombinira sa prefinjenim stilpvima izrade \u017eardinjera, njezin potpuni benefit tek tada dolazi do izra\u017eaja. Tegle za cvije\u0107e su oduvijek mamile uzdahe ku\u0107anica, i ne samo njih. Stoga, mi smo odlu\u010dili napraviti ne\u0161to poptuno novo! Kombinirali smo [&#8230;]\n","protected":false},"featured_media":8442,"template":"","meta":[],"product_brand":[],"product_cat":[548,549,550],"product_tag":[],"class_list":{"0":"post-11166","1":"product","2":"type-product","3":"status-publish","4":"has-post-thumbnail","6":"product_cat-tegle-za-cvijece","7":"product_cat-nutranje-tegle-za-cvijece","8":"product_cat-vanjske-tegle-za-cvijece","9":"pa_barva-natur-hr","10":"pa_dimenzija-46x10x13cm-hr","11":"pa_dimenzija-69x33x20cm-hr","12":"pa_dimenzija-90x39x35cm-hr","13":"pa_velikost-13cm-hr","14":"pa_velikost-20cm-hr","15":"pa_velikost-35cm-hr","17":"first","18":"instock","19":"taxable","20":"shipping-taxable","21":"purchasable","22":"product-type-variable","23":"has-default-attributes"},"_links":{"self":[{"href":"https:\/\/promak.si\/hr\/wp-json\/wp\/v2\/product\/11166","targetHints":{"allow":["GET"]}}],"collection":[{"href":"https:\/\/promak.si\/hr\/wp-json\/wp\/v2\/product"}],"about":[{"href":"https:\/\/promak.si\/hr\/wp-json\/wp\/v2\/types\/product"}],"wp:featuredmedia":[{"embeddable":true,"href":"https:\/\/promak.si\/hr\/wp-json\/wp\/v2\/media\/8442"}],"wp:attachment":[{"href":"https:\/\/promak.si\/hr\/wp-json\/wp\/v2\/media?parent=11166"}],"wp:term":[{"taxonomy":"product_brand","embeddable":true,"href":"https:\/\/promak.si\/hr\/wp-json\/wp\/v2\/product_brand?post=11166"},{"taxonomy":"product_cat","embeddable":true,"href":"https:\/\/promak.si\/hr\/wp-json\/wp\/v2\/product_cat?post=11166"},{"taxonomy":"product_tag","embeddable":true,"href":"https:\/\/promak.si\/hr\/wp-json\/wp\/v2\/product_tag?post=11166"}],"curies":[{"name":"wp","href":"https:\/\/api.w.org\/{rel}","templated":true}]}}