{"id":10422,"date":"2022-09-30T15:20:15","date_gmt":"2022-09-30T13:20:15","guid":{"rendered":"https:\/\/promak.si\/trgovina\/Bez%20kategorije\/bozicno-drvce-planja\/"},"modified":"2024-11-25T11:00:12","modified_gmt":"2024-11-25T10:00:12","slug":"bozicno-drvce-planja","status":"publish","type":"product","link":"https:\/\/promak.si\/hr\/trgovina\/bozicno-drvce-planja\/","title":{"rendered":"Bo\u017ei\u0107no drvce planja"},"content":{"rendered":"<h3>Opis drvca<\/h3>\n<p>Usko elegantno bo\u017ei\u0107no drvce vrlo lijepog oblika.<\/p>\n<p>Kombinacija flockiranih PE i PVC gran\u010dica. Uredno flockirani vrhovi gran\u010dica.<\/p>\n<p>Snijeg je vrlo izdr\u017eljiv \u0161to omogu\u0107uje da drvce izgleda savr\u0161eno dugi niz godina.<\/p>\n<p>Na unutarnjem prostoru blizu drveta gran\u010dice su izra\u0111ene od izdr\u017eljivog PVC-a, \u0161to stablu daje potpunu puno\u0107u.<\/p>\n<p>Vanjski vrhovi su izra\u0111eni od PE. Ovi vrhovi su najvidljiviji i imaju vrlo prirodan izgled.<\/p>\n<p>\u0160to se ti\u010de cijene, PLANJA je jeftinija zbog kombinacije PVC i PE materijala.<\/p>\n<hr>\n<h3>Materijal<\/h3>\n<p>PE + PVC materijal.<\/p>\n<hr>\n<h3>Veli\u010dina<\/h3>\n<p>Mo\u017eete birati izme\u0111u sljede\u0107ih veli\u010dina:<\/p>\n<table style=\"width: 100%;\">\n<tbody>\n<tr>\n<th>Naziv<\/th>\n<th>Visina<\/th>\n<th>\u0160irina<\/th>\n<\/tr>\n<tr>\n<td>PLANJA 180<\/td>\n<td>180cm<\/td>\n<td>80cm<\/td>\n<\/tr>\n<tr>\n<td>PLANJA 210<\/td>\n<td>210cm<\/td>\n<td>90cm<\/td>\n<\/tr>\n<tr>\n<td>PLANJA 240<\/td>\n<td>240cm<\/td>\n<td>100cm<\/td>\n<\/tr>\n<tr>\n<td>PLANJA 270<\/td>\n<td>270cm<\/td>\n<td>110cm<\/td>\n<\/tr>\n<\/tbody>\n<\/table>\n","protected":false},"excerpt":{"rendered":"<p>Usko elegantno bo\u017ei\u0107no drvce vrlo lijepog oblika. Vanjski vrhovi su izra\u0111eni od PE. Ovi vrhovi su najvidljiviji i imaju vrlo prirodan izgled. Najprodavaniji.<\/p>\n","protected":false},"featured_media":9616,"template":"","meta":[],"product_brand":[],"product_cat":[542,544],"product_tag":[],"class_list":{"0":"post-10422","1":"product","2":"type-product","3":"status-publish","4":"has-post-thumbnail","6":"product_cat-bozic-nova-godina","7":"product_cat-bozicna-drvca","8":"pa_velikost-180cm-hr","9":"pa_velikost-210cm-hr","10":"pa_velikost-240cm-hr","11":"pa_velikost-270cm-hr","13":"first","14":"instock","15":"taxable","16":"shipping-taxable","17":"purchasable","18":"product-type-variable","19":"has-default-attributes"},"_links":{"self":[{"href":"https:\/\/promak.si\/hr\/wp-json\/wp\/v2\/product\/10422","targetHints":{"allow":["GET"]}}],"collection":[{"href":"https:\/\/promak.si\/hr\/wp-json\/wp\/v2\/product"}],"about":[{"href":"https:\/\/promak.si\/hr\/wp-json\/wp\/v2\/types\/product"}],"wp:featuredmedia":[{"embeddable":true,"href":"https:\/\/promak.si\/hr\/wp-json\/wp\/v2\/media\/9616"}],"wp:attachment":[{"href":"https:\/\/promak.si\/hr\/wp-json\/wp\/v2\/media?parent=10422"}],"wp:term":[{"taxonomy":"product_brand","embeddable":true,"href":"https:\/\/promak.si\/hr\/wp-json\/wp\/v2\/product_brand?post=10422"},{"taxonomy":"product_cat","embeddable":true,"href":"https:\/\/promak.si\/hr\/wp-json\/wp\/v2\/product_cat?post=10422"},{"taxonomy":"product_tag","embeddable":true,"href":"https:\/\/promak.si\/hr\/wp-json\/wp\/v2\/product_tag?post=10422"}],"curies":[{"name":"wp","href":"https:\/\/api.w.org\/{rel}","templated":true}]}}