{"id":11060,"date":"2022-10-01T16:16:42","date_gmt":"2022-10-01T14:16:42","guid":{"rendered":"https:\/\/promak.si\/ponuda\/vjencanja\/strelci-konfetov-za-poroko\/"},"modified":"2022-10-20T11:27:36","modified_gmt":"2022-10-20T09:27:36","slug":"pucaci-konfeta-za-vjencanje","status":"publish","type":"page","link":"https:\/\/promak.si\/hr\/vjencanja\/pucaci-konfeta-za-vjencanje\/","title":{"rendered":"Puca\u010di konfeta za vjen\u010danje"},"content":{"rendered":"\n<div class=\"row row-full-width align-middle naslov-strani\"  id=\"row-1000319011\">\n\n\n\t<div id=\"col-283499929\" class=\"col small-12 large-12\"  >\n\t\t\t\t<div class=\"col-inner text-center\"  >\n\t\t\t\n\t\t\t\n\n  <div id=\"page-header-1364144440\" class=\"page-header-wrapper\">\n  <div class=\"page-title light divided-title\">\n\n    \n    <div class=\"page-title-inner container align-center text-center flex-row-col medium-flex-wrap\" >\n              <div class=\"title-wrapper flex-col\">\n          <h1 class=\"entry-title mb-0\">\n            Puca\u010di konfeta za vjen\u010danje          <\/h1>\n        <\/div>\n                    <div class=\"title-content flex-col\">\n        <div class=\"title-breadcrumbs pb-half pt-half\"><\/div>      <\/div>\n    <\/div>\n\n       <\/div>\n  <div class=\"container header-wrapper-divider\"><hr\/><\/div>  <\/div>\n  \n\n\n\t\t<\/div>\n\t\t\t\t\t<\/div>\n\n\t\n\n\n<style>\n#row-1000319011 > .col > .col-inner {\n  padding: 0px 0px 0px 0px;\n}\n<\/style>\n<\/div>\n\t<div id=\"gap-933648117\" class=\"gap-element clearfix\" style=\"display:block; height:auto;\">\n\t\t\n<style>\n#gap-933648117 {\n  padding-top: 30px;\n}\n<\/style>\n\t<\/div>\n\t\n\n<div class=\"row align-center\"  id=\"row-588283538\">\n\n\n\t<div id=\"col-1270873773\" class=\"col small-12 large-12\"  >\n\t\t\t\t<div class=\"col-inner\"  >\n\t\t\t\n\t\t\t\n\n\t<div class=\"img has-hover x md-x lg-x y md-y lg-y\" id=\"image_1734379686\">\n\t\t\t\t\t\t\t\t<div class=\"img-inner image-zoom dark\" >\n\t\t\t<img decoding=\"async\" width=\"1400\" height=\"700\" src=\"https:\/\/promak.si\/wp-content\/uploads\/2022\/10\/Strelci-konfetov-za-poroko.jpg\" class=\"attachment-original size-original\" alt=\"\" srcset=\"https:\/\/promak.si\/wp-content\/uploads\/2022\/10\/Strelci-konfetov-za-poroko.jpg 1400w, https:\/\/promak.si\/wp-content\/uploads\/2022\/10\/Strelci-konfetov-za-poroko-400x200.jpg 400w, https:\/\/promak.si\/wp-content\/uploads\/2022\/10\/Strelci-konfetov-za-poroko-900x450.jpg 900w, https:\/\/promak.si\/wp-content\/uploads\/2022\/10\/Strelci-konfetov-za-poroko-300x150.jpg 300w, https:\/\/promak.si\/wp-content\/uploads\/2022\/10\/Strelci-konfetov-za-poroko-1024x512.jpg 1024w, https:\/\/promak.si\/wp-content\/uploads\/2022\/10\/Strelci-konfetov-za-poroko-768x384.jpg 768w\" sizes=\"(max-width: 1400px) 100vw, 1400px\">\t\t\t\t\t\t\n\t\t\t\t\t<\/div>\n\t\t\t\t\t\t\t\t\n<style>\n#image_1734379686 {\n  width: 100%;\n}\n<\/style>\n\t<\/div>\n\t\n\n\n\t\t<\/div>\n\t\t\t\t\t<\/div>\n\n\t\n\n<\/div>\n<div class=\"row align-middle\"  id=\"row-1012639430\">\n\n\n\t<div id=\"col-1062590990\" class=\"col medium-8 small-12 large-8\"  >\n\t\t\t\t<div class=\"col-inner\"  >\n\t\t\t\n\t\t\t\n\n\t<div id=\"text-3616529150\" class=\"text naslov\">\n\t\t\n\n<h2>Konfeti su neizostavan dio vjen\u010danja<\/h2>\n<p><strong>Konfeti<\/strong> su ovogodi\u0161nji hit na vjen\u010danjima. Oni mogu uljep\u0161ati sve dijelove va\u0161eg vjen\u010danja.<\/p>\n<p>Mo\u017eete ih koristiti na crkvenoj ceremoniji, gra\u0111anskoj ceremoniji ili zabavi. Mo\u017eete ih koristiti vani ili unutar sobe.<\/p>\n<p><strong>Kako radi?<\/strong><\/p>\n<p><strong>Pucalica konfeta<\/strong> sastoji se od dva dijela. Prvi dio, koji je ve\u0107i, sadr\u017ei papirnato srce.<\/p>\n<p>Donji dio, koji je manji, sadr\u017ei komprimirani zrak pod pritiskom. Na gornjem i donjem dijelu nacrtane su strelice, u koju smreku koji dio morate okrenuti. Uhvatite svaki dio jednom rukom, usmjerite strijelca u zrak (ne u ljude) i zakrenite dijelove kako pokazuju strelice.<\/p>\n<p>U tom trenutku \u0107e se \u010duti prasak i li\u0161\u0107e \u0107e odletjeti <strong>8m visoko u zrak<\/strong>.<\/p>\n\t\t\t<\/div>\n\t\n\n\t\t<\/div>\n\t\t\t\t\n<style>\n#col-1062590990 > .col-inner {\n  padding: 0px 0px 0px 0px;\n}\n@media (min-width:550px) {\n  #col-1062590990 > .col-inner {\n    padding: 0px 0px 0px 0px;\n  }\n}\n@media (min-width:850px) {\n  #col-1062590990 > .col-inner {\n    padding: 0px 100px 0px 0px;\n  }\n}\n<\/style>\n\t<\/div>\n\n\t\n\n\t<div id=\"col-634703372\" class=\"col medium-4 small-12 large-4\"  >\n\t\t\t\t<div class=\"col-inner\"  >\n\t\t\t\n\t\t\t\n\n\t<div class=\"img has-hover x md-x lg-x y md-y lg-y\" id=\"image_1217807381\">\n\t\t\t\t\t\t\t\t<div class=\"img-inner image-zoom dark\" >\n\t\t\t<img decoding=\"async\" width=\"600\" height=\"801\" src=\"https:\/\/promak.si\/wp-content\/uploads\/2022\/10\/nacrtovanje-poroke-2023.jpg\" class=\"attachment-large size-large\" alt=\"\" srcset=\"https:\/\/promak.si\/wp-content\/uploads\/2022\/10\/nacrtovanje-poroke-2023.jpg 600w, https:\/\/promak.si\/wp-content\/uploads\/2022\/10\/nacrtovanje-poroke-2023-400x534.jpg 400w, https:\/\/promak.si\/wp-content\/uploads\/2022\/10\/nacrtovanje-poroke-2023-555x741.jpg 555w, https:\/\/promak.si\/wp-content\/uploads\/2022\/10\/nacrtovanje-poroke-2023-225x300.jpg 225w\" sizes=\"(max-width: 600px) 100vw, 600px\">\t\t\t\t\t\t\n\t\t\t\t\t<\/div>\n\t\t\t\t\t\t\t\t\n<style>\n#image_1217807381 {\n  width: 100%;\n}\n<\/style>\n\t<\/div>\n\t\n\n\n\t\t<\/div>\n\t\t\t\t\t<\/div>\n\n\t\n\n<\/div>\n<div class=\"row align-middle cream-box\"  id=\"row-1680372581\">\n\n\n\t<div id=\"col-463414312\" class=\"col medium-12 small-12 large-6\"  >\n\t\t\t\t<div class=\"col-inner\"  >\n\t\t\t\n\t\t\t\n\n<h3>U videu pogledajte kako puca\u010di konfeta uljep\u0161avaju vjen\u010danje i stvaraju jedinstven trenutak za sve uklju\u010dene.<\/h3>\n\n\t<div id=\"gap-483067897\" class=\"gap-element clearfix\" style=\"display:block; height:auto;\">\n\t\t\n<style>\n#gap-483067897 {\n  padding-top: 20px;\n}\n<\/style>\n\t<\/div>\n\t\n\n<div class=\"row row-collapse align-middle gold-box\"  id=\"row-283839389\">\n\n\n\t<div id=\"col-259511660\" class=\"col medium-8 small-12 large-8\"  >\n\t\t\t\t<div class=\"col-inner dark\"  >\n\t\t\t\n\t\t\t\n\n<p class=\"lead\">Trebate li pomo\u0107 oko planiranja vjen\u010danja? Ogla\u0161avajte se kod nas na adresi Hladilni\u0161ka poti 42 u Ljubljani i dopustite na\u0161im stru\u010dnjacima da za vas odaberu najbolja rje\u0161enja.<\/p>\n\n<a href=\"\/hr\/kontakt\/\" class=\"button white\" >\n\t\t<span>Kako do\u0107i do nas<\/span>\n\t<\/a>\n\n\n<a href=\"tel:38614300803\" class=\"button white\" >\n\t\t<span>nazovite nas<\/span>\n\t<\/a>\n\n\n\n\t\t<\/div>\n\t\t\t\t\n<style>\n#col-259511660 > .col-inner {\n  padding: 20px 15px 20px 15px;\n}\n@media (min-width:550px) {\n  #col-259511660 > .col-inner {\n    padding: 20px 15px 20px 15px;\n  }\n}\n@media (min-width:850px) {\n  #col-259511660 > .col-inner {\n    padding: 15px 30px 0px 30px;\n  }\n}\n<\/style>\n\t<\/div>\n\n\t\n\n\t<div id=\"col-1108505760\" class=\"col medium-4 small-12 large-4\"  >\n\t\t\t\t<div class=\"col-inner\"  >\n\t\t\t\n\t\t\t\n\n\t<div class=\"img has-hover x md-x lg-x y md-y lg-y\" id=\"image_1008572896\">\n\t\t\t\t\t\t\t\t<div class=\"img-inner dark\" >\n\t\t\t<img decoding=\"async\" width=\"570\" height=\"640\" src=\"https:\/\/promak.si\/wp-content\/uploads\/2022\/09\/poroka-promak.jpg\" class=\"attachment-medium_large size-medium_large\" alt=\"\" srcset=\"https:\/\/promak.si\/wp-content\/uploads\/2022\/09\/poroka-promak.jpg 570w, https:\/\/promak.si\/wp-content\/uploads\/2022\/09\/poroka-promak-400x449.jpg 400w, https:\/\/promak.si\/wp-content\/uploads\/2022\/09\/poroka-promak-555x623.jpg 555w, https:\/\/promak.si\/wp-content\/uploads\/2022\/09\/poroka-promak-267x300.jpg 267w\" sizes=\"(max-width: 570px) 100vw, 570px\">\t\t\t\t\t\t\n\t\t\t\t\t<\/div>\n\t\t\t\t\t\t\t\t\n<style>\n#image_1008572896 {\n  width: 100%;\n}\n<\/style>\n\t<\/div>\n\t\n\n\n\t\t<\/div>\n\t\t\t\t\t<\/div>\n\n\t\n\n<\/div>\n\n\t\t<\/div>\n\t\t\t\t\n<style>\n#col-463414312 > .col-inner {\n  padding: 30px 0px 0px 0px;\n}\n@media (min-width:550px) {\n  #col-463414312 > .col-inner {\n    padding: 30px 30px 0px 30px;\n  }\n}\n<\/style>\n\t<\/div>\n\n\t\n\n\t<div id=\"col-73654011\" class=\"col medium-12 small-12 large-6\"  >\n\t\t\t\t<div class=\"col-inner\"  >\n\t\t\t\n\t\t\t\n\n<div class=\"video video-fit mb\" style=\"padding-top:60%;\"><iframe title=\"Poroka Strelci konfetov\" width=\"1020\" height=\"574\" src=\"https:\/\/www.youtube.com\/embed\/WeW9vIsD4ps?feature=oembed\" frameborder=\"0\" allow=\"accelerometer; autoplay; clipboard-write; encrypted-media; gyroscope; picture-in-picture\" allowfullscreen><\/iframe><\/div>\n\n\n\t\t<\/div>\n\t\t\t\t\n<style>\n#col-73654011 > .col-inner {\n  padding: 30px 0px 0px 0px;\n}\n<\/style>\n\t<\/div>\n\n\t\n\n<\/div>\n\t<div id=\"gap-347195317\" class=\"gap-element clearfix\" style=\"display:block; height:auto;\">\n\t\t\n<style>\n#gap-347195317 {\n  padding-top: 30px;\n}\n<\/style>\n\t<\/div>\n\t\n\n\n","protected":false},"excerpt":{"rendered":"","protected":false},"author":1,"featured_media":0,"parent":10904,"menu_order":0,"comment_status":"closed","ping_status":"closed","template":"page-blank.php","meta":{"footnotes":""},"class_list":["post-11060","page","type-page","status-publish","hentry"],"_links":{"self":[{"href":"https:\/\/promak.si\/hr\/wp-json\/wp\/v2\/pages\/11060","targetHints":{"allow":["GET"]}}],"collection":[{"href":"https:\/\/promak.si\/hr\/wp-json\/wp\/v2\/pages"}],"about":[{"href":"https:\/\/promak.si\/hr\/wp-json\/wp\/v2\/types\/page"}],"author":[{"embeddable":true,"href":"https:\/\/promak.si\/hr\/wp-json\/wp\/v2\/users\/1"}],"replies":[{"embeddable":true,"href":"https:\/\/promak.si\/hr\/wp-json\/wp\/v2\/comments?post=11060"}],"version-history":[{"count":0,"href":"https:\/\/promak.si\/hr\/wp-json\/wp\/v2\/pages\/11060\/revisions"}],"up":[{"embeddable":true,"href":"https:\/\/promak.si\/hr\/wp-json\/wp\/v2\/pages\/10904"}],"wp:attachment":[{"href":"https:\/\/promak.si\/hr\/wp-json\/wp\/v2\/media?parent=11060"}],"curies":[{"name":"wp","href":"https:\/\/api.w.org\/{rel}","templated":true}]}}