{"id":11009,"date":"2022-09-30T11:15:40","date_gmt":"2022-09-30T09:15:40","guid":{"rendered":"https:\/\/promak.si\/ponuda\/vjencanja\/porocna-dekoracija-cerkve\/"},"modified":"2022-10-20T12:05:41","modified_gmt":"2022-10-20T10:05:41","slug":"vjencano-uredenje-crkve","status":"publish","type":"page","link":"https:\/\/promak.si\/hr\/vjencanja\/vjencano-uredenje-crkve\/","title":{"rendered":"Vjen\u010dano ure\u0111enje crkve"},"content":{"rendered":"\n<div class=\"row row-full-width align-middle naslov-strani\"  id=\"row-913823264\">\n\n\n\t<div id=\"col-312183512\" class=\"col small-12 large-12\"  >\n\t\t\t\t<div class=\"col-inner text-center\"  >\n\t\t\t\n\t\t\t\n\n  <div id=\"page-header-1928052766\" class=\"page-header-wrapper\">\n  <div class=\"page-title light divided-title\">\n\n    \n    <div class=\"page-title-inner container align-center text-center flex-row-col medium-flex-wrap\" >\n              <div class=\"title-wrapper flex-col\">\n          <h1 class=\"entry-title mb-0\">\n            Vjen\u010dano ure\u0111enje crkve          <\/h1>\n        <\/div>\n                    <div class=\"title-content flex-col\">\n        <div class=\"title-breadcrumbs pb-half pt-half\"><\/div>      <\/div>\n    <\/div>\n\n       <\/div>\n  <div class=\"container header-wrapper-divider\"><hr\/><\/div>  <\/div>\n  \n\n\n\t\t<\/div>\n\t\t\t\t\t<\/div>\n\n\t\n\n\n<style>\n#row-913823264 > .col > .col-inner {\n  padding: 0px 0px 0px 0px;\n}\n<\/style>\n<\/div>\n\t<div id=\"gap-489085845\" class=\"gap-element clearfix\" style=\"display:block; height:auto;\">\n\t\t\n<style>\n#gap-489085845 {\n  padding-top: 30px;\n}\n<\/style>\n\t<\/div>\n\t\n\n<div class=\"row align-center\"  id=\"row-1102321367\">\n\n\n\t<div id=\"col-835215940\" class=\"col small-12 large-12\"  >\n\t\t\t\t<div class=\"col-inner\"  >\n\t\t\t\n\t\t\t\n\n\t<div class=\"img has-hover x md-x lg-x y md-y lg-y\" id=\"image_455287019\">\n\t\t\t\t\t\t\t\t<div class=\"img-inner image-zoom dark\" >\n\t\t\t<img decoding=\"async\" width=\"1400\" height=\"700\" src=\"https:\/\/promak.si\/wp-content\/uploads\/2022\/09\/Porocna-dekoracija-cerkve-1.jpg\" class=\"attachment-original size-original\" alt=\"\" srcset=\"https:\/\/promak.si\/wp-content\/uploads\/2022\/09\/Porocna-dekoracija-cerkve-1.jpg 1400w, https:\/\/promak.si\/wp-content\/uploads\/2022\/09\/Porocna-dekoracija-cerkve-1-400x200.jpg 400w, https:\/\/promak.si\/wp-content\/uploads\/2022\/09\/Porocna-dekoracija-cerkve-1-900x450.jpg 900w, https:\/\/promak.si\/wp-content\/uploads\/2022\/09\/Porocna-dekoracija-cerkve-1-300x150.jpg 300w, https:\/\/promak.si\/wp-content\/uploads\/2022\/09\/Porocna-dekoracija-cerkve-1-1024x512.jpg 1024w, https:\/\/promak.si\/wp-content\/uploads\/2022\/09\/Porocna-dekoracija-cerkve-1-768x384.jpg 768w\" sizes=\"(max-width: 1400px) 100vw, 1400px\">\t\t\t\t\t\t\n\t\t\t\t\t<\/div>\n\t\t\t\t\t\t\t\t\n<style>\n#image_455287019 {\n  width: 100%;\n}\n<\/style>\n\t<\/div>\n\t\n\n\n\t\t<\/div>\n\t\t\t\t\t<\/div>\n\n\t\n\n<\/div>\n<div class=\"row align-middle\"  id=\"row-1533146834\">\n\n\n\t<div id=\"col-1656907117\" class=\"col medium-8 small-12 large-8\"  >\n\t\t\t\t<div class=\"col-inner\"  >\n\t\t\t\n\t\t\t\n\n\t<div id=\"text-3166183167\" class=\"text naslov\">\n\t\t\n\n<h2>Ukra\u0161avanje crkve<\/h2>\n<p>Oni vjen\u010dani parovi koji se vjen\u010daju u <strong>crkvi<\/strong> tako\u0111er moraju voditi ra\u010duna o njenom <strong>ure\u0111enju<\/strong>. U ProMaku dobivate sve ukrase za <strong>ure\u0111enje crkve za vjen\u010danje<\/strong>.<\/p>\n<p>Oltar mo\u017eete ukrasiti <strong>svje\u017eim ili umjetnim cvije\u0107em<\/strong>. Na\u0161e umjetno cvije\u0107e je iznimne kvalitete i te\u0161ko da mo\u017eete razlikovati pravi od umjetnog cvijeta dok ga ne dodirnete. Neki kupci \u010dak ni na dodir ne mogu razlikovati svje\u017ee i umjetno cvije\u0107e.<\/p>\n\n\t\t\t<\/div>\n\t\n<div class=\"row row-collapse align-middle gold-box\"  id=\"row-1937166611\">\n\n\n\t<div id=\"col-618689676\" class=\"col medium-8 small-12 large-8\"  >\n\t\t\t\t<div class=\"col-inner dark\"  >\n\t\t\t\n\t\t\t\n\n<p class=\"lead\">Trebate li pomo\u0107 oko planiranja vjen\u010danja? Ogla\u0161avajte se kod nas na adresi Hladilni\u0161ka poti 42 u Ljubljani i dopustite na\u0161im stru\u010dnjacima da za vas odaberu najbolja rje\u0161enja.<\/p>\n\n<a href=\"\/hr\/kontakt\/\" class=\"button white\" >\n\t\t<span>Kako do\u0107i do nas<\/span>\n\t<\/a>\n\n\n<a href=\"tel:38614300803\" class=\"button white\" >\n\t\t<span>nazovite nas<\/span>\n\t<\/a>\n\n\n\n\t\t<\/div>\n\t\t\t\t\n<style>\n#col-618689676 > .col-inner {\n  padding: 20px 15px 20px 15px;\n}\n@media (min-width:550px) {\n  #col-618689676 > .col-inner {\n    padding: 20px 15px 20px 15px;\n  }\n}\n@media (min-width:850px) {\n  #col-618689676 > .col-inner {\n    padding: 0px 30px 0px 30px;\n  }\n}\n<\/style>\n\t<\/div>\n\n\t\n\n\t<div id=\"col-809864131\" class=\"col medium-4 small-12 large-4\"  >\n\t\t\t\t<div class=\"col-inner\"  >\n\t\t\t\n\t\t\t\n\n\t<div class=\"img has-hover x md-x lg-x y md-y lg-y\" id=\"image_1093492144\">\n\t\t\t\t\t\t\t\t<div class=\"img-inner dark\" >\n\t\t\t<img decoding=\"async\" width=\"570\" height=\"640\" src=\"https:\/\/promak.si\/wp-content\/uploads\/2022\/09\/poroka-promak.jpg\" class=\"attachment-medium_large size-medium_large\" alt=\"\" srcset=\"https:\/\/promak.si\/wp-content\/uploads\/2022\/09\/poroka-promak.jpg 570w, https:\/\/promak.si\/wp-content\/uploads\/2022\/09\/poroka-promak-400x449.jpg 400w, https:\/\/promak.si\/wp-content\/uploads\/2022\/09\/poroka-promak-555x623.jpg 555w, https:\/\/promak.si\/wp-content\/uploads\/2022\/09\/poroka-promak-267x300.jpg 267w\" sizes=\"(max-width: 570px) 100vw, 570px\">\t\t\t\t\t\t\n\t\t\t\t\t<\/div>\n\t\t\t\t\t\t\t\t\n<style>\n#image_1093492144 {\n  width: 100%;\n}\n<\/style>\n\t<\/div>\n\t\n\n\n\t\t<\/div>\n\t\t\t\t\t<\/div>\n\n\t\n\n<\/div>\n\n\t\t<\/div>\n\t\t\t\t\n<style>\n#col-1656907117 > .col-inner {\n  padding: 0px 0px 0px 0px;\n}\n@media (min-width:550px) {\n  #col-1656907117 > .col-inner {\n    padding: 0px 0px 0px 0px;\n  }\n}\n@media (min-width:850px) {\n  #col-1656907117 > .col-inner {\n    padding: 20px 100px 0px 0px;\n  }\n}\n<\/style>\n\t<\/div>\n\n\t\n\n\t<div id=\"col-1339370220\" class=\"col medium-4 small-12 large-4\"  >\n\t\t\t\t<div class=\"col-inner\"  >\n\t\t\t\n\t\t\t\n\n\t<div class=\"img has-hover x md-x lg-x y md-y lg-y\" id=\"image_562873078\">\n\t\t\t\t\t\t\t\t<div class=\"img-inner dark\" >\n\t\t\t<img decoding=\"async\" width=\"600\" height=\"800\" src=\"https:\/\/promak.si\/wp-content\/uploads\/2022\/09\/dekoracija-cerkve-za-poroko-1.jpg\" class=\"attachment-large size-large\" alt=\"\" srcset=\"https:\/\/promak.si\/wp-content\/uploads\/2022\/09\/dekoracija-cerkve-za-poroko-1.jpg 600w, https:\/\/promak.si\/wp-content\/uploads\/2022\/09\/dekoracija-cerkve-za-poroko-1-400x533.jpg 400w, https:\/\/promak.si\/wp-content\/uploads\/2022\/09\/dekoracija-cerkve-za-poroko-1-555x740.jpg 555w, https:\/\/promak.si\/wp-content\/uploads\/2022\/09\/dekoracija-cerkve-za-poroko-1-225x300.jpg 225w\" sizes=\"(max-width: 600px) 100vw, 600px\">\t\t\t\t\t\t\n\t\t\t\t\t<\/div>\n\t\t\t\t\t\t\t\t\n<style>\n#image_562873078 {\n  width: 100%;\n}\n<\/style>\n\t<\/div>\n\t\n\n\t<div class=\"img has-hover x md-x lg-x y md-y lg-y\" id=\"image_1310802489\">\n\t\t\t\t\t\t\t\t<div class=\"img-inner image-zoom dark\" >\n\t\t\t\t\t\t\t\t\t\n\t\t\t\t\t<\/div>\n\t\t\t\t\t\t\t\t\n<style>\n#image_1310802489 {\n  width: 100%;\n}\n<\/style>\n\t<\/div>\n\t\n\n\n\t\t<\/div>\n\t\t\t\t\t<\/div>\n\n\t\n\n<\/div>\n\t<div id=\"gap-1329537088\" class=\"gap-element clearfix\" style=\"display:block; height:auto;\">\n\t\t\n<style>\n#gap-1329537088 {\n  padding-top: 0px;\n}\n@media (min-width:550px) {\n  #gap-1329537088 {\n    padding-top: 60px;\n  }\n}\n<\/style>\n\t<\/div>\n\t\n\n<div class=\"row align-middle align-center\"  id=\"row-1133583928\">\n\n\n\t<div id=\"col-1440708147\" class=\"col medium-4 small-12 large-4\"  >\n\t\t\t\t<div class=\"col-inner\"  >\n\t\t\t\n\t\t\t\n\n\t<div class=\"img has-hover x md-x lg-x y md-y lg-y\" id=\"image_1936778315\">\n\t\t\t\t\t\t\t\t<div class=\"img-inner image-zoom dark\" >\n\t\t\t<img decoding=\"async\" width=\"600\" height=\"800\" src=\"https:\/\/promak.si\/wp-content\/uploads\/2022\/09\/dekoracija-cerkve-za-poroko.jpg\" class=\"attachment-large size-large\" alt=\"\" srcset=\"https:\/\/promak.si\/wp-content\/uploads\/2022\/09\/dekoracija-cerkve-za-poroko.jpg 600w, https:\/\/promak.si\/wp-content\/uploads\/2022\/09\/dekoracija-cerkve-za-poroko-400x533.jpg 400w, https:\/\/promak.si\/wp-content\/uploads\/2022\/09\/dekoracija-cerkve-za-poroko-555x740.jpg 555w, https:\/\/promak.si\/wp-content\/uploads\/2022\/09\/dekoracija-cerkve-za-poroko-225x300.jpg 225w\" sizes=\"(max-width: 600px) 100vw, 600px\">\t\t\t\t\t\t\n\t\t\t\t\t<\/div>\n\t\t\t\t\t\t\t\t\n<style>\n#image_1936778315 {\n  width: 100%;\n}\n<\/style>\n\t<\/div>\n\t\n\n\n\t\t<\/div>\n\t\t\t\t\t<\/div>\n\n\t\n\n\t<div id=\"col-187399305\" class=\"col medium-8 small-12 large-8\"  >\n\t\t\t\t<div class=\"col-inner\"  >\n\t\t\t\n\t\t\t\n\n\t<div id=\"text-1874672025\" class=\"text naslov\">\n\t\t\n\n<h3>Ukra\u0161avanje klupa u crkvi<\/h3>\n<p>Na klupu mo\u017eete zavezati bijele ma\u0161ne na koje mo\u017eete dodati bijeli til kako bi crkva bila jo\u0161 veli\u010danstvenija. Zapalite svije\u0107e na podu u staklenim vazama koje gore do 8 sati.<\/p>\n\n\t\t\t<\/div>\n\t\n<div class=\"row row-collapse align-middle cream-box\"  id=\"row-316093662\">\n\n\n\t<div id=\"col-1564248217\" class=\"col medium-8 small-12 large-8\"  >\n\t\t\t\t<div class=\"col-inner\"  >\n\t\t\t\n\t\t\t\n\n<h2>Najam crkvenih ukrasa<\/h2>\n<p>Tako\u0111er iznajmljujemo sve ukrase za ure\u0111enje crkve.<\/p>\n<ul>\n<li>crveni tepih duljine do 20m<\/li>\n<li>stalci za cvije\u0107e<\/li>\n<li>umjetno cvije\u0107e svih vrsta<\/li>\n<li>staklene vaze<\/li>\n<li>svije\u0107njaci<\/li>\n<li>navlake za stolice<\/li>\n<\/ul>\n\n\t<div id=\"gap-1091838612\" class=\"gap-element clearfix\" style=\"display:block; height:auto;\">\n\t\t\n<style>\n#gap-1091838612 {\n  padding-top: 15px;\n}\n<\/style>\n\t<\/div>\n\t\n\n<a href=\"\/hr\/kontakt\/\" class=\"button white\" >\n\t\t<span>kontakt<\/span>\n\t<\/a>\n\n\n<a href=\"tel:38614300803\" class=\"button white\" >\n\t\t<span>nazovite nas<\/span>\n\t<\/a>\n\n\n\n\t\t<\/div>\n\t\t\t\t\n<style>\n#col-1564248217 > .col-inner {\n  padding: 15px 15px 0px 15px;\n}\n@media (min-width:850px) {\n  #col-1564248217 > .col-inner {\n    padding: 15px 30px 0px 30px;\n  }\n}\n<\/style>\n\t<\/div>\n\n\t\n\n\t<div id=\"col-145134692\" class=\"col medium-4 small-12 large-4\"  >\n\t\t\t\t<div class=\"col-inner\"  >\n\t\t\t\n\t\t\t\n\n\t<div class=\"img has-hover x md-x lg-x y md-y lg-y\" id=\"image_1896055197\">\n\t\t\t\t\t\t\t\t<div class=\"img-inner dark\" >\n\t\t\t<img decoding=\"async\" width=\"570\" height=\"640\" src=\"https:\/\/promak.si\/wp-content\/uploads\/2022\/09\/okrasitev-cerkve-poroka-1.jpg\" class=\"attachment-large size-large\" alt=\"\" srcset=\"https:\/\/promak.si\/wp-content\/uploads\/2022\/09\/okrasitev-cerkve-poroka-1.jpg 570w, https:\/\/promak.si\/wp-content\/uploads\/2022\/09\/okrasitev-cerkve-poroka-1-400x449.jpg 400w, https:\/\/promak.si\/wp-content\/uploads\/2022\/09\/okrasitev-cerkve-poroka-1-555x623.jpg 555w, https:\/\/promak.si\/wp-content\/uploads\/2022\/09\/okrasitev-cerkve-poroka-1-267x300.jpg 267w\" sizes=\"(max-width: 570px) 100vw, 570px\">\t\t\t\t\t\t\n\t\t\t\t\t<\/div>\n\t\t\t\t\t\t\t\t\n<style>\n#image_1896055197 {\n  width: 100%;\n}\n<\/style>\n\t<\/div>\n\t\n\n\n\t\t<\/div>\n\t\t\t\t\t<\/div>\n\n\t\n\n<\/div>\n\n\t\t<\/div>\n\t\t\t\t\n<style>\n#col-187399305 > .col-inner {\n  padding: 0px 0px 0px 0px;\n}\n@media (min-width:550px) {\n  #col-187399305 > .col-inner {\n    padding: 0px 0px 0px 0px;\n  }\n}\n@media (min-width:850px) {\n  #col-187399305 > .col-inner {\n    padding: 0px 0px 0px 100px;\n  }\n}\n<\/style>\n\t<\/div>\n\n\t\n\n<\/div>\n\t<div id=\"gap-855995223\" class=\"gap-element clearfix\" style=\"display:block; height:auto;\">\n\t\t\n<style>\n#gap-855995223 {\n  padding-top: 30px;\n}\n@media (min-width:550px) {\n  #gap-855995223 {\n    padding-top: 60px;\n  }\n}\n<\/style>\n\t<\/div>\n\t\n\n<div class=\"row\"  id=\"row-458660967\">\n\n\n\t<div id=\"col-1903810859\" class=\"col small-12 large-12\"  >\n\t\t\t\t<div class=\"col-inner\"  >\n\t\t\t\n\t\t\t\n\n\t<div id=\"text-1271729883\" class=\"text naslov\">\n\t\t\n\n<h2>Galerija slika<\/h2>\n\n\t\t\t<\/div>\n\t\n\n  \n    <div class=\"row large-columns-6 medium-columns-3 small-columns-2 row-collapse\" >\n  <div class=\"gallery-col col\" >\n          <div class=\"col-inner\">\n            <a class=\"image-lightbox lightbox-gallery\" href=\"https:\/\/promak.si\/wp-content\/uploads\/2022\/09\/dekoracija-cerkve-poroka.jpg\" title=\"\">            <div class=\"box has-hover gallery-box box-none\">\n              <div class=\"box-image image-cover\" style=\"padding-top:100%;\">\n                <img decoding=\"async\" width=\"768\" height=\"576\" src=\"https:\/\/promak.si\/wp-content\/uploads\/2022\/09\/dekoracija-cerkve-poroka-768x576.jpg\" class=\"attachment-medium_large size-medium_large\" alt=\"\" ids=\"9570,9571,9572,9573,9574\" style=\"none\" lightbox_image_size=\"original\" col_spacing=\"collapse\" columns=\"6\" image_height=\"100%\" image_size=\"medium_large\" srcset=\"https:\/\/promak.si\/wp-content\/uploads\/2022\/09\/dekoracija-cerkve-poroka-768x576.jpg 768w, https:\/\/promak.si\/wp-content\/uploads\/2022\/09\/dekoracija-cerkve-poroka-400x300.jpg 400w, https:\/\/promak.si\/wp-content\/uploads\/2022\/09\/dekoracija-cerkve-poroka-900x675.jpg 900w, https:\/\/promak.si\/wp-content\/uploads\/2022\/09\/dekoracija-cerkve-poroka-300x225.jpg 300w, https:\/\/promak.si\/wp-content\/uploads\/2022\/09\/dekoracija-cerkve-poroka-1024x768.jpg 1024w, https:\/\/promak.si\/wp-content\/uploads\/2022\/09\/dekoracija-cerkve-poroka.jpg 1030w\" sizes=\"(max-width: 768px) 100vw, 768px\">                                                              <\/div>\n              <div class=\"box-text text-left\" >\n                 <p><\/p>\n              <\/div>\n            <\/div>\n            <\/a>          <\/div>\n         <\/div><div class=\"gallery-col col\" >\n          <div class=\"col-inner\">\n            <a class=\"image-lightbox lightbox-gallery\" href=\"https:\/\/promak.si\/wp-content\/uploads\/2022\/09\/dekoracija-talna-talne-svece.jpg\" title=\"\">            <div class=\"box has-hover gallery-box box-none\">\n              <div class=\"box-image image-cover\" style=\"padding-top:100%;\">\n                <img decoding=\"async\" width=\"768\" height=\"1023\" src=\"https:\/\/promak.si\/wp-content\/uploads\/2022\/09\/dekoracija-talna-talne-svece-768x1023.jpg\" class=\"attachment-medium_large size-medium_large\" alt=\"\" ids=\"9570,9571,9572,9573,9574\" style=\"none\" lightbox_image_size=\"original\" col_spacing=\"collapse\" columns=\"6\" image_height=\"100%\" image_size=\"medium_large\" srcset=\"https:\/\/promak.si\/wp-content\/uploads\/2022\/09\/dekoracija-talna-talne-svece-768x1023.jpg 768w, https:\/\/promak.si\/wp-content\/uploads\/2022\/09\/dekoracija-talna-talne-svece-400x533.jpg 400w, https:\/\/promak.si\/wp-content\/uploads\/2022\/09\/dekoracija-talna-talne-svece-700x933.jpg 700w, https:\/\/promak.si\/wp-content\/uploads\/2022\/09\/dekoracija-talna-talne-svece-225x300.jpg 225w, https:\/\/promak.si\/wp-content\/uploads\/2022\/09\/dekoracija-talna-talne-svece.jpg 773w\" sizes=\"(max-width: 768px) 100vw, 768px\">                                                              <\/div>\n              <div class=\"box-text text-left\" >\n                 <p><\/p>\n              <\/div>\n            <\/div>\n            <\/a>          <\/div>\n         <\/div><div class=\"gallery-col col\" >\n          <div class=\"col-inner\">\n            <a class=\"image-lightbox lightbox-gallery\" href=\"https:\/\/promak.si\/wp-content\/uploads\/2022\/09\/okrasitev-cerkve-poroka-1-1.jpg\" title=\"\">            <div class=\"box has-hover gallery-box box-none\">\n              <div class=\"box-image image-cover\" style=\"padding-top:100%;\">\n                <img decoding=\"async\" width=\"768\" height=\"576\" src=\"https:\/\/promak.si\/wp-content\/uploads\/2022\/09\/okrasitev-cerkve-poroka-1-1-768x576.jpg\" class=\"attachment-medium_large size-medium_large\" alt=\"\" ids=\"9570,9571,9572,9573,9574\" style=\"none\" lightbox_image_size=\"original\" col_spacing=\"collapse\" columns=\"6\" image_height=\"100%\" image_size=\"medium_large\" srcset=\"https:\/\/promak.si\/wp-content\/uploads\/2022\/09\/okrasitev-cerkve-poroka-1-1-768x576.jpg 768w, https:\/\/promak.si\/wp-content\/uploads\/2022\/09\/okrasitev-cerkve-poroka-1-1-400x300.jpg 400w, https:\/\/promak.si\/wp-content\/uploads\/2022\/09\/okrasitev-cerkve-poroka-1-1-900x675.jpg 900w, https:\/\/promak.si\/wp-content\/uploads\/2022\/09\/okrasitev-cerkve-poroka-1-1-300x225.jpg 300w, https:\/\/promak.si\/wp-content\/uploads\/2022\/09\/okrasitev-cerkve-poroka-1-1-1024x768.jpg 1024w, https:\/\/promak.si\/wp-content\/uploads\/2022\/09\/okrasitev-cerkve-poroka-1-1.jpg 1030w\" sizes=\"(max-width: 768px) 100vw, 768px\">                                                              <\/div>\n              <div class=\"box-text text-left\" >\n                 <p><\/p>\n              <\/div>\n            <\/div>\n            <\/a>          <\/div>\n         <\/div><div class=\"gallery-col col\" >\n          <div class=\"col-inner\">\n            <a class=\"image-lightbox lightbox-gallery\" href=\"https:\/\/promak.si\/wp-content\/uploads\/2022\/09\/Porocna-dekoracija-cerkve-2-1.jpg\" title=\"\">            <div class=\"box has-hover gallery-box box-none\">\n              <div class=\"box-image image-cover\" style=\"padding-top:100%;\">\n                <img decoding=\"async\" width=\"768\" height=\"768\" src=\"https:\/\/promak.si\/wp-content\/uploads\/2022\/09\/Porocna-dekoracija-cerkve-2-1-768x768.jpg\" class=\"attachment-medium_large size-medium_large\" alt=\"\" ids=\"9570,9571,9572,9573,9574\" style=\"none\" lightbox_image_size=\"original\" col_spacing=\"collapse\" columns=\"6\" image_height=\"100%\" image_size=\"medium_large\" srcset=\"https:\/\/promak.si\/wp-content\/uploads\/2022\/09\/Porocna-dekoracija-cerkve-2-1-768x768.jpg 768w, https:\/\/promak.si\/wp-content\/uploads\/2022\/09\/Porocna-dekoracija-cerkve-2-1-400x400.jpg 400w, https:\/\/promak.si\/wp-content\/uploads\/2022\/09\/Porocna-dekoracija-cerkve-2-1-100x100.jpg 100w, https:\/\/promak.si\/wp-content\/uploads\/2022\/09\/Porocna-dekoracija-cerkve-2-1-700x700.jpg 700w, https:\/\/promak.si\/wp-content\/uploads\/2022\/09\/Porocna-dekoracija-cerkve-2-1-300x300.jpg 300w, https:\/\/promak.si\/wp-content\/uploads\/2022\/09\/Porocna-dekoracija-cerkve-2-1-150x150.jpg 150w, https:\/\/promak.si\/wp-content\/uploads\/2022\/09\/Porocna-dekoracija-cerkve-2-1.jpg 800w\" sizes=\"(max-width: 768px) 100vw, 768px\">                                                              <\/div>\n              <div class=\"box-text text-left\" >\n                 <p><\/p>\n              <\/div>\n            <\/div>\n            <\/a>          <\/div>\n         <\/div><div class=\"gallery-col col\" >\n          <div class=\"col-inner\">\n            <a class=\"image-lightbox lightbox-gallery\" href=\"https:\/\/promak.si\/wp-content\/uploads\/2022\/09\/Porocna-dekoracija-cerkve-3.jpg\" title=\"\">            <div class=\"box has-hover gallery-box box-none\">\n              <div class=\"box-image image-cover\" style=\"padding-top:100%;\">\n                <img decoding=\"async\" width=\"768\" height=\"321\" src=\"https:\/\/promak.si\/wp-content\/uploads\/2022\/09\/Porocna-dekoracija-cerkve-3-768x321.jpg\" class=\"attachment-medium_large size-medium_large\" alt=\"\" ids=\"9570,9571,9572,9573,9574\" style=\"none\" lightbox_image_size=\"original\" col_spacing=\"collapse\" columns=\"6\" image_height=\"100%\" image_size=\"medium_large\" srcset=\"https:\/\/promak.si\/wp-content\/uploads\/2022\/09\/Porocna-dekoracija-cerkve-3-768x321.jpg 768w, https:\/\/promak.si\/wp-content\/uploads\/2022\/09\/Porocna-dekoracija-cerkve-3-400x167.jpg 400w, https:\/\/promak.si\/wp-content\/uploads\/2022\/09\/Porocna-dekoracija-cerkve-3-900x376.jpg 900w, https:\/\/promak.si\/wp-content\/uploads\/2022\/09\/Porocna-dekoracija-cerkve-3-300x125.jpg 300w, https:\/\/promak.si\/wp-content\/uploads\/2022\/09\/Porocna-dekoracija-cerkve-3-1024x427.jpg 1024w, https:\/\/promak.si\/wp-content\/uploads\/2022\/09\/Porocna-dekoracija-cerkve-3.jpg 1030w\" sizes=\"(max-width: 768px) 100vw, 768px\">                                                              <\/div>\n              <div class=\"box-text text-left\" >\n                 <p><\/p>\n              <\/div>\n            <\/div>\n            <\/a>          <\/div>\n         <\/div><\/div>\n\n\n\t\t<\/div>\n\t\t\t\t\t<\/div>\n\n\t\n\n<\/div>\n","protected":false},"excerpt":{"rendered":"","protected":false},"author":1,"featured_media":0,"parent":10904,"menu_order":0,"comment_status":"closed","ping_status":"closed","template":"page-blank.php","meta":{"footnotes":""},"class_list":["post-11009","page","type-page","status-publish","hentry"],"_links":{"self":[{"href":"https:\/\/promak.si\/hr\/wp-json\/wp\/v2\/pages\/11009","targetHints":{"allow":["GET"]}}],"collection":[{"href":"https:\/\/promak.si\/hr\/wp-json\/wp\/v2\/pages"}],"about":[{"href":"https:\/\/promak.si\/hr\/wp-json\/wp\/v2\/types\/page"}],"author":[{"embeddable":true,"href":"https:\/\/promak.si\/hr\/wp-json\/wp\/v2\/users\/1"}],"replies":[{"embeddable":true,"href":"https:\/\/promak.si\/hr\/wp-json\/wp\/v2\/comments?post=11009"}],"version-history":[{"count":0,"href":"https:\/\/promak.si\/hr\/wp-json\/wp\/v2\/pages\/11009\/revisions"}],"up":[{"embeddable":true,"href":"https:\/\/promak.si\/hr\/wp-json\/wp\/v2\/pages\/10904"}],"wp:attachment":[{"href":"https:\/\/promak.si\/hr\/wp-json\/wp\/v2\/media?parent=11009"}],"curies":[{"name":"wp","href":"https:\/\/api.w.org\/{rel}","templated":true}]}}