{"id":10954,"date":"2022-09-30T07:35:40","date_gmt":"2022-09-30T05:35:40","guid":{"rendered":"https:\/\/promak.si\/ponuda\/vjencanja\/porocno-cvetje-za-posip\/"},"modified":"2022-10-20T12:06:13","modified_gmt":"2022-10-20T10:06:13","slug":"cvijece-za-posipanje","status":"publish","type":"page","link":"https:\/\/promak.si\/hr\/vjencanja\/dekoracija-za-vjencanje\/cvijece-za-posipanje-vjencanje\/","title":{"rendered":"Cvije\u0107e za posipanje"},"content":{"rendered":"\n<div class=\"row row-full-width align-middle naslov-strani\"  id=\"row-465974598\">\n\n\n\t<div id=\"col-192830319\" class=\"col small-12 large-12\"  >\n\t\t\t\t<div class=\"col-inner text-center\"  >\n\t\t\t\n\t\t\t\n\n  <div id=\"page-header-1940845135\" class=\"page-header-wrapper\">\n  <div class=\"page-title light divided-title\">\n\n    \n    <div class=\"page-title-inner container align-center text-center flex-row-col medium-flex-wrap\" >\n              <div class=\"title-wrapper flex-col\">\n          <h1 class=\"entry-title mb-0\">\n            Cvije\u0107e za posipanje          <\/h1>\n        <\/div>\n                    <div class=\"title-content flex-col\">\n        <div class=\"title-breadcrumbs pb-half pt-half\"><\/div>      <\/div>\n    <\/div>\n\n       <\/div>\n  <div class=\"container header-wrapper-divider\"><hr\/><\/div>  <\/div>\n  \n\n\n\t\t<\/div>\n\t\t\t\t\t<\/div>\n\n\t\n\n\n<style>\n#row-465974598 > .col > .col-inner {\n  padding: 0px 0px 0px 0px;\n}\n<\/style>\n<\/div>\n\t<div id=\"gap-816788405\" class=\"gap-element clearfix\" style=\"display:block; height:auto;\">\n\t\t\n<style>\n#gap-816788405 {\n  padding-top: 30px;\n}\n<\/style>\n\t<\/div>\n\t\n\n<div class=\"row align-center\"  id=\"row-1546634589\">\n\n\n\t<div id=\"col-959852382\" class=\"col small-12 large-12\"  >\n\t\t\t\t<div class=\"col-inner\"  >\n\t\t\t\n\t\t\t\n\n\t<div class=\"img has-hover x md-x lg-x y md-y lg-y\" id=\"image_1628644139\">\n\t\t\t\t\t\t\t\t<div class=\"img-inner image-zoom dark\" >\n\t\t\t<img decoding=\"async\" width=\"1400\" height=\"700\" src=\"https:\/\/promak.si\/wp-content\/uploads\/2022\/09\/Porocno-cvetje-za-posip.jpg\" class=\"attachment-original size-original\" alt=\"\" srcset=\"https:\/\/promak.si\/wp-content\/uploads\/2022\/09\/Porocno-cvetje-za-posip.jpg 1400w, https:\/\/promak.si\/wp-content\/uploads\/2022\/09\/Porocno-cvetje-za-posip-400x200.jpg 400w, https:\/\/promak.si\/wp-content\/uploads\/2022\/09\/Porocno-cvetje-za-posip-900x450.jpg 900w, https:\/\/promak.si\/wp-content\/uploads\/2022\/09\/Porocno-cvetje-za-posip-300x150.jpg 300w, https:\/\/promak.si\/wp-content\/uploads\/2022\/09\/Porocno-cvetje-za-posip-1024x512.jpg 1024w, https:\/\/promak.si\/wp-content\/uploads\/2022\/09\/Porocno-cvetje-za-posip-768x384.jpg 768w\" sizes=\"(max-width: 1400px) 100vw, 1400px\">\t\t\t\t\t\t\n\t\t\t\t\t<\/div>\n\t\t\t\t\t\t\t\t\n<style>\n#image_1628644139 {\n  width: 100%;\n}\n<\/style>\n\t<\/div>\n\t\n\n\n\t\t<\/div>\n\t\t\t\t\t<\/div>\n\n\t\n\n<\/div>\n<div class=\"row align-middle\"  id=\"row-310397263\">\n\n\n\t<div id=\"col-1541304574\" class=\"col medium-8 small-12 large-8\"  >\n\t\t\t\t<div class=\"col-inner\"  >\n\t\t\t\n\t\t\t\n\n\t<div id=\"text-2240771804\" class=\"text naslov\">\n\t\t\n\n<h2>Cvije\u0107e za posipanje<\/h2>\n<p><strong>Cvije\u0107e za vjen\u010danje <\/strong>mo\u017ee slu\u017eiti kao veoma lijepa dekoracija stola.<\/p>\n<p>Po stolovima najprije stavimo trake za stolove u \u017eeljeni boji, a zatim mo\u017eemo posipati vi\u0161e listi\u0107a od cvije\u0107a u ja\u010dim bojama ili bijelo cvije\u0107e za posipanje. Cvije\u0107e za vjen\u010danje u dugoj liniji mo\u017ee biti iznimno luksuzan i u\u010dinkovita dekoracija u boji za vjen\u010danje.<\/p>\n\t\t\t<\/div>\n\t\n<div class=\"row row-collapse align-middle cream-box\"  id=\"row-494096943\">\n\n\n\t<div id=\"col-1176250463\" class=\"col medium-8 small-12 large-8\"  >\n\t\t\t\t<div class=\"col-inner\"  >\n\t\t\t\n\t\t\t\n\n<a class=\"button primary\" >\n\t\t<span>NOVO U PRO-MAK PONUDI<\/span>\n\t<\/a>\n\n\n<h3>SUHO CVIJE\u0106E ZA \u0160IRENJE<\/h3>\n<p>Osu\u0161eno cvije\u0107e za posipanje ru\u017ea.<\/p>\n<p>Vi\u0161e nije dopu\u0161teno posipati mladence ri\u017eom ili umjetnim ru\u017einim laticama na otvorenom.<\/p>\n<p>Zato nudimo <strong>suhe ru\u017eine latice<\/strong> koje tako\u0111er lijepo miri\u0161u.<\/p>\n\n\t\t<\/div>\n\t\t\t\t\n<style>\n#col-1176250463 > .col-inner {\n  padding: 15px 15px 0px 15px;\n}\n<\/style>\n\t<\/div>\n\n\t\n\n\t<div id=\"col-1900900265\" class=\"col medium-4 small-12 large-4\"  >\n\t\t\t\t<div class=\"col-inner\"  >\n\t\t\t\n\t\t\t\n\n\t<div class=\"img has-hover svetujemo-slika x md-x lg-x y md-y lg-y\" id=\"image_1750278816\">\n\t\t\t\t\t\t\t\t<div class=\"img-inner dark\" >\n\t\t\t<img decoding=\"async\" width=\"845\" height=\"684\" src=\"https:\/\/promak.si\/wp-content\/uploads\/2022\/10\/suho-cvetje-za-posip.jpg\" class=\"attachment-large size-large\" alt=\"\" srcset=\"https:\/\/promak.si\/wp-content\/uploads\/2022\/10\/suho-cvetje-za-posip.jpg 845w, https:\/\/promak.si\/wp-content\/uploads\/2022\/10\/suho-cvetje-za-posip-400x324.jpg 400w, https:\/\/promak.si\/wp-content\/uploads\/2022\/10\/suho-cvetje-za-posip-700x567.jpg 700w, https:\/\/promak.si\/wp-content\/uploads\/2022\/10\/suho-cvetje-za-posip-300x243.jpg 300w, https:\/\/promak.si\/wp-content\/uploads\/2022\/10\/suho-cvetje-za-posip-768x622.jpg 768w\" sizes=\"(max-width: 845px) 100vw, 845px\">\t\t\t\t\t\t\n\t\t\t\t\t<\/div>\n\t\t\t\t\t\t\t\t\n<style>\n#image_1750278816 {\n  width: 100%;\n}\n<\/style>\n\t<\/div>\n\t\n\n\n\t\t<\/div>\n\t\t\t\t\t<\/div>\n\n\t\n\n<\/div>\n\n\t\t<\/div>\n\t\t\t\t\n<style>\n#col-1541304574 > .col-inner {\n  padding: 0px 0px 0px 0px;\n}\n@media (min-width:550px) {\n  #col-1541304574 > .col-inner {\n    padding: 0px 0px 0px 0px;\n  }\n}\n@media (min-width:850px) {\n  #col-1541304574 > .col-inner {\n    padding: 20px 100px 0px 0px;\n  }\n}\n<\/style>\n\t<\/div>\n\n\t\n\n\t<div id=\"col-1958396736\" class=\"col medium-4 small-12 large-4\"  >\n\t\t\t\t<div class=\"col-inner\"  >\n\t\t\t\n\t\t\t\n\n\t<div class=\"img has-hover x md-x lg-x y md-y lg-y\" id=\"image_1838307462\">\n\t\t\t\t\t\t\t\t<div class=\"img-inner image-zoom dark\" >\n\t\t\t<img decoding=\"async\" width=\"450\" height=\"600\" src=\"https:\/\/promak.si\/wp-content\/uploads\/2022\/09\/cvetni-listici-za-posip.jpg\" class=\"attachment-large size-large\" alt=\"\" srcset=\"https:\/\/promak.si\/wp-content\/uploads\/2022\/09\/cvetni-listici-za-posip.jpg 450w, https:\/\/promak.si\/wp-content\/uploads\/2022\/09\/cvetni-listici-za-posip-400x533.jpg 400w, https:\/\/promak.si\/wp-content\/uploads\/2022\/09\/cvetni-listici-za-posip-225x300.jpg 225w\" sizes=\"(max-width: 450px) 100vw, 450px\">\t\t\t\t\t\t\n\t\t\t\t\t<\/div>\n\t\t\t\t\t\t\t\t\n<style>\n#image_1838307462 {\n  width: 100%;\n}\n<\/style>\n\t<\/div>\n\t\n\n\n\t\t<\/div>\n\t\t\t\t\t<\/div>\n\n\t\n\n<\/div>\n<div class=\"row align-middle align-center\"  id=\"row-1695503433\">\n\n\n\t<div id=\"col-1759306657\" class=\"col medium-4 small-12 large-4\"  >\n\t\t\t\t<div class=\"col-inner\"  >\n\t\t\t\n\t\t\t\n\n\t<div class=\"img has-hover x md-x lg-x y md-y lg-y\" id=\"image_2088209297\">\n\t\t\t\t\t\t\t\t<div class=\"img-inner image-zoom dark\" >\n\t\t\t<img decoding=\"async\" width=\"600\" height=\"800\" src=\"https:\/\/promak.si\/wp-content\/uploads\/2022\/09\/posip-cvetja-poroka.jpg\" class=\"attachment-large size-large\" alt=\"\" srcset=\"https:\/\/promak.si\/wp-content\/uploads\/2022\/09\/posip-cvetja-poroka.jpg 600w, https:\/\/promak.si\/wp-content\/uploads\/2022\/09\/posip-cvetja-poroka-400x533.jpg 400w, https:\/\/promak.si\/wp-content\/uploads\/2022\/09\/posip-cvetja-poroka-555x740.jpg 555w, https:\/\/promak.si\/wp-content\/uploads\/2022\/09\/posip-cvetja-poroka-225x300.jpg 225w\" sizes=\"(max-width: 600px) 100vw, 600px\">\t\t\t\t\t\t\n\t\t\t\t\t<\/div>\n\t\t\t\t\t\t\t\t\n<style>\n#image_2088209297 {\n  width: 100%;\n}\n<\/style>\n\t<\/div>\n\t\n\n\n\t\t<\/div>\n\t\t\t\t\t<\/div>\n\n\t\n\n\t<div id=\"col-1971492507\" class=\"col medium-8 small-12 large-8\"  >\n\t\t\t\t<div class=\"col-inner\"  >\n\t\t\t\n\t\t\t\n\n\t<div id=\"text-439163374\" class=\"text naslov\">\n\t\t\n\n<h3>Cvije\u0107e za vjen\u010danje pred nevjestom i mlado\u017eenjom<\/h3>\n<p>Cvije\u0107e za vjen\u010danje mo\u017eemo tako\u0111er koristiti kao i za <strong>posipanje puta<\/strong> pred mladencima.<\/p>\n<p>Cvije\u0107e za vjen\u010danje mo\u017eemo pripremiti u <strong>pletenim ko\u0161arama<\/strong> i djeca ili djeveru\u0161e mogu to cvije\u010de posipati pred nevjestom. Kao cvije\u010de za vjen\u010danje mogu se tako\u0111er koristiti papirni leptiri\u0107i u boji, golubovi ili srca od svilenog papira.<\/p>\n\t\t\t<\/div>\n\t\n\t<div id=\"gap-532480841\" class=\"gap-element clearfix\" style=\"display:block; height:auto;\">\n\t\t\n<style>\n#gap-532480841 {\n  padding-top: 30px;\n}\n<\/style>\n\t<\/div>\n\t\n\n<div class=\"row row-collapse align-middle gold-box\"  id=\"row-886057954\">\n\n\n\t<div id=\"col-1668616501\" class=\"col medium-8 small-12 large-8\"  >\n\t\t\t\t<div class=\"col-inner dark\"  >\n\t\t\t\n\t\t\t\n\n<p class=\"lead\">Trebate li pomo\u0107 oko planiranja vjen\u010danja? Ogla\u0161avajte se kod nas na adresi Hladilni\u0161ka poti 42 u Ljubljani i dopustite na\u0161im stru\u010dnjacima da za vas odaberu najbolja rje\u0161enja.<\/p>\n<a href=\"\/hr\/kontakt\/\" class=\"button white\" >\n\t\t<span>Kako do\u0107i do nas<\/span>\n\t<\/a>\n\n\n<a href=\"tel:38614300803\" class=\"button white\" >\n\t\t<span>nazovite nas<\/span>\n\t<\/a>\n\n\n\n\t\t<\/div>\n\t\t\t\t\n<style>\n#col-1668616501 > .col-inner {\n  padding: 20px 15px 20px 15px;\n}\n@media (min-width:550px) {\n  #col-1668616501 > .col-inner {\n    padding: 20px 15px 20px 15px;\n  }\n}\n@media (min-width:850px) {\n  #col-1668616501 > .col-inner {\n    padding: 0px 30px 0px 30px;\n  }\n}\n<\/style>\n\t<\/div>\n\n\t\n\n\t<div id=\"col-762196051\" class=\"col medium-4 small-12 large-4\"  >\n\t\t\t\t<div class=\"col-inner\"  >\n\t\t\t\n\t\t\t\n\n\t<div class=\"img has-hover x md-x lg-x y md-y lg-y\" id=\"image_374927073\">\n\t\t\t\t\t\t\t\t<div class=\"img-inner dark\" >\n\t\t\t<img decoding=\"async\" width=\"570\" height=\"640\" src=\"https:\/\/promak.si\/wp-content\/uploads\/2022\/09\/poroka-promak.jpg\" class=\"attachment-medium_large size-medium_large\" alt=\"\" srcset=\"https:\/\/promak.si\/wp-content\/uploads\/2022\/09\/poroka-promak.jpg 570w, https:\/\/promak.si\/wp-content\/uploads\/2022\/09\/poroka-promak-400x449.jpg 400w, https:\/\/promak.si\/wp-content\/uploads\/2022\/09\/poroka-promak-555x623.jpg 555w, https:\/\/promak.si\/wp-content\/uploads\/2022\/09\/poroka-promak-267x300.jpg 267w\" sizes=\"(max-width: 570px) 100vw, 570px\">\t\t\t\t\t\t\n\t\t\t\t\t<\/div>\n\t\t\t\t\t\t\t\t\n<style>\n#image_374927073 {\n  width: 100%;\n}\n<\/style>\n\t<\/div>\n\t\n\n\n\t\t<\/div>\n\t\t\t\t\t<\/div>\n\n\t\n\n<\/div>\n\n\t\t<\/div>\n\t\t\t\t\n<style>\n#col-1971492507 > .col-inner {\n  padding: 0px 0px 0px 0px;\n}\n@media (min-width:550px) {\n  #col-1971492507 > .col-inner {\n    padding: 0px 0px 0px 0px;\n  }\n}\n@media (min-width:850px) {\n  #col-1971492507 > .col-inner {\n    padding: 0px 0px 0px 100px;\n  }\n}\n<\/style>\n\t<\/div>\n\n\t\n\n<\/div>\n\t<div id=\"gap-625102949\" class=\"gap-element clearfix\" style=\"display:block; height:auto;\">\n\t\t\n<style>\n#gap-625102949 {\n  padding-top: 30px;\n}\n@media (min-width:550px) {\n  #gap-625102949 {\n    padding-top: 60px;\n  }\n}\n<\/style>\n\t<\/div>\n\t\n\n<div class=\"row\"  id=\"row-1712225233\">\n\n\n\t<div id=\"col-1145724605\" class=\"col small-12 large-12\"  >\n\t\t\t\t<div class=\"col-inner\"  >\n\t\t\t\n\t\t\t\n\n\t<div id=\"text-1480452518\" class=\"text naslov\">\n\t\t\n\n<h2>Galerija slika<\/h2>\n\t\t\t<\/div>\n\t\n\n  \n    <div class=\"row large-columns-6 medium-columns-3 small-columns-2 row-collapse\" >\n  <div class=\"gallery-col col\" >\n          <div class=\"col-inner\">\n            <a class=\"image-lightbox lightbox-gallery\" href=\"https:\/\/promak.si\/wp-content\/uploads\/2022\/09\/Porocno-cvetje-za-posip-4.jpg\" title=\"\">            <div class=\"box has-hover gallery-box box-none\">\n              <div class=\"box-image image-cover\" style=\"padding-top:100%;\">\n                <img decoding=\"async\" width=\"768\" height=\"321\" src=\"https:\/\/promak.si\/wp-content\/uploads\/2022\/09\/Porocno-cvetje-za-posip-4-768x321.jpg\" class=\"attachment-medium_large size-medium_large\" alt=\"\" ids=\"9539,9537,9536,9538,9531,9532,9533,9534,9535\" style=\"none\" lightbox_image_size=\"original\" col_spacing=\"collapse\" columns=\"6\" image_height=\"100%\" image_size=\"medium_large\" srcset=\"https:\/\/promak.si\/wp-content\/uploads\/2022\/09\/Porocno-cvetje-za-posip-4-768x321.jpg 768w, https:\/\/promak.si\/wp-content\/uploads\/2022\/09\/Porocno-cvetje-za-posip-4-400x167.jpg 400w, https:\/\/promak.si\/wp-content\/uploads\/2022\/09\/Porocno-cvetje-za-posip-4-900x376.jpg 900w, https:\/\/promak.si\/wp-content\/uploads\/2022\/09\/Porocno-cvetje-za-posip-4-300x125.jpg 300w, https:\/\/promak.si\/wp-content\/uploads\/2022\/09\/Porocno-cvetje-za-posip-4-1024x427.jpg 1024w, https:\/\/promak.si\/wp-content\/uploads\/2022\/09\/Porocno-cvetje-za-posip-4.jpg 1030w\" sizes=\"(max-width: 768px) 100vw, 768px\">                                                              <\/div>\n              <div class=\"box-text text-left\" >\n                 <p><\/p>\n              <\/div>\n            <\/div>\n            <\/a>          <\/div>\n         <\/div><div class=\"gallery-col col\" >\n          <div class=\"col-inner\">\n            <a class=\"image-lightbox lightbox-gallery\" href=\"https:\/\/promak.si\/wp-content\/uploads\/2022\/09\/porocno-cvetje-za-posip-3.jpg\" title=\"\">            <div class=\"box has-hover gallery-box box-none\">\n              <div class=\"box-image image-cover\" style=\"padding-top:100%;\">\n                <img decoding=\"async\" width=\"700\" height=\"466\" src=\"https:\/\/promak.si\/wp-content\/uploads\/2022\/09\/porocno-cvetje-za-posip-3.jpg\" class=\"attachment-medium_large size-medium_large\" alt=\"\" ids=\"9539,9537,9536,9538,9531,9532,9533,9534,9535\" style=\"none\" lightbox_image_size=\"original\" col_spacing=\"collapse\" columns=\"6\" image_height=\"100%\" image_size=\"medium_large\" srcset=\"https:\/\/promak.si\/wp-content\/uploads\/2022\/09\/porocno-cvetje-za-posip-3.jpg 700w, https:\/\/promak.si\/wp-content\/uploads\/2022\/09\/porocno-cvetje-za-posip-3-400x266.jpg 400w, https:\/\/promak.si\/wp-content\/uploads\/2022\/09\/porocno-cvetje-za-posip-3-555x369.jpg 555w, https:\/\/promak.si\/wp-content\/uploads\/2022\/09\/porocno-cvetje-za-posip-3-300x200.jpg 300w\" sizes=\"(max-width: 700px) 100vw, 700px\">                                                              <\/div>\n              <div class=\"box-text text-left\" >\n                 <p><\/p>\n              <\/div>\n            <\/div>\n            <\/a>          <\/div>\n         <\/div><div class=\"gallery-col col\" >\n          <div class=\"col-inner\">\n            <a class=\"image-lightbox lightbox-gallery\" href=\"https:\/\/promak.si\/wp-content\/uploads\/2022\/09\/porocno-cvetje-za-posip-2.jpg\" title=\"\">            <div class=\"box has-hover gallery-box box-none\">\n              <div class=\"box-image image-cover\" style=\"padding-top:100%;\">\n                <img decoding=\"async\" width=\"700\" height=\"466\" src=\"https:\/\/promak.si\/wp-content\/uploads\/2022\/09\/porocno-cvetje-za-posip-2.jpg\" class=\"attachment-medium_large size-medium_large\" alt=\"\" ids=\"9539,9537,9536,9538,9531,9532,9533,9534,9535\" style=\"none\" lightbox_image_size=\"original\" col_spacing=\"collapse\" columns=\"6\" image_height=\"100%\" image_size=\"medium_large\" srcset=\"https:\/\/promak.si\/wp-content\/uploads\/2022\/09\/porocno-cvetje-za-posip-2.jpg 700w, https:\/\/promak.si\/wp-content\/uploads\/2022\/09\/porocno-cvetje-za-posip-2-400x266.jpg 400w, https:\/\/promak.si\/wp-content\/uploads\/2022\/09\/porocno-cvetje-za-posip-2-555x369.jpg 555w, https:\/\/promak.si\/wp-content\/uploads\/2022\/09\/porocno-cvetje-za-posip-2-300x200.jpg 300w\" sizes=\"(max-width: 700px) 100vw, 700px\">                                                              <\/div>\n              <div class=\"box-text text-left\" >\n                 <p><\/p>\n              <\/div>\n            <\/div>\n            <\/a>          <\/div>\n         <\/div><div class=\"gallery-col col\" >\n          <div class=\"col-inner\">\n            <a class=\"image-lightbox lightbox-gallery\" href=\"https:\/\/promak.si\/wp-content\/uploads\/2022\/09\/porocno-cvetje-za-posip-1.jpg\" title=\"\">            <div class=\"box has-hover gallery-box box-none\">\n              <div class=\"box-image image-cover\" style=\"padding-top:100%;\">\n                <img decoding=\"async\" width=\"700\" height=\"466\" src=\"https:\/\/promak.si\/wp-content\/uploads\/2022\/09\/porocno-cvetje-za-posip-1.jpg\" class=\"attachment-medium_large size-medium_large\" alt=\"\" ids=\"9539,9537,9536,9538,9531,9532,9533,9534,9535\" style=\"none\" lightbox_image_size=\"original\" col_spacing=\"collapse\" columns=\"6\" image_height=\"100%\" image_size=\"medium_large\" srcset=\"https:\/\/promak.si\/wp-content\/uploads\/2022\/09\/porocno-cvetje-za-posip-1.jpg 700w, https:\/\/promak.si\/wp-content\/uploads\/2022\/09\/porocno-cvetje-za-posip-1-400x266.jpg 400w, https:\/\/promak.si\/wp-content\/uploads\/2022\/09\/porocno-cvetje-za-posip-1-555x369.jpg 555w, https:\/\/promak.si\/wp-content\/uploads\/2022\/09\/porocno-cvetje-za-posip-1-300x200.jpg 300w\" sizes=\"(max-width: 700px) 100vw, 700px\">                                                              <\/div>\n              <div class=\"box-text text-left\" >\n                 <p><\/p>\n              <\/div>\n            <\/div>\n            <\/a>          <\/div>\n         <\/div><div class=\"gallery-col col\" >\n          <div class=\"col-inner\">\n            <a class=\"image-lightbox lightbox-gallery\" href=\"https:\/\/promak.si\/wp-content\/uploads\/2022\/09\/cena-cvetje-za-posip.jpg\" title=\"\">            <div class=\"box has-hover gallery-box box-none\">\n              <div class=\"box-image image-cover\" style=\"padding-top:100%;\">\n                <img decoding=\"async\" width=\"687\" height=\"1030\" src=\"https:\/\/promak.si\/wp-content\/uploads\/2022\/09\/cena-cvetje-za-posip.jpg\" class=\"attachment-medium_large size-medium_large\" alt=\"\" ids=\"9539,9537,9536,9538,9531,9532,9533,9534,9535\" style=\"none\" lightbox_image_size=\"original\" col_spacing=\"collapse\" columns=\"6\" image_height=\"100%\" image_size=\"medium_large\" srcset=\"https:\/\/promak.si\/wp-content\/uploads\/2022\/09\/cena-cvetje-za-posip.jpg 687w, https:\/\/promak.si\/wp-content\/uploads\/2022\/09\/cena-cvetje-za-posip-400x600.jpg 400w, https:\/\/promak.si\/wp-content\/uploads\/2022\/09\/cena-cvetje-za-posip-555x832.jpg 555w, https:\/\/promak.si\/wp-content\/uploads\/2022\/09\/cena-cvetje-za-posip-200x300.jpg 200w, https:\/\/promak.si\/wp-content\/uploads\/2022\/09\/cena-cvetje-za-posip-683x1024.jpg 683w\" sizes=\"(max-width: 687px) 100vw, 687px\">                                                              <\/div>\n              <div class=\"box-text text-left\" >\n                 <p><\/p>\n              <\/div>\n            <\/div>\n            <\/a>          <\/div>\n         <\/div><div class=\"gallery-col col\" >\n          <div class=\"col-inner\">\n            <a class=\"image-lightbox lightbox-gallery\" href=\"https:\/\/promak.si\/wp-content\/uploads\/2022\/09\/cvetje-za-posip-miza-porocna.jpg\" title=\"\">            <div class=\"box has-hover gallery-box box-none\">\n              <div class=\"box-image image-cover\" style=\"padding-top:100%;\">\n                <img decoding=\"async\" width=\"700\" height=\"466\" src=\"https:\/\/promak.si\/wp-content\/uploads\/2022\/09\/cvetje-za-posip-miza-porocna.jpg\" class=\"attachment-medium_large size-medium_large\" alt=\"\" ids=\"9539,9537,9536,9538,9531,9532,9533,9534,9535\" style=\"none\" lightbox_image_size=\"original\" col_spacing=\"collapse\" columns=\"6\" image_height=\"100%\" image_size=\"medium_large\" srcset=\"https:\/\/promak.si\/wp-content\/uploads\/2022\/09\/cvetje-za-posip-miza-porocna.jpg 700w, https:\/\/promak.si\/wp-content\/uploads\/2022\/09\/cvetje-za-posip-miza-porocna-400x266.jpg 400w, https:\/\/promak.si\/wp-content\/uploads\/2022\/09\/cvetje-za-posip-miza-porocna-555x369.jpg 555w, https:\/\/promak.si\/wp-content\/uploads\/2022\/09\/cvetje-za-posip-miza-porocna-300x200.jpg 300w\" sizes=\"(max-width: 700px) 100vw, 700px\">                                                              <\/div>\n              <div class=\"box-text text-left\" >\n                 <p><\/p>\n              <\/div>\n            <\/div>\n            <\/a>          <\/div>\n         <\/div><div class=\"gallery-col col\" >\n          <div class=\"col-inner\">\n            <a class=\"image-lightbox lightbox-gallery\" href=\"https:\/\/promak.si\/wp-content\/uploads\/2022\/09\/cvetje-za-posip-poroka.jpg\" title=\"\">            <div class=\"box has-hover gallery-box box-none\">\n              <div class=\"box-image image-cover\" style=\"padding-top:100%;\">\n                <img decoding=\"async\" width=\"700\" height=\"1016\" src=\"https:\/\/promak.si\/wp-content\/uploads\/2022\/09\/cvetje-za-posip-poroka.jpg\" class=\"attachment-medium_large size-medium_large\" alt=\"\" ids=\"9539,9537,9536,9538,9531,9532,9533,9534,9535\" style=\"none\" lightbox_image_size=\"original\" col_spacing=\"collapse\" columns=\"6\" image_height=\"100%\" image_size=\"medium_large\" srcset=\"https:\/\/promak.si\/wp-content\/uploads\/2022\/09\/cvetje-za-posip-poroka.jpg 700w, https:\/\/promak.si\/wp-content\/uploads\/2022\/09\/cvetje-za-posip-poroka-400x581.jpg 400w, https:\/\/promak.si\/wp-content\/uploads\/2022\/09\/cvetje-za-posip-poroka-555x806.jpg 555w, https:\/\/promak.si\/wp-content\/uploads\/2022\/09\/cvetje-za-posip-poroka-207x300.jpg 207w\" sizes=\"(max-width: 700px) 100vw, 700px\">                                                              <\/div>\n              <div class=\"box-text text-left\" >\n                 <p><\/p>\n              <\/div>\n            <\/div>\n            <\/a>          <\/div>\n         <\/div><div class=\"gallery-col col\" >\n          <div class=\"col-inner\">\n            <a class=\"image-lightbox lightbox-gallery\" href=\"https:\/\/promak.si\/wp-content\/uploads\/2022\/09\/metulji-za-posip-poroka.jpg\" title=\"\">            <div class=\"box has-hover gallery-box box-none\">\n              <div class=\"box-image image-cover\" style=\"padding-top:100%;\">\n                <img decoding=\"async\" width=\"687\" height=\"1030\" src=\"https:\/\/promak.si\/wp-content\/uploads\/2022\/09\/metulji-za-posip-poroka.jpg\" class=\"attachment-medium_large size-medium_large\" alt=\"\" ids=\"9539,9537,9536,9538,9531,9532,9533,9534,9535\" style=\"none\" lightbox_image_size=\"original\" col_spacing=\"collapse\" columns=\"6\" image_height=\"100%\" image_size=\"medium_large\" srcset=\"https:\/\/promak.si\/wp-content\/uploads\/2022\/09\/metulji-za-posip-poroka.jpg 687w, https:\/\/promak.si\/wp-content\/uploads\/2022\/09\/metulji-za-posip-poroka-400x600.jpg 400w, https:\/\/promak.si\/wp-content\/uploads\/2022\/09\/metulji-za-posip-poroka-555x832.jpg 555w, https:\/\/promak.si\/wp-content\/uploads\/2022\/09\/metulji-za-posip-poroka-200x300.jpg 200w, https:\/\/promak.si\/wp-content\/uploads\/2022\/09\/metulji-za-posip-poroka-683x1024.jpg 683w\" sizes=\"(max-width: 687px) 100vw, 687px\">                                                              <\/div>\n              <div class=\"box-text text-left\" >\n                 <p><\/p>\n              <\/div>\n            <\/div>\n            <\/a>          <\/div>\n         <\/div><div class=\"gallery-col col\" >\n          <div class=\"col-inner\">\n            <a class=\"image-lightbox lightbox-gallery\" href=\"https:\/\/promak.si\/wp-content\/uploads\/2022\/09\/papircki-za-posip-poroka.jpg\" title=\"\">            <div class=\"box has-hover gallery-box box-none\">\n              <div class=\"box-image image-cover\" style=\"padding-top:100%;\">\n                <img decoding=\"async\" width=\"687\" height=\"1030\" src=\"https:\/\/promak.si\/wp-content\/uploads\/2022\/09\/papircki-za-posip-poroka.jpg\" class=\"attachment-medium_large size-medium_large\" alt=\"\" ids=\"9539,9537,9536,9538,9531,9532,9533,9534,9535\" style=\"none\" lightbox_image_size=\"original\" col_spacing=\"collapse\" columns=\"6\" image_height=\"100%\" image_size=\"medium_large\" srcset=\"https:\/\/promak.si\/wp-content\/uploads\/2022\/09\/papircki-za-posip-poroka.jpg 687w, https:\/\/promak.si\/wp-content\/uploads\/2022\/09\/papircki-za-posip-poroka-400x600.jpg 400w, https:\/\/promak.si\/wp-content\/uploads\/2022\/09\/papircki-za-posip-poroka-555x832.jpg 555w, https:\/\/promak.si\/wp-content\/uploads\/2022\/09\/papircki-za-posip-poroka-200x300.jpg 200w, https:\/\/promak.si\/wp-content\/uploads\/2022\/09\/papircki-za-posip-poroka-683x1024.jpg 683w\" sizes=\"(max-width: 687px) 100vw, 687px\">                                                              <\/div>\n              <div class=\"box-text text-left\" >\n                 <p><\/p>\n              <\/div>\n            <\/div>\n            <\/a>          <\/div>\n         <\/div><\/div>\n\n\n\t\t<\/div>\n\t\t\t\t\t<\/div>\n\n\t\n\n<\/div>\n","protected":false},"excerpt":{"rendered":"","protected":false},"author":1,"featured_media":0,"parent":10904,"menu_order":0,"comment_status":"closed","ping_status":"closed","template":"page-blank.php","meta":{"footnotes":""},"class_list":["post-10954","page","type-page","status-publish","hentry"],"_links":{"self":[{"href":"https:\/\/promak.si\/hr\/wp-json\/wp\/v2\/pages\/10954","targetHints":{"allow":["GET"]}}],"collection":[{"href":"https:\/\/promak.si\/hr\/wp-json\/wp\/v2\/pages"}],"about":[{"href":"https:\/\/promak.si\/hr\/wp-json\/wp\/v2\/types\/page"}],"author":[{"embeddable":true,"href":"https:\/\/promak.si\/hr\/wp-json\/wp\/v2\/users\/1"}],"replies":[{"embeddable":true,"href":"https:\/\/promak.si\/hr\/wp-json\/wp\/v2\/comments?post=10954"}],"version-history":[{"count":0,"href":"https:\/\/promak.si\/hr\/wp-json\/wp\/v2\/pages\/10954\/revisions"}],"up":[{"embeddable":true,"href":"https:\/\/promak.si\/hr\/wp-json\/wp\/v2\/pages\/10904"}],"wp:attachment":[{"href":"https:\/\/promak.si\/hr\/wp-json\/wp\/v2\/media?parent=10954"}],"curies":[{"name":"wp","href":"https:\/\/api.w.org\/{rel}","templated":true}]}}