{"id":10864,"date":"2022-10-02T11:28:56","date_gmt":"2022-10-02T09:28:56","guid":{"rendered":"https:\/\/promak.si\/ponuda\/darilna-embalaza\/dekorativno-belo-perje\/"},"modified":"2022-10-19T11:11:29","modified_gmt":"2022-10-19T09:11:29","slug":"ukrasno-bijelo-perje","status":"publish","type":"page","link":"https:\/\/promak.si\/hr\/ambalaza-za-poklone\/ukrasno-perje\/","title":{"rendered":"Ukrasno bijelo perje"},"content":{"rendered":"\n<div class=\"row row-full-width align-middle naslov-strani\"  id=\"row-2080294897\">\n\n\n\t<div id=\"col-127111719\" class=\"col small-12 large-12\"  >\n\t\t\t\t<div class=\"col-inner text-center\"  >\n\t\t\t\n\t\t\t\n\n  <div id=\"page-header-287634767\" class=\"page-header-wrapper\">\n  <div class=\"page-title light divided-title\">\n\n    \n    <div class=\"page-title-inner container align-center text-center flex-row-col medium-flex-wrap\" >\n              <div class=\"title-wrapper flex-col\">\n          <h1 class=\"entry-title mb-0\">\n            Ukrasno bijelo perje          <\/h1>\n        <\/div>\n                    <div class=\"title-content flex-col\">\n        <div class=\"title-breadcrumbs pb-half pt-half\"><\/div>      <\/div>\n    <\/div>\n\n       <\/div>\n  <div class=\"container header-wrapper-divider\"><hr\/><\/div>  <\/div>\n  \n\n\n\t\t<\/div>\n\t\t\t\t\t<\/div>\n\n\t\n\n\n<style>\n#row-2080294897 > .col > .col-inner {\n  padding: 0px 0px 0px 0px;\n}\n<\/style>\n<\/div>\n\t<div id=\"gap-2002748296\" class=\"gap-element clearfix\" style=\"display:block; height:auto;\">\n\t\t\n<style>\n#gap-2002748296 {\n  padding-top: 30px;\n}\n<\/style>\n\t<\/div>\n\t\n\n<div class=\"row align-center\"  id=\"row-689540752\">\n\n\n\t<div id=\"col-661285977\" class=\"col small-12 large-12\"  >\n\t\t\t\t<div class=\"col-inner\"  >\n\t\t\t\n\t\t\t\n\n\t<div class=\"img has-hover x md-x lg-x y md-y lg-y\" id=\"image_394459218\">\n\t\t\t\t\t\t\t\t<div class=\"img-inner image-zoom dark\" >\n\t\t\t<img decoding=\"async\" width=\"1400\" height=\"700\" src=\"https:\/\/promak.si\/wp-content\/uploads\/2022\/10\/Dekorativno-perje-belo.jpg\" class=\"attachment-original size-original\" alt=\"\" srcset=\"https:\/\/promak.si\/wp-content\/uploads\/2022\/10\/Dekorativno-perje-belo.jpg 1400w, https:\/\/promak.si\/wp-content\/uploads\/2022\/10\/Dekorativno-perje-belo-400x200.jpg 400w, https:\/\/promak.si\/wp-content\/uploads\/2022\/10\/Dekorativno-perje-belo-900x450.jpg 900w, https:\/\/promak.si\/wp-content\/uploads\/2022\/10\/Dekorativno-perje-belo-300x150.jpg 300w, https:\/\/promak.si\/wp-content\/uploads\/2022\/10\/Dekorativno-perje-belo-1024x512.jpg 1024w, https:\/\/promak.si\/wp-content\/uploads\/2022\/10\/Dekorativno-perje-belo-768x384.jpg 768w\" sizes=\"(max-width: 1400px) 100vw, 1400px\">\t\t\t\t\t\t\n\t\t\t\t\t<\/div>\n\t\t\t\t\t\t\t\t\n<style>\n#image_394459218 {\n  width: 100%;\n}\n<\/style>\n\t<\/div>\n\t\n\n\n\t\t<\/div>\n\t\t\t\t\t<\/div>\n\n\t\n\n<\/div>\n<div class=\"row align-middle\"  id=\"row-1943479354\">\n\n\n\t<div id=\"col-1732024911\" class=\"col medium-8 small-12 large-8\"  >\n\t\t\t\t<div class=\"col-inner\"  >\n\t\t\t\n\t\t\t\n\n\t<div id=\"text-455881803\" class=\"text naslov\">\n\t\t\n\n<h2>Ukrasno perje &#8211; bijelo<\/h2>\n<h4>Bijelo gu\u0161\u010dje perje<\/h4>\n<p>Potpuno prirodno <strong>bijelo gu\u0161\u010dje perje<\/strong> pakirano je u pakiranjima od 30g. Cijena jednog paketa je <strong>2 \u20ac + PDV<\/strong>. Mo\u017ee se kupovati i na kilograme, cijena po dogovoru.<\/p>\n<h4>Nojevo bijelo perje<\/h4>\n<p>Nojevo perje mnogo je ve\u0107e od gu\u0161\u010djeg. Bijelo nojevo perje dose\u017ee duljinu i do 85 cm i uglavnom se koristi za ukra\u0161avanje vaza. Vrlo su korisni za ukra\u0161avanje vjen\u010danja.<\/p>\n<h4>Obojeno perje za ukras<\/h4>\n<p>U Promaku mo\u017eete nabaviti i drugo perje u boji za ukras.<\/p>\n<p>Bijelo ukrasno perje koristi se za ukra\u0161avanje ko\u0161ara, vaza i stolova. Mo\u017eete ga koristiti i za uskrsne ukrase. U perje mo\u017eete staviti uskr\u0161nju strnadicu ili druge ukrase.<\/p>\n\n\t\t\t<\/div>\n\t\n<div class=\"row row-collapse align-middle gold-box\"  id=\"row-1208740777\">\n\n\n\t<div id=\"col-464097481\" class=\"col medium-8 small-12 large-8\"  >\n\t\t\t\t<div class=\"col-inner dark\"  >\n\t\t\t\n\t\t\t\n\n<p class=\"lead\">Trebate li pomo\u0107 oko ukra\u0161avanja doga\u0111aja? Ogla\u0161avajte se kod nas na adresi Hladilni\u0161ka poti 42 u Ljubljani i dopustite na\u0161im stru\u010dnjacima da za vas odaberu najbolja rje\u0161enja.<\/p>\n\n<a href=\"\/hr\/kontakt\/\" class=\"button white\" >\n\t\t<span>Kako do\u0107i do nas<\/span>\n\t<\/a>\n\n\n<a href=\"tel:38614300803\" class=\"button white\" >\n\t\t<span>nazovite nas<\/span>\n\t<\/a>\n\n\n\n\t\t<\/div>\n\t\t\t\t\n<style>\n#col-464097481 > .col-inner {\n  padding: 15px 15px 0px 15px;\n}\n@media (min-width:550px) {\n  #col-464097481 > .col-inner {\n    padding: 15px 15px 0px 15px;\n  }\n}\n@media (min-width:850px) {\n  #col-464097481 > .col-inner {\n    padding: 15px 30px 0px 30px;\n  }\n}\n<\/style>\n\t<\/div>\n\n\t\n\n\t<div id=\"col-1404184245\" class=\"col medium-4 small-12 large-4\"  >\n\t\t\t\t<div class=\"col-inner\"  >\n\t\t\t\n\t\t\t\n\n\t<div class=\"img has-hover x md-x lg-x y md-y lg-y\" id=\"image_286913530\">\n\t\t\t\t\t\t\t\t<div class=\"img-inner dark\" >\n\t\t\t<img decoding=\"async\" width=\"779\" height=\"749\" src=\"https:\/\/promak.si\/wp-content\/uploads\/2022\/10\/image.jpeg\" class=\"attachment-original size-original\" alt=\"\" srcset=\"https:\/\/promak.si\/wp-content\/uploads\/2022\/10\/image.jpeg 779w, https:\/\/promak.si\/wp-content\/uploads\/2022\/10\/image-400x385.jpeg 400w, https:\/\/promak.si\/wp-content\/uploads\/2022\/10\/image-700x673.jpeg 700w, https:\/\/promak.si\/wp-content\/uploads\/2022\/10\/image-300x288.jpeg 300w, https:\/\/promak.si\/wp-content\/uploads\/2022\/10\/image-768x738.jpeg 768w\" sizes=\"(max-width: 779px) 100vw, 779px\">\t\t\t\t\t\t\n\t\t\t\t\t<\/div>\n\t\t\t\t\t\t\t\t\n<style>\n#image_286913530 {\n  width: 100%;\n}\n<\/style>\n\t<\/div>\n\t\n\n\n\t\t<\/div>\n\t\t\t\t\t<\/div>\n\n\t\n\n<\/div>\n\n\t\t<\/div>\n\t\t\t\t\n<style>\n#col-1732024911 > .col-inner {\n  padding: 0px 0px 0px 0px;\n}\n@media (min-width:550px) {\n  #col-1732024911 > .col-inner {\n    padding: 0px 0px 0px 0px;\n  }\n}\n@media (min-width:850px) {\n  #col-1732024911 > .col-inner {\n    padding: 0px 100px 0px 0px;\n  }\n}\n<\/style>\n\t<\/div>\n\n\t\n\n\t<div id=\"col-1990187537\" class=\"col medium-4 small-12 large-4\"  >\n\t\t\t\t<div class=\"col-inner\"  >\n\t\t\t\n\t\t\t\n\n\t<div class=\"img has-hover x md-x lg-x y md-y lg-y\" id=\"image_2062531906\">\n\t\t\t\t\t\t\t\t<div class=\"img-inner image-zoom dark\" >\n\t\t\t<img decoding=\"async\" width=\"600\" height=\"800\" src=\"https:\/\/promak.si\/wp-content\/uploads\/2022\/10\/belo-perje.jpg\" class=\"attachment-large size-large\" alt=\"\" srcset=\"https:\/\/promak.si\/wp-content\/uploads\/2022\/10\/belo-perje.jpg 600w, https:\/\/promak.si\/wp-content\/uploads\/2022\/10\/belo-perje-400x533.jpg 400w, https:\/\/promak.si\/wp-content\/uploads\/2022\/10\/belo-perje-555x740.jpg 555w, https:\/\/promak.si\/wp-content\/uploads\/2022\/10\/belo-perje-225x300.jpg 225w\" sizes=\"(max-width: 600px) 100vw, 600px\">\t\t\t\t\t\t\n\t\t\t\t\t<\/div>\n\t\t\t\t\t\t\t\t\n<style>\n#image_2062531906 {\n  width: 100%;\n}\n<\/style>\n\t<\/div>\n\t\n\n\t<div class=\"img has-hover x md-x lg-x y md-y lg-y\" id=\"image_77160316\">\n\t\t\t\t\t\t\t\t<div class=\"img-inner image-zoom dark\" >\n\t\t\t\t\t\t\t\t\t\n\t\t\t\t\t<\/div>\n\t\t\t\t\t\t\t\t\n<style>\n#image_77160316 {\n  width: 100%;\n}\n<\/style>\n\t<\/div>\n\t\n\n\n\t\t<\/div>\n\t\t\t\t\t<\/div>\n\n\t\n\n<\/div>\n\n","protected":false},"excerpt":{"rendered":"","protected":false},"author":1,"featured_media":0,"parent":10790,"menu_order":0,"comment_status":"closed","ping_status":"closed","template":"page-blank.php","meta":{"footnotes":""},"class_list":["post-10864","page","type-page","status-publish","hentry"],"_links":{"self":[{"href":"https:\/\/promak.si\/hr\/wp-json\/wp\/v2\/pages\/10864","targetHints":{"allow":["GET"]}}],"collection":[{"href":"https:\/\/promak.si\/hr\/wp-json\/wp\/v2\/pages"}],"about":[{"href":"https:\/\/promak.si\/hr\/wp-json\/wp\/v2\/types\/page"}],"author":[{"embeddable":true,"href":"https:\/\/promak.si\/hr\/wp-json\/wp\/v2\/users\/1"}],"replies":[{"embeddable":true,"href":"https:\/\/promak.si\/hr\/wp-json\/wp\/v2\/comments?post=10864"}],"version-history":[{"count":0,"href":"https:\/\/promak.si\/hr\/wp-json\/wp\/v2\/pages\/10864\/revisions"}],"up":[{"embeddable":true,"href":"https:\/\/promak.si\/hr\/wp-json\/wp\/v2\/pages\/10790"}],"wp:attachment":[{"href":"https:\/\/promak.si\/hr\/wp-json\/wp\/v2\/media?parent=10864"}],"curies":[{"name":"wp","href":"https:\/\/api.w.org\/{rel}","templated":true}]}}