{"id":10851,"date":"2022-10-03T12:00:06","date_gmt":"2022-10-03T10:00:06","guid":{"rendered":"https:\/\/promak.si\/ponuda\/darilna-embalaza\/darilni-trakovi\/"},"modified":"2022-10-19T11:07:37","modified_gmt":"2022-10-19T09:07:37","slug":"poklon-vrpce","status":"publish","type":"page","link":"https:\/\/promak.si\/hr\/ambalaza-za-poklone\/trake-vrpce\/","title":{"rendered":"Poklon vrpce &#8211; trake"},"content":{"rendered":"\n<div class=\"row row-full-width align-middle naslov-strani\"  id=\"row-25425486\">\n\n\n\t<div id=\"col-1913113824\" class=\"col small-12 large-12\"  >\n\t\t\t\t<div class=\"col-inner text-center\"  >\n\t\t\t\n\t\t\t\n\n  <div id=\"page-header-1588938580\" class=\"page-header-wrapper\">\n  <div class=\"page-title light divided-title\">\n\n    \n    <div class=\"page-title-inner container align-center text-center flex-row-col medium-flex-wrap\" >\n              <div class=\"title-wrapper flex-col\">\n          <h1 class=\"entry-title mb-0\">\n            Poklon vrpce &#8211; trake          <\/h1>\n        <\/div>\n                    <div class=\"title-content flex-col\">\n        <div class=\"title-breadcrumbs pb-half pt-half\"><\/div>      <\/div>\n    <\/div>\n\n       <\/div>\n  <div class=\"container header-wrapper-divider\"><hr\/><\/div>  <\/div>\n  \n\n\n\t\t<\/div>\n\t\t\t\t\t<\/div>\n\n\t\n\n\n<style>\n#row-25425486 > .col > .col-inner {\n  padding: 0px 0px 0px 0px;\n}\n<\/style>\n<\/div>\n\t<div id=\"gap-1954464723\" class=\"gap-element clearfix\" style=\"display:block; height:auto;\">\n\t\t\n<style>\n#gap-1954464723 {\n  padding-top: 30px;\n}\n<\/style>\n\t<\/div>\n\t\n<div class=\"row\"  id=\"row-1066009959\">\n\n\t<div id=\"col-208102059\" class=\"col small-12 large-12\"  >\n\t\t\t\t<div class=\"col-inner\"  >\n\t\t\t\n\t\t\t\n\t<div class=\"img has-hover x md-x lg-x y md-y lg-y\" id=\"image_1367120028\">\n\t\t\t\t\t\t\t\t<div class=\"img-inner dark\" >\n\t\t\t<img decoding=\"async\" width=\"1400\" height=\"700\" src=\"https:\/\/promak.si\/wp-content\/uploads\/2022\/10\/Darilni-satenasti-trakovi.jpg\" class=\"attachment-original size-original\" alt=\"\" srcset=\"https:\/\/promak.si\/wp-content\/uploads\/2022\/10\/Darilni-satenasti-trakovi.jpg 1400w, https:\/\/promak.si\/wp-content\/uploads\/2022\/10\/Darilni-satenasti-trakovi-400x200.jpg 400w, https:\/\/promak.si\/wp-content\/uploads\/2022\/10\/Darilni-satenasti-trakovi-900x450.jpg 900w, https:\/\/promak.si\/wp-content\/uploads\/2022\/10\/Darilni-satenasti-trakovi-300x150.jpg 300w, https:\/\/promak.si\/wp-content\/uploads\/2022\/10\/Darilni-satenasti-trakovi-1024x512.jpg 1024w, https:\/\/promak.si\/wp-content\/uploads\/2022\/10\/Darilni-satenasti-trakovi-768x384.jpg 768w\" sizes=\"(max-width: 1400px) 100vw, 1400px\">\t\t\t\t\t\t\n\t\t\t\t\t<\/div>\n\t\t\t\t\t\t\t\t\n<style>\n#image_1367120028 {\n  width: 100%;\n}\n<\/style>\n\t<\/div>\n\t\n\t\t<\/div>\n\t\t\t\t\t<\/div>\n\n\t\n<\/div>\n<div class=\"row align-middle\"  id=\"row-275970521\">\n\n\t<div id=\"col-1049155204\" class=\"col medium-8 small-12 large-8\"  >\n\t\t\t\t<div class=\"col-inner\"  >\n\t\t\t\n\t\t\t\n\t<div id=\"text-4232837487\" class=\"text naslov\">\n\t\t\n<h2>Satenske poklon vrpce<\/h2>\n<p>Satenske poklon vrpce &#8211; najve\u0107i asortiman poklon vrpci u Sloveniji<\/p>\n<p>Mo\u017eete birati izme\u0111u najve\u0107e ponude <strong>poklon vrpci<\/strong> od <strong>satena<\/strong>, <strong>organze<\/strong>, <strong>tkanine<\/strong> ili < strong>papir< \/strong> u Sloveniji. Gotovo <strong>sve \u0161irine<\/strong> i <strong>sve boje<\/strong> na stanju. Od vrlo tankih uzica od 1 mm i vrpci od 3 mm do vrpci od 10, 20, 50 cm i organze.<\/p>\n<p>U ponudi imamo i veliki izbor tila svih boja, <strong>sizoweba<\/strong> i <strong>sizoflora.<\/strong><\/p>\n\t\t\t<\/div>\n\t\n\t<div id=\"gap-1480035102\" class=\"gap-element clearfix\" style=\"display:block; height:auto;\">\n\t\t\n<style>\n#gap-1480035102 {\n  padding-top: 30px;\n}\n<\/style>\n\t<\/div>\n\t\n<div class=\"row row-collapse align-middle gold-box\"  id=\"row-747689585\">\n\n\t<div id=\"col-1122973350\" class=\"col medium-8 small-12 large-8\"  >\n\t\t\t\t<div class=\"col-inner dark\"  >\n\t\t\t\n\t\t\t\n<p class=\"lead\">Trebate li pomo\u0107 oko ukra\u0161avanja doga\u0111aja? Ogla\u0161avajte se kod nas na adresi Hladilni\u0161ka poti 42 u Ljubljani i dopustite na\u0161im stru\u010dnjacima da za vas odaberu najbolja rje\u0161enja.<\/p>\n<a href=\"\/hr\/kontakt\/\" class=\"button white\" >\n\t\t<span>Kako do\u0107i do nas<\/span>\n\t<\/a>\n\n<a href=\"tel:38614300803\" class=\"button white\" >\n\t\t<span>nazovite nas<\/span>\n\t<\/a>\n\n\t\t<\/div>\n\t\t\t\t\n<style>\n#col-1122973350 > .col-inner {\n  padding: 15px 15px 0px 15px;\n}\n@media (min-width:550px) {\n  #col-1122973350 > .col-inner {\n    padding: 15px 15px 0px 15px;\n  }\n}\n@media (min-width:850px) {\n  #col-1122973350 > .col-inner {\n    padding: 15px 30px 0px 30px;\n  }\n}\n<\/style>\n\t<\/div>\n\n\t\n\n\t<div id=\"col-1874482577\" class=\"col medium-4 small-12 large-4\"  >\n\t\t\t\t<div class=\"col-inner\"  >\n\t\t\t\n\t\t\t\n\t<div class=\"img has-hover x md-x lg-x y md-y lg-y\" id=\"image_968648203\">\n\t\t\t\t\t\t\t\t<div class=\"img-inner dark\" >\n\t\t\t<img decoding=\"async\" width=\"779\" height=\"749\" src=\"https:\/\/promak.si\/wp-content\/uploads\/2022\/10\/image.jpeg\" class=\"attachment-original size-original\" alt=\"\" srcset=\"https:\/\/promak.si\/wp-content\/uploads\/2022\/10\/image.jpeg 779w, https:\/\/promak.si\/wp-content\/uploads\/2022\/10\/image-400x385.jpeg 400w, https:\/\/promak.si\/wp-content\/uploads\/2022\/10\/image-700x673.jpeg 700w, https:\/\/promak.si\/wp-content\/uploads\/2022\/10\/image-300x288.jpeg 300w, https:\/\/promak.si\/wp-content\/uploads\/2022\/10\/image-768x738.jpeg 768w\" sizes=\"(max-width: 779px) 100vw, 779px\">\t\t\t\t\t\t\n\t\t\t\t\t<\/div>\n\t\t\t\t\t\t\t\t\n<style>\n#image_968648203 {\n  width: 100%;\n}\n<\/style>\n\t<\/div>\n\t\n\t\t<\/div>\n\t\t\t\t\t<\/div>\n\n\t\n<\/div>\n\t\t<\/div>\n\t\t\t\t\n<style>\n#col-1049155204 > .col-inner {\n  padding: 0px 0px 0px 0px;\n}\n@media (min-width:550px) {\n  #col-1049155204 > .col-inner {\n    padding: 0px 0px 0px 0px;\n  }\n}\n@media (min-width:850px) {\n  #col-1049155204 > .col-inner {\n    padding: 20px 100px 0px 0px;\n  }\n}\n<\/style>\n\t<\/div>\n\n\t\n\n\t<div id=\"col-1341531828\" class=\"col medium-4 small-12 large-4\"  >\n\t\t\t\t<div class=\"col-inner\"  >\n\t\t\t\n\t\t\t\n\t<div class=\"img has-hover x md-x lg-x y md-y lg-y\" id=\"image_1627684474\">\n\t\t\t\t\t\t\t\t<div class=\"img-inner image-zoom dark\" >\n\t\t\t<img decoding=\"async\" width=\"600\" height=\"800\" src=\"https:\/\/promak.si\/wp-content\/uploads\/2022\/10\/darilni-trak-5.jpg\" class=\"attachment-large size-large\" alt=\"\" srcset=\"https:\/\/promak.si\/wp-content\/uploads\/2022\/10\/darilni-trak-5.jpg 600w, https:\/\/promak.si\/wp-content\/uploads\/2022\/10\/darilni-trak-5-400x533.jpg 400w, https:\/\/promak.si\/wp-content\/uploads\/2022\/10\/darilni-trak-5-555x740.jpg 555w, https:\/\/promak.si\/wp-content\/uploads\/2022\/10\/darilni-trak-5-225x300.jpg 225w\" sizes=\"(max-width: 600px) 100vw, 600px\">\t\t\t\t\t\t\n\t\t\t\t\t<\/div>\n\t\t\t\t\t\t\t\t\n<style>\n#image_1627684474 {\n  width: 100%;\n}\n<\/style>\n\t<\/div>\n\t\n\t\t<\/div>\n\t\t\t\t\t<\/div>\n\n\t\n<\/div>\n\t<div id=\"gap-953361955\" class=\"gap-element clearfix\" style=\"display:block; height:auto;\">\n\t\t\n<style>\n#gap-953361955 {\n  padding-top: 30px;\n}\n@media (min-width:550px) {\n  #gap-953361955 {\n    padding-top: 60px;\n  }\n}\n<\/style>\n\t<\/div>\n\t\n<div class=\"row\"  id=\"row-209766261\">\n\n\t<div id=\"col-727162174\" class=\"col small-12 large-12\"  >\n\t\t\t\t<div class=\"col-inner\"  >\n\t\t\t\n\t\t\t\n\t<div id=\"text-2087439610\" class=\"text naslov\">\n\t\t\n<h2>Galerija slika<\/h2>\n\t\t\t<\/div>\n\t\n\n  \n    <div class=\"row large-columns-6 medium-columns-3 small-columns-2 row-collapse\" >\n  <div class=\"gallery-col col\" >\n          <div class=\"col-inner\">\n            <a class=\"image-lightbox lightbox-gallery\" href=\"https:\/\/promak.si\/wp-content\/uploads\/2022\/10\/barvni-trak-saten-svilen-svila-zavijanje.jpg\" title=\"\">            <div class=\"box has-hover gallery-box box-none\">\n              <div class=\"box-image image-cover\" style=\"padding-top:100%;\">\n                <img decoding=\"async\" width=\"300\" height=\"169\" src=\"https:\/\/promak.si\/wp-content\/uploads\/2022\/10\/barvni-trak-saten-svilen-svila-zavijanje-300x169.jpg\" class=\"attachment-medium size-medium\" alt=\"\" ids=\"10248,10249,10250,10251,10252,10253,10254,10255,10256,10257,10258\" style=\"none\" lightbox_image_size=\"original\" col_spacing=\"collapse\" columns=\"6\" image_height=\"100%\" srcset=\"https:\/\/promak.si\/wp-content\/uploads\/2022\/10\/barvni-trak-saten-svilen-svila-zavijanje-300x169.jpg 300w, https:\/\/promak.si\/wp-content\/uploads\/2022\/10\/barvni-trak-saten-svilen-svila-zavijanje-400x225.jpg 400w, https:\/\/promak.si\/wp-content\/uploads\/2022\/10\/barvni-trak-saten-svilen-svila-zavijanje-700x394.jpg 700w, https:\/\/promak.si\/wp-content\/uploads\/2022\/10\/barvni-trak-saten-svilen-svila-zavijanje-768x432.jpg 768w, https:\/\/promak.si\/wp-content\/uploads\/2022\/10\/barvni-trak-saten-svilen-svila-zavijanje.jpg 900w\" sizes=\"(max-width: 300px) 100vw, 300px\">                                                              <\/div>\n              <div class=\"box-text text-left\" >\n                 <p><\/p>\n              <\/div>\n            <\/div>\n            <\/a>          <\/div>\n         <\/div><div class=\"gallery-col col\" >\n          <div class=\"col-inner\">\n            <a class=\"image-lightbox lightbox-gallery\" href=\"https:\/\/promak.si\/wp-content\/uploads\/2022\/10\/blago-trak-svila-zavijalni.jpg\" title=\"\">            <div class=\"box has-hover gallery-box box-none\">\n              <div class=\"box-image image-cover\" style=\"padding-top:100%;\">\n                <img decoding=\"async\" width=\"300\" height=\"169\" src=\"https:\/\/promak.si\/wp-content\/uploads\/2022\/10\/blago-trak-svila-zavijalni-300x169.jpg\" class=\"attachment-medium size-medium\" alt=\"\" ids=\"10248,10249,10250,10251,10252,10253,10254,10255,10256,10257,10258\" style=\"none\" lightbox_image_size=\"original\" col_spacing=\"collapse\" columns=\"6\" image_height=\"100%\" srcset=\"https:\/\/promak.si\/wp-content\/uploads\/2022\/10\/blago-trak-svila-zavijalni-300x169.jpg 300w, https:\/\/promak.si\/wp-content\/uploads\/2022\/10\/blago-trak-svila-zavijalni-400x225.jpg 400w, https:\/\/promak.si\/wp-content\/uploads\/2022\/10\/blago-trak-svila-zavijalni-700x394.jpg 700w, https:\/\/promak.si\/wp-content\/uploads\/2022\/10\/blago-trak-svila-zavijalni-768x432.jpg 768w, https:\/\/promak.si\/wp-content\/uploads\/2022\/10\/blago-trak-svila-zavijalni.jpg 900w\" sizes=\"(max-width: 300px) 100vw, 300px\">                                                              <\/div>\n              <div class=\"box-text text-left\" >\n                 <p><\/p>\n              <\/div>\n            <\/div>\n            <\/a>          <\/div>\n         <\/div><div class=\"gallery-col col\" >\n          <div class=\"col-inner\">\n            <a class=\"image-lightbox lightbox-gallery\" href=\"https:\/\/promak.si\/wp-content\/uploads\/2022\/10\/darilni-trak-1.jpg\" title=\"\">            <div class=\"box has-hover gallery-box box-none\">\n              <div class=\"box-image image-cover\" style=\"padding-top:100%;\">\n                <img decoding=\"async\" width=\"300\" height=\"200\" src=\"https:\/\/promak.si\/wp-content\/uploads\/2022\/10\/darilni-trak-1-300x200.jpg\" class=\"attachment-medium size-medium\" alt=\"\" ids=\"10248,10249,10250,10251,10252,10253,10254,10255,10256,10257,10258\" style=\"none\" lightbox_image_size=\"original\" col_spacing=\"collapse\" columns=\"6\" image_height=\"100%\" srcset=\"https:\/\/promak.si\/wp-content\/uploads\/2022\/10\/darilni-trak-1-300x200.jpg 300w, https:\/\/promak.si\/wp-content\/uploads\/2022\/10\/darilni-trak-1-400x266.jpg 400w, https:\/\/promak.si\/wp-content\/uploads\/2022\/10\/darilni-trak-1-700x466.jpg 700w, https:\/\/promak.si\/wp-content\/uploads\/2022\/10\/darilni-trak-1-768x511.jpg 768w, https:\/\/promak.si\/wp-content\/uploads\/2022\/10\/darilni-trak-1.jpg 900w\" sizes=\"(max-width: 300px) 100vw, 300px\">                                                              <\/div>\n              <div class=\"box-text text-left\" >\n                 <p><\/p>\n              <\/div>\n            <\/div>\n            <\/a>          <\/div>\n         <\/div><div class=\"gallery-col col\" >\n          <div class=\"col-inner\">\n            <a class=\"image-lightbox lightbox-gallery\" href=\"https:\/\/promak.si\/wp-content\/uploads\/2022\/10\/darilni-trak-2.jpg\" title=\"\">            <div class=\"box has-hover gallery-box box-none\">\n              <div class=\"box-image image-cover\" style=\"padding-top:100%;\">\n                <img decoding=\"async\" width=\"300\" height=\"200\" src=\"https:\/\/promak.si\/wp-content\/uploads\/2022\/10\/darilni-trak-2-300x200.jpg\" class=\"attachment-medium size-medium\" alt=\"\" ids=\"10248,10249,10250,10251,10252,10253,10254,10255,10256,10257,10258\" style=\"none\" lightbox_image_size=\"original\" col_spacing=\"collapse\" columns=\"6\" image_height=\"100%\" srcset=\"https:\/\/promak.si\/wp-content\/uploads\/2022\/10\/darilni-trak-2-300x200.jpg 300w, https:\/\/promak.si\/wp-content\/uploads\/2022\/10\/darilni-trak-2-400x266.jpg 400w, https:\/\/promak.si\/wp-content\/uploads\/2022\/10\/darilni-trak-2-700x466.jpg 700w, https:\/\/promak.si\/wp-content\/uploads\/2022\/10\/darilni-trak-2-768x511.jpg 768w, https:\/\/promak.si\/wp-content\/uploads\/2022\/10\/darilni-trak-2.jpg 900w\" sizes=\"(max-width: 300px) 100vw, 300px\">                                                              <\/div>\n              <div class=\"box-text text-left\" >\n                 <p><\/p>\n              <\/div>\n            <\/div>\n            <\/a>          <\/div>\n         <\/div><div class=\"gallery-col col\" >\n          <div class=\"col-inner\">\n            <a class=\"image-lightbox lightbox-gallery\" href=\"https:\/\/promak.si\/wp-content\/uploads\/2022\/10\/darilni-trak-3.jpg\" title=\"\">            <div class=\"box has-hover gallery-box box-none\">\n              <div class=\"box-image image-cover\" style=\"padding-top:100%;\">\n                <img decoding=\"async\" width=\"300\" height=\"200\" src=\"https:\/\/promak.si\/wp-content\/uploads\/2022\/10\/darilni-trak-3-300x200.jpg\" class=\"attachment-medium size-medium\" alt=\"\" ids=\"10248,10249,10250,10251,10252,10253,10254,10255,10256,10257,10258\" style=\"none\" lightbox_image_size=\"original\" col_spacing=\"collapse\" columns=\"6\" image_height=\"100%\" srcset=\"https:\/\/promak.si\/wp-content\/uploads\/2022\/10\/darilni-trak-3-300x200.jpg 300w, https:\/\/promak.si\/wp-content\/uploads\/2022\/10\/darilni-trak-3-400x266.jpg 400w, https:\/\/promak.si\/wp-content\/uploads\/2022\/10\/darilni-trak-3-700x466.jpg 700w, https:\/\/promak.si\/wp-content\/uploads\/2022\/10\/darilni-trak-3-768x511.jpg 768w, https:\/\/promak.si\/wp-content\/uploads\/2022\/10\/darilni-trak-3.jpg 900w\" sizes=\"(max-width: 300px) 100vw, 300px\">                                                              <\/div>\n              <div class=\"box-text text-left\" >\n                 <p><\/p>\n              <\/div>\n            <\/div>\n            <\/a>          <\/div>\n         <\/div><div class=\"gallery-col col\" >\n          <div class=\"col-inner\">\n            <a class=\"image-lightbox lightbox-gallery\" href=\"https:\/\/promak.si\/wp-content\/uploads\/2022\/10\/organza-trak-zavijanje-darilc.jpg\" title=\"\">            <div class=\"box has-hover gallery-box box-none\">\n              <div class=\"box-image image-cover\" style=\"padding-top:100%;\">\n                <img decoding=\"async\" width=\"300\" height=\"169\" src=\"https:\/\/promak.si\/wp-content\/uploads\/2022\/10\/organza-trak-zavijanje-darilc-300x169.jpg\" class=\"attachment-medium size-medium\" alt=\"\" ids=\"10248,10249,10250,10251,10252,10253,10254,10255,10256,10257,10258\" style=\"none\" lightbox_image_size=\"original\" col_spacing=\"collapse\" columns=\"6\" image_height=\"100%\" srcset=\"https:\/\/promak.si\/wp-content\/uploads\/2022\/10\/organza-trak-zavijanje-darilc-300x169.jpg 300w, https:\/\/promak.si\/wp-content\/uploads\/2022\/10\/organza-trak-zavijanje-darilc-400x225.jpg 400w, https:\/\/promak.si\/wp-content\/uploads\/2022\/10\/organza-trak-zavijanje-darilc-700x394.jpg 700w, https:\/\/promak.si\/wp-content\/uploads\/2022\/10\/organza-trak-zavijanje-darilc-768x432.jpg 768w, https:\/\/promak.si\/wp-content\/uploads\/2022\/10\/organza-trak-zavijanje-darilc.jpg 900w\" sizes=\"(max-width: 300px) 100vw, 300px\">                                                              <\/div>\n              <div class=\"box-text text-left\" >\n                 <p><\/p>\n              <\/div>\n            <\/div>\n            <\/a>          <\/div>\n         <\/div><div class=\"gallery-col col\" >\n          <div class=\"col-inner\">\n            <a class=\"image-lightbox lightbox-gallery\" href=\"https:\/\/promak.si\/wp-content\/uploads\/2022\/10\/saten-trakovi-cena.jpg\" title=\"\">            <div class=\"box has-hover gallery-box box-none\">\n              <div class=\"box-image image-cover\" style=\"padding-top:100%;\">\n                <img decoding=\"async\" width=\"300\" height=\"148\" src=\"https:\/\/promak.si\/wp-content\/uploads\/2022\/10\/saten-trakovi-cena-300x148.jpg\" class=\"attachment-medium size-medium\" alt=\"\" ids=\"10248,10249,10250,10251,10252,10253,10254,10255,10256,10257,10258\" style=\"none\" lightbox_image_size=\"original\" col_spacing=\"collapse\" columns=\"6\" image_height=\"100%\" srcset=\"https:\/\/promak.si\/wp-content\/uploads\/2022\/10\/saten-trakovi-cena-300x148.jpg 300w, https:\/\/promak.si\/wp-content\/uploads\/2022\/10\/saten-trakovi-cena-400x197.jpg 400w, https:\/\/promak.si\/wp-content\/uploads\/2022\/10\/saten-trakovi-cena-700x345.jpg 700w, https:\/\/promak.si\/wp-content\/uploads\/2022\/10\/saten-trakovi-cena-768x379.jpg 768w, https:\/\/promak.si\/wp-content\/uploads\/2022\/10\/saten-trakovi-cena.jpg 900w\" sizes=\"(max-width: 300px) 100vw, 300px\">                                                              <\/div>\n              <div class=\"box-text text-left\" >\n                 <p><\/p>\n              <\/div>\n            <\/div>\n            <\/a>          <\/div>\n         <\/div><div class=\"gallery-col col\" >\n          <div class=\"col-inner\">\n            <a class=\"image-lightbox lightbox-gallery\" href=\"https:\/\/promak.si\/wp-content\/uploads\/2022\/10\/svileni-trak.jpg\" title=\"\">            <div class=\"box has-hover gallery-box box-none\">\n              <div class=\"box-image image-cover\" style=\"padding-top:100%;\">\n                <img decoding=\"async\" width=\"300\" height=\"169\" src=\"https:\/\/promak.si\/wp-content\/uploads\/2022\/10\/svileni-trak-300x169.jpg\" class=\"attachment-medium size-medium\" alt=\"\" ids=\"10248,10249,10250,10251,10252,10253,10254,10255,10256,10257,10258\" style=\"none\" lightbox_image_size=\"original\" col_spacing=\"collapse\" columns=\"6\" image_height=\"100%\" srcset=\"https:\/\/promak.si\/wp-content\/uploads\/2022\/10\/svileni-trak-300x169.jpg 300w, https:\/\/promak.si\/wp-content\/uploads\/2022\/10\/svileni-trak-400x225.jpg 400w, https:\/\/promak.si\/wp-content\/uploads\/2022\/10\/svileni-trak-700x394.jpg 700w, https:\/\/promak.si\/wp-content\/uploads\/2022\/10\/svileni-trak-768x432.jpg 768w, https:\/\/promak.si\/wp-content\/uploads\/2022\/10\/svileni-trak.jpg 900w\" sizes=\"(max-width: 300px) 100vw, 300px\">                                                              <\/div>\n              <div class=\"box-text text-left\" >\n                 <p><\/p>\n              <\/div>\n            <\/div>\n            <\/a>          <\/div>\n         <\/div><div class=\"gallery-col col\" >\n          <div class=\"col-inner\">\n            <a class=\"image-lightbox lightbox-gallery\" href=\"https:\/\/promak.si\/wp-content\/uploads\/2022\/10\/svileni-trakovi-za-zavijanje.jpg\" title=\"\">            <div class=\"box has-hover gallery-box box-none\">\n              <div class=\"box-image image-cover\" style=\"padding-top:100%;\">\n                <img decoding=\"async\" width=\"300\" height=\"169\" src=\"https:\/\/promak.si\/wp-content\/uploads\/2022\/10\/svileni-trakovi-za-zavijanje-300x169.jpg\" class=\"attachment-medium size-medium\" alt=\"\" ids=\"10248,10249,10250,10251,10252,10253,10254,10255,10256,10257,10258\" style=\"none\" lightbox_image_size=\"original\" col_spacing=\"collapse\" columns=\"6\" image_height=\"100%\" srcset=\"https:\/\/promak.si\/wp-content\/uploads\/2022\/10\/svileni-trakovi-za-zavijanje-300x169.jpg 300w, https:\/\/promak.si\/wp-content\/uploads\/2022\/10\/svileni-trakovi-za-zavijanje-400x225.jpg 400w, https:\/\/promak.si\/wp-content\/uploads\/2022\/10\/svileni-trakovi-za-zavijanje-700x394.jpg 700w, https:\/\/promak.si\/wp-content\/uploads\/2022\/10\/svileni-trakovi-za-zavijanje-768x432.jpg 768w, https:\/\/promak.si\/wp-content\/uploads\/2022\/10\/svileni-trakovi-za-zavijanje.jpg 900w\" sizes=\"(max-width: 300px) 100vw, 300px\">                                                              <\/div>\n              <div class=\"box-text text-left\" >\n                 <p><\/p>\n              <\/div>\n            <\/div>\n            <\/a>          <\/div>\n         <\/div><div class=\"gallery-col col\" >\n          <div class=\"col-inner\">\n            <a class=\"image-lightbox lightbox-gallery\" href=\"https:\/\/promak.si\/wp-content\/uploads\/2022\/10\/trak-crispy-zavijalni.jpg\" title=\"\">            <div class=\"box has-hover gallery-box box-none\">\n              <div class=\"box-image image-cover\" style=\"padding-top:100%;\">\n                <img decoding=\"async\" width=\"300\" height=\"169\" src=\"https:\/\/promak.si\/wp-content\/uploads\/2022\/10\/trak-crispy-zavijalni-300x169.jpg\" class=\"attachment-medium size-medium\" alt=\"\" ids=\"10248,10249,10250,10251,10252,10253,10254,10255,10256,10257,10258\" style=\"none\" lightbox_image_size=\"original\" col_spacing=\"collapse\" columns=\"6\" image_height=\"100%\" srcset=\"https:\/\/promak.si\/wp-content\/uploads\/2022\/10\/trak-crispy-zavijalni-300x169.jpg 300w, https:\/\/promak.si\/wp-content\/uploads\/2022\/10\/trak-crispy-zavijalni-400x225.jpg 400w, https:\/\/promak.si\/wp-content\/uploads\/2022\/10\/trak-crispy-zavijalni-700x394.jpg 700w, https:\/\/promak.si\/wp-content\/uploads\/2022\/10\/trak-crispy-zavijalni-768x432.jpg 768w, https:\/\/promak.si\/wp-content\/uploads\/2022\/10\/trak-crispy-zavijalni.jpg 900w\" sizes=\"(max-width: 300px) 100vw, 300px\">                                                              <\/div>\n              <div class=\"box-text text-left\" >\n                 <p><\/p>\n              <\/div>\n            <\/div>\n            <\/a>          <\/div>\n         <\/div><div class=\"gallery-col col\" >\n          <div class=\"col-inner\">\n            <a class=\"image-lightbox lightbox-gallery\" href=\"https:\/\/promak.si\/wp-content\/uploads\/2022\/10\/trak-za-zavijanje-daril.jpg\" title=\"\">            <div class=\"box has-hover gallery-box box-none\">\n              <div class=\"box-image image-cover\" style=\"padding-top:100%;\">\n                <img decoding=\"async\" width=\"300\" height=\"169\" src=\"https:\/\/promak.si\/wp-content\/uploads\/2022\/10\/trak-za-zavijanje-daril-300x169.jpg\" class=\"attachment-medium size-medium\" alt=\"\" ids=\"10248,10249,10250,10251,10252,10253,10254,10255,10256,10257,10258\" style=\"none\" lightbox_image_size=\"original\" col_spacing=\"collapse\" columns=\"6\" image_height=\"100%\" srcset=\"https:\/\/promak.si\/wp-content\/uploads\/2022\/10\/trak-za-zavijanje-daril-300x169.jpg 300w, https:\/\/promak.si\/wp-content\/uploads\/2022\/10\/trak-za-zavijanje-daril-400x225.jpg 400w, https:\/\/promak.si\/wp-content\/uploads\/2022\/10\/trak-za-zavijanje-daril-700x394.jpg 700w, https:\/\/promak.si\/wp-content\/uploads\/2022\/10\/trak-za-zavijanje-daril-768x432.jpg 768w, https:\/\/promak.si\/wp-content\/uploads\/2022\/10\/trak-za-zavijanje-daril.jpg 900w\" sizes=\"(max-width: 300px) 100vw, 300px\">                                                              <\/div>\n              <div class=\"box-text text-left\" >\n                 <p><\/p>\n              <\/div>\n            <\/div>\n            <\/a>          <\/div>\n         <\/div><\/div>\n\t\t<\/div>\n\t\t\t\t\t<\/div>\n\n\t\n<\/div>\n","protected":false},"excerpt":{"rendered":"","protected":false},"author":1,"featured_media":0,"parent":10790,"menu_order":0,"comment_status":"closed","ping_status":"closed","template":"page-blank.php","meta":{"footnotes":""},"class_list":["post-10851","page","type-page","status-publish","hentry"],"_links":{"self":[{"href":"https:\/\/promak.si\/hr\/wp-json\/wp\/v2\/pages\/10851","targetHints":{"allow":["GET"]}}],"collection":[{"href":"https:\/\/promak.si\/hr\/wp-json\/wp\/v2\/pages"}],"about":[{"href":"https:\/\/promak.si\/hr\/wp-json\/wp\/v2\/types\/page"}],"author":[{"embeddable":true,"href":"https:\/\/promak.si\/hr\/wp-json\/wp\/v2\/users\/1"}],"replies":[{"embeddable":true,"href":"https:\/\/promak.si\/hr\/wp-json\/wp\/v2\/comments?post=10851"}],"version-history":[{"count":0,"href":"https:\/\/promak.si\/hr\/wp-json\/wp\/v2\/pages\/10851\/revisions"}],"up":[{"embeddable":true,"href":"https:\/\/promak.si\/hr\/wp-json\/wp\/v2\/pages\/10790"}],"wp:attachment":[{"href":"https:\/\/promak.si\/hr\/wp-json\/wp\/v2\/media?parent=10851"}],"curies":[{"name":"wp","href":"https:\/\/api.w.org\/{rel}","templated":true}]}}