{"id":10844,"date":"2022-10-02T15:03:06","date_gmt":"2022-10-02T13:03:06","guid":{"rendered":"https:\/\/promak.si\/ponuda\/darilna-embalaza\/darilne-skatle\/"},"modified":"2022-10-19T11:08:19","modified_gmt":"2022-10-19T09:08:19","slug":"poklon-kutije","status":"publish","type":"page","link":"https:\/\/promak.si\/hr\/ambalaza-za-poklone\/poklon-kutije\/","title":{"rendered":"Poklon kutije"},"content":{"rendered":"\n<div class=\"row row-full-width align-middle naslov-strani\"  id=\"row-220106254\">\n\n\n\t<div id=\"col-308920142\" class=\"col small-12 large-12\"  >\n\t\t\t\t<div class=\"col-inner text-center\"  >\n\t\t\t\n\t\t\t\n\n  <div id=\"page-header-2024730560\" class=\"page-header-wrapper\">\n  <div class=\"page-title light divided-title\">\n\n    \n    <div class=\"page-title-inner container align-center text-center flex-row-col medium-flex-wrap\" >\n              <div class=\"title-wrapper flex-col\">\n          <h1 class=\"entry-title mb-0\">\n            Poklon kutije          <\/h1>\n        <\/div>\n                    <div class=\"title-content flex-col\">\n        <div class=\"title-breadcrumbs pb-half pt-half\"><\/div>      <\/div>\n    <\/div>\n\n       <\/div>\n  <div class=\"container header-wrapper-divider\"><hr\/><\/div>  <\/div>\n  \n\n\n\t\t<\/div>\n\t\t\t\t\t<\/div>\n\n\t\n\n\n<style>\n#row-220106254 > .col > .col-inner {\n  padding: 0px 0px 0px 0px;\n}\n<\/style>\n<\/div>\n\t<div id=\"gap-991649189\" class=\"gap-element clearfix\" style=\"display:block; height:auto;\">\n\t\t\n<style>\n#gap-991649189 {\n  padding-top: 30px;\n}\n<\/style>\n\t<\/div>\n\t\n\n<div class=\"row\"  id=\"row-874920056\">\n\n\n\t<div id=\"col-1435177769\" class=\"col small-12 large-12\"  >\n\t\t\t\t<div class=\"col-inner\"  >\n\t\t\t\n\t\t\t\n\n\t<div class=\"img has-hover x md-x lg-x y md-y lg-y\" id=\"image_2132709047\">\n\t\t\t\t\t\t\t\t<div class=\"img-inner dark\" >\n\t\t\t<img decoding=\"async\" width=\"1400\" height=\"700\" src=\"https:\/\/promak.si\/wp-content\/uploads\/2022\/10\/Darilna-embalaza.jpg\" class=\"attachment-original size-original\" alt=\"\" srcset=\"https:\/\/promak.si\/wp-content\/uploads\/2022\/10\/Darilna-embalaza.jpg 1400w, https:\/\/promak.si\/wp-content\/uploads\/2022\/10\/Darilna-embalaza-400x200.jpg 400w, https:\/\/promak.si\/wp-content\/uploads\/2022\/10\/Darilna-embalaza-900x450.jpg 900w, https:\/\/promak.si\/wp-content\/uploads\/2022\/10\/Darilna-embalaza-300x150.jpg 300w, https:\/\/promak.si\/wp-content\/uploads\/2022\/10\/Darilna-embalaza-1024x512.jpg 1024w, https:\/\/promak.si\/wp-content\/uploads\/2022\/10\/Darilna-embalaza-768x384.jpg 768w\" sizes=\"(max-width: 1400px) 100vw, 1400px\">\t\t\t\t\t\t\n\t\t\t\t\t<\/div>\n\t\t\t\t\t\t\t\t\n<style>\n#image_2132709047 {\n  width: 100%;\n}\n<\/style>\n\t<\/div>\n\t\n\n\n\t\t<\/div>\n\t\t\t\t\t<\/div>\n\n\t\n\n<\/div>\n<div class=\"row align-middle\"  id=\"row-1631268733\">\n\n\n\t<div id=\"col-970584452\" class=\"col medium-8 small-12 large-8\"  >\n\t\t\t\t<div class=\"col-inner\"  >\n\t\t\t\n\t\t\t\n\n\t<div id=\"text-2012962093\" class=\"text naslov\">\n\t\t\n\n<h2>Poklon kutije<\/h2>\n<p><strong>Predstavljamo vam novi program poklon ambala\u017ee. <\/strong><\/p>\n<p>U ponudi imamo kartonske poklon kutije sa posebnim poklopcem ili kutiju koja ide zajedno s poklopcem. Mo\u017eete birati izme\u0111u bijele, be\u017e i crne boje te ostale boje po \u017eelji.<\/p>\n<p>Na raspolaganju imamo veliki izbor poklon kutija svih oblika i veli\u010dina, od vrlo malih 2&#215;2 cm do velikih 50&#215;50 cm. Tako\u0111er mo\u017eete birati izme\u0111u drugih materijala:<\/p>\n<ul>\n<li>Vrpce i svilene vrpce<\/li>\n<li>Stringovi<\/li>\n<li>Papir za zamatanje u rolama<\/li>\n<li>Poklon vre\u0107ice<\/li>\n<\/ul>\n\n\t\t\t<\/div>\n\t\n\n\t\t<\/div>\n\t\t\t\t\n<style>\n#col-970584452 > .col-inner {\n  padding: 0px 0px 0px 0px;\n}\n@media (min-width:550px) {\n  #col-970584452 > .col-inner {\n    padding: 0px 0px 0px 0px;\n  }\n}\n@media (min-width:850px) {\n  #col-970584452 > .col-inner {\n    padding: 20px 100px 0px 0px;\n  }\n}\n<\/style>\n\t<\/div>\n\n\t\n\n\t<div id=\"col-1976933330\" class=\"col medium-4 small-12 large-4\"  >\n\t\t\t\t<div class=\"col-inner\"  >\n\t\t\t\n\t\t\t\n\n\t<div class=\"img has-hover x md-x lg-x y md-y lg-y\" id=\"image_1738231417\">\n\t\t\t\t\t\t\t\t<div class=\"img-inner image-zoom dark\" >\n\t\t\t<img decoding=\"async\" width=\"600\" height=\"800\" src=\"https:\/\/promak.si\/wp-content\/uploads\/2022\/10\/darilne-skatle-2.jpg\" class=\"attachment-large size-large\" alt=\"\" srcset=\"https:\/\/promak.si\/wp-content\/uploads\/2022\/10\/darilne-skatle-2.jpg 600w, https:\/\/promak.si\/wp-content\/uploads\/2022\/10\/darilne-skatle-2-400x533.jpg 400w, https:\/\/promak.si\/wp-content\/uploads\/2022\/10\/darilne-skatle-2-555x740.jpg 555w, https:\/\/promak.si\/wp-content\/uploads\/2022\/10\/darilne-skatle-2-225x300.jpg 225w\" sizes=\"(max-width: 600px) 100vw, 600px\">\t\t\t\t\t\t\n\t\t\t\t\t<\/div>\n\t\t\t\t\t\t\t\t\n<style>\n#image_1738231417 {\n  width: 100%;\n}\n<\/style>\n\t<\/div>\n\t\n\n\n\t\t<\/div>\n\t\t\t\t\t<\/div>\n\n\t\n\n<\/div>\n<div class=\"row align-equal\"  id=\"row-1651872524\">\n\n\n\t<div id=\"col-530705920\" class=\"col medium-6 small-12 large-6\"  >\n\t\t\t\t<div class=\"col-inner\"  >\n\t\t\t\n\t\t\t\n\n<div class=\"row row-collapse align-middle gold-box\"  id=\"row-387955657\">\n\n\n\t<div id=\"col-798631191\" class=\"col medium-8 small-12 large-8\"  >\n\t\t\t\t<div class=\"col-inner dark\"  >\n\t\t\t\n\t\t\t\n\n<p class=\"lead\">Trebate li pomo\u0107 oko ukra\u0161avanja doga\u0111aja? Ogla\u0161avajte se kod nas na Hladilni\u0161ka poti 42 u Ljubljani i dopustite na\u0161im stru\u010dnjacima da za vas odaberu najbolja rje\u0161enja.<\/p>\n\n<a href=\"\/hr\/kontakt\/\" class=\"button white\" >\n\t\t<span>Kako do\u0107i do nas<\/span>\n\t<\/a>\n\n\n<a href=\"tel:38614300803\" class=\"button white\" >\n\t\t<span>nazovite nas<\/span>\n\t<\/a>\n\n\n\n\t\t<\/div>\n\t\t\t\t\n<style>\n#col-798631191 > .col-inner {\n  padding: 15px 15px 0px 15px;\n}\n@media (min-width:550px) {\n  #col-798631191 > .col-inner {\n    padding: 15px 15px 0px 15px;\n  }\n}\n@media (min-width:850px) {\n  #col-798631191 > .col-inner {\n    padding: 30px 30px 20px 30px;\n  }\n}\n<\/style>\n\t<\/div>\n\n\t\n\n\t<div id=\"col-1303226406\" class=\"col medium-4 small-12 large-4\"  >\n\t\t\t\t<div class=\"col-inner\"  >\n\t\t\t\n\t\t\t\n\n\t<div class=\"img has-hover x md-x lg-x y md-y lg-y\" id=\"image_2003899083\">\n\t\t\t\t\t\t\t\t<div class=\"img-inner dark\" >\n\t\t\t<img decoding=\"async\" width=\"779\" height=\"749\" src=\"https:\/\/promak.si\/wp-content\/uploads\/2022\/10\/image.jpeg\" class=\"attachment-original size-original\" alt=\"\" srcset=\"https:\/\/promak.si\/wp-content\/uploads\/2022\/10\/image.jpeg 779w, https:\/\/promak.si\/wp-content\/uploads\/2022\/10\/image-400x385.jpeg 400w, https:\/\/promak.si\/wp-content\/uploads\/2022\/10\/image-700x673.jpeg 700w, https:\/\/promak.si\/wp-content\/uploads\/2022\/10\/image-300x288.jpeg 300w, https:\/\/promak.si\/wp-content\/uploads\/2022\/10\/image-768x738.jpeg 768w\" sizes=\"(max-width: 779px) 100vw, 779px\">\t\t\t\t\t\t\n\t\t\t\t\t<\/div>\n\t\t\t\t\t\t\t\t\n<style>\n#image_2003899083 {\n  width: 100%;\n}\n<\/style>\n\t<\/div>\n\t\n\n\n\t\t<\/div>\n\t\t\t\t\t<\/div>\n\n\t\n\n<\/div>\n\n\t\t<\/div>\n\t\t\t\t\t<\/div>\n\n\t\n\n\t<div id=\"col-741870516\" class=\"col medium-6 small-12 large-6\"  >\n\t\t\t\t<div class=\"col-inner\"  >\n\t\t\t\n\t\t\t\n\n<div class=\"message-box relative dark\" style=\"padding-top:15px;padding-bottom:15px;\"><div class=\"message-box-bg-image bg-fill fill\" ><\/div><div class=\"message-box-bg-overlay bg-fill fill\" ><\/div><div class=\"container relative\"><div class=\"inner last-reset\">\n\n<div class=\"row align-middle align-center\"  id=\"row-1564432890\">\n\n\n\t<div id=\"col-1735591018\" class=\"col medium-8 small-12 large-8\"  >\n\t\t\t\t<div class=\"col-inner\"  >\n\t\t\t\n\t\t\t\n\n<h2>Katalog<\/h2>\n<p class=\"lead\">Pogledajte katalog darovne ambala\u017ee. Sigurno \u0107ete prona\u0107i ne\u0161to za sebe.<\/p>\n<p class=\"lead\">Tako\u0111er nas mo\u017eete posjetiti u showroomu i zajedno \u0107emo prona\u0107i pravo poklon pakiranje za vas.<\/p>\n\n\n\t\t<\/div>\n\t\t\t\t\t<\/div>\n\n\t\n\n\t<div id=\"col-97830237\" class=\"col medium-4 small-12 large-4\"  >\n\t\t\t\t<div class=\"col-inner text-center\"  >\n\t\t\t\n\t\t\t\n\n\t<div class=\"img has-hover x md-x lg-x y md-y lg-y\" id=\"image_1261739676\">\n\t\t\t\t\t\t\t\t<div class=\"img-inner dark\" >\n\t\t\t<img decoding=\"async\" width=\"779\" height=\"749\" src=\"https:\/\/promak.si\/wp-content\/uploads\/2022\/10\/image.jpeg\" class=\"attachment-large size-large\" alt=\"\" srcset=\"https:\/\/promak.si\/wp-content\/uploads\/2022\/10\/image.jpeg 779w, https:\/\/promak.si\/wp-content\/uploads\/2022\/10\/image-400x385.jpeg 400w, https:\/\/promak.si\/wp-content\/uploads\/2022\/10\/image-700x673.jpeg 700w, https:\/\/promak.si\/wp-content\/uploads\/2022\/10\/image-300x288.jpeg 300w, https:\/\/promak.si\/wp-content\/uploads\/2022\/10\/image-768x738.jpeg 768w\" sizes=\"(max-width: 779px) 100vw, 779px\">\t\t\t\t\t\t\n\t\t\t\t\t<\/div>\n\t\t\t\t\t\t\t\t\n<style>\n#image_1261739676 {\n  width: 100%;\n}\n<\/style>\n\t<\/div>\n\t\n\n<a href=\"\/wp-content\/uploads\/2022\/10\/Katalog-cenik-Darilne-Embalaze.pdf\" target=\"_blank\" class=\"button white expand\" rel=\"noopener\" >\n\t\t<span>Pogledajte katalog<\/span>\n\t<\/a>\n\n\n\n\t\t<\/div>\n\t\t\t\t\t<\/div>\n\n\t\n\n<\/div>\n\n<\/div><\/div><\/div>\n\n\t\t<\/div>\n\t\t\t\t\t<\/div>\n\n\t\n\n<\/div>\n\t<div id=\"gap-221986787\" class=\"gap-element clearfix\" style=\"display:block; height:auto;\">\n\t\t\n<style>\n#gap-221986787 {\n  padding-top: 30px;\n}\n@media (min-width:550px) {\n  #gap-221986787 {\n    padding-top: 60px;\n  }\n}\n<\/style>\n\t<\/div>\n\t\n\n<div class=\"row\"  id=\"row-1906462891\">\n\n\n\t<div id=\"col-299913486\" class=\"col small-12 large-12\"  >\n\t\t\t\t<div class=\"col-inner\"  >\n\t\t\t\n\t\t\t\n\n\t<div id=\"text-3569694729\" class=\"text naslov\">\n\t\t\n\n<h2>Galerija slika<\/h2>\n\n\t\t\t<\/div>\n\t\n\n  \n    <div class=\"row large-columns-6 medium-columns-3 small-columns-2 row-collapse\" >\n  <div class=\"gallery-col col\" >\n          <div class=\"col-inner\">\n            <a class=\"image-lightbox lightbox-gallery\" href=\"https:\/\/promak.si\/wp-content\/uploads\/2022\/10\/skatla-za-darilo.jpg\" title=\"\">            <div class=\"box has-hover gallery-box box-none\">\n              <div class=\"box-image image-cover\" style=\"padding-top:100%;\">\n                <img decoding=\"async\" width=\"300\" height=\"208\" src=\"https:\/\/promak.si\/wp-content\/uploads\/2022\/10\/skatla-za-darilo-300x208.jpg\" class=\"attachment-medium size-medium\" alt=\"\" ids=\"10240,10233,10239,10238,10237,10236,10235,10234\" style=\"none\" lightbox_image_size=\"original\" col_spacing=\"collapse\" columns=\"6\" image_height=\"100%\" srcset=\"https:\/\/promak.si\/wp-content\/uploads\/2022\/10\/skatla-za-darilo-300x208.jpg 300w, https:\/\/promak.si\/wp-content\/uploads\/2022\/10\/skatla-za-darilo-400x277.jpg 400w, https:\/\/promak.si\/wp-content\/uploads\/2022\/10\/skatla-za-darilo-700x485.jpg 700w, https:\/\/promak.si\/wp-content\/uploads\/2022\/10\/skatla-za-darilo-768x532.jpg 768w, https:\/\/promak.si\/wp-content\/uploads\/2022\/10\/skatla-za-darilo.jpg 900w\" sizes=\"(max-width: 300px) 100vw, 300px\">                                                              <\/div>\n              <div class=\"box-text text-left\" >\n                 <p><\/p>\n              <\/div>\n            <\/div>\n            <\/a>          <\/div>\n         <\/div><div class=\"gallery-col col\" >\n          <div class=\"col-inner\">\n            <a class=\"image-lightbox lightbox-gallery\" href=\"https:\/\/promak.si\/wp-content\/uploads\/2022\/10\/darilna-embalaza-1.jpg\" title=\"\">            <div class=\"box has-hover gallery-box box-none\">\n              <div class=\"box-image image-cover\" style=\"padding-top:100%;\">\n                <img decoding=\"async\" width=\"300\" height=\"202\" src=\"https:\/\/promak.si\/wp-content\/uploads\/2022\/10\/darilna-embalaza-1-300x202.jpg\" class=\"attachment-medium size-medium\" alt=\"\" ids=\"10240,10233,10239,10238,10237,10236,10235,10234\" style=\"none\" lightbox_image_size=\"original\" col_spacing=\"collapse\" columns=\"6\" image_height=\"100%\" srcset=\"https:\/\/promak.si\/wp-content\/uploads\/2022\/10\/darilna-embalaza-1-300x202.jpg 300w, https:\/\/promak.si\/wp-content\/uploads\/2022\/10\/darilna-embalaza-1-400x270.jpg 400w, https:\/\/promak.si\/wp-content\/uploads\/2022\/10\/darilna-embalaza-1-700x472.jpg 700w, https:\/\/promak.si\/wp-content\/uploads\/2022\/10\/darilna-embalaza-1-768x518.jpg 768w, https:\/\/promak.si\/wp-content\/uploads\/2022\/10\/darilna-embalaza-1.jpg 900w\" sizes=\"(max-width: 300px) 100vw, 300px\">                                                              <\/div>\n              <div class=\"box-text text-left\" >\n                 <p><\/p>\n              <\/div>\n            <\/div>\n            <\/a>          <\/div>\n         <\/div><div class=\"gallery-col col\" >\n          <div class=\"col-inner\">\n            <a class=\"image-lightbox lightbox-gallery\" href=\"https:\/\/promak.si\/wp-content\/uploads\/2022\/10\/kartonske-darilne-skatlice.jpg\" title=\"\">            <div class=\"box has-hover gallery-box box-none\">\n              <div class=\"box-image image-cover\" style=\"padding-top:100%;\">\n                <img decoding=\"async\" width=\"300\" height=\"231\" src=\"https:\/\/promak.si\/wp-content\/uploads\/2022\/10\/kartonske-darilne-skatlice-300x231.jpg\" class=\"attachment-medium size-medium\" alt=\"\" ids=\"10240,10233,10239,10238,10237,10236,10235,10234\" style=\"none\" lightbox_image_size=\"original\" col_spacing=\"collapse\" columns=\"6\" image_height=\"100%\" srcset=\"https:\/\/promak.si\/wp-content\/uploads\/2022\/10\/kartonske-darilne-skatlice-300x231.jpg 300w, https:\/\/promak.si\/wp-content\/uploads\/2022\/10\/kartonske-darilne-skatlice-400x308.jpg 400w, https:\/\/promak.si\/wp-content\/uploads\/2022\/10\/kartonske-darilne-skatlice-700x539.jpg 700w, https:\/\/promak.si\/wp-content\/uploads\/2022\/10\/kartonske-darilne-skatlice-768x591.jpg 768w, https:\/\/promak.si\/wp-content\/uploads\/2022\/10\/kartonske-darilne-skatlice.jpg 900w\" sizes=\"(max-width: 300px) 100vw, 300px\">                                                              <\/div>\n              <div class=\"box-text text-left\" >\n                 <p><\/p>\n              <\/div>\n            <\/div>\n            <\/a>          <\/div>\n         <\/div><div class=\"gallery-col col\" >\n          <div class=\"col-inner\">\n            <a class=\"image-lightbox lightbox-gallery\" href=\"https:\/\/promak.si\/wp-content\/uploads\/2022\/10\/darilne-skatle-1.jpg\" title=\"\">            <div class=\"box has-hover gallery-box box-none\">\n              <div class=\"box-image image-cover\" style=\"padding-top:100%;\">\n                <img decoding=\"async\" width=\"300\" height=\"178\" src=\"https:\/\/promak.si\/wp-content\/uploads\/2022\/10\/darilne-skatle-1-300x178.jpg\" class=\"attachment-medium size-medium\" alt=\"\" ids=\"10240,10233,10239,10238,10237,10236,10235,10234\" style=\"none\" lightbox_image_size=\"original\" col_spacing=\"collapse\" columns=\"6\" image_height=\"100%\" srcset=\"https:\/\/promak.si\/wp-content\/uploads\/2022\/10\/darilne-skatle-1-300x178.jpg 300w, https:\/\/promak.si\/wp-content\/uploads\/2022\/10\/darilne-skatle-1-400x237.jpg 400w, https:\/\/promak.si\/wp-content\/uploads\/2022\/10\/darilne-skatle-1-700x415.jpg 700w, https:\/\/promak.si\/wp-content\/uploads\/2022\/10\/darilne-skatle-1-768x455.jpg 768w, https:\/\/promak.si\/wp-content\/uploads\/2022\/10\/darilne-skatle-1.jpg 900w\" sizes=\"(max-width: 300px) 100vw, 300px\">                                                              <\/div>\n              <div class=\"box-text text-left\" >\n                 <p><\/p>\n              <\/div>\n            <\/div>\n            <\/a>          <\/div>\n         <\/div><div class=\"gallery-col col\" >\n          <div class=\"col-inner\">\n            <a class=\"image-lightbox lightbox-gallery\" href=\"https:\/\/promak.si\/wp-content\/uploads\/2022\/10\/darilne-skatle-s-pokrovom.jpg\" title=\"\">            <div class=\"box has-hover gallery-box box-none\">\n              <div class=\"box-image image-cover\" style=\"padding-top:100%;\">\n                <img decoding=\"async\" width=\"300\" height=\"217\" src=\"https:\/\/promak.si\/wp-content\/uploads\/2022\/10\/darilne-skatle-s-pokrovom-300x217.jpg\" class=\"attachment-medium size-medium\" alt=\"\" ids=\"10240,10233,10239,10238,10237,10236,10235,10234\" style=\"none\" lightbox_image_size=\"original\" col_spacing=\"collapse\" columns=\"6\" image_height=\"100%\" srcset=\"https:\/\/promak.si\/wp-content\/uploads\/2022\/10\/darilne-skatle-s-pokrovom-300x217.jpg 300w, https:\/\/promak.si\/wp-content\/uploads\/2022\/10\/darilne-skatle-s-pokrovom-400x290.jpg 400w, https:\/\/promak.si\/wp-content\/uploads\/2022\/10\/darilne-skatle-s-pokrovom-700x507.jpg 700w, https:\/\/promak.si\/wp-content\/uploads\/2022\/10\/darilne-skatle-s-pokrovom-768x556.jpg 768w, https:\/\/promak.si\/wp-content\/uploads\/2022\/10\/darilne-skatle-s-pokrovom.jpg 900w\" sizes=\"(max-width: 300px) 100vw, 300px\">                                                              <\/div>\n              <div class=\"box-text text-left\" >\n                 <p><\/p>\n              <\/div>\n            <\/div>\n            <\/a>          <\/div>\n         <\/div><div class=\"gallery-col col\" >\n          <div class=\"col-inner\">\n            <a class=\"image-lightbox lightbox-gallery\" href=\"https:\/\/promak.si\/wp-content\/uploads\/2022\/10\/darilne-pokrov-skatle.jpg\" title=\"\">            <div class=\"box has-hover gallery-box box-none\">\n              <div class=\"box-image image-cover\" style=\"padding-top:100%;\">\n                <img decoding=\"async\" width=\"300\" height=\"169\" src=\"https:\/\/promak.si\/wp-content\/uploads\/2022\/10\/darilne-pokrov-skatle-300x169.jpg\" class=\"attachment-medium size-medium\" alt=\"\" ids=\"10240,10233,10239,10238,10237,10236,10235,10234\" style=\"none\" lightbox_image_size=\"original\" col_spacing=\"collapse\" columns=\"6\" image_height=\"100%\" srcset=\"https:\/\/promak.si\/wp-content\/uploads\/2022\/10\/darilne-pokrov-skatle-300x169.jpg 300w, https:\/\/promak.si\/wp-content\/uploads\/2022\/10\/darilne-pokrov-skatle-400x225.jpg 400w, https:\/\/promak.si\/wp-content\/uploads\/2022\/10\/darilne-pokrov-skatle-700x394.jpg 700w, https:\/\/promak.si\/wp-content\/uploads\/2022\/10\/darilne-pokrov-skatle-768x432.jpg 768w, https:\/\/promak.si\/wp-content\/uploads\/2022\/10\/darilne-pokrov-skatle.jpg 900w\" sizes=\"(max-width: 300px) 100vw, 300px\">                                                              <\/div>\n              <div class=\"box-text text-left\" >\n                 <p><\/p>\n              <\/div>\n            <\/div>\n            <\/a>          <\/div>\n         <\/div><div class=\"gallery-col col\" >\n          <div class=\"col-inner\">\n            <a class=\"image-lightbox lightbox-gallery\" href=\"https:\/\/promak.si\/wp-content\/uploads\/2022\/10\/darilna-vrecka-kartonska.jpg\" title=\"\">            <div class=\"box has-hover gallery-box box-none\">\n              <div class=\"box-image image-cover\" style=\"padding-top:100%;\">\n                <img decoding=\"async\" width=\"300\" height=\"169\" src=\"https:\/\/promak.si\/wp-content\/uploads\/2022\/10\/darilna-vrecka-kartonska-300x169.jpg\" class=\"attachment-medium size-medium\" alt=\"\" ids=\"10240,10233,10239,10238,10237,10236,10235,10234\" style=\"none\" lightbox_image_size=\"original\" col_spacing=\"collapse\" columns=\"6\" image_height=\"100%\" srcset=\"https:\/\/promak.si\/wp-content\/uploads\/2022\/10\/darilna-vrecka-kartonska-300x169.jpg 300w, https:\/\/promak.si\/wp-content\/uploads\/2022\/10\/darilna-vrecka-kartonska-400x225.jpg 400w, https:\/\/promak.si\/wp-content\/uploads\/2022\/10\/darilna-vrecka-kartonska-700x394.jpg 700w, https:\/\/promak.si\/wp-content\/uploads\/2022\/10\/darilna-vrecka-kartonska-768x432.jpg 768w, https:\/\/promak.si\/wp-content\/uploads\/2022\/10\/darilna-vrecka-kartonska.jpg 900w\" sizes=\"(max-width: 300px) 100vw, 300px\">                                                              <\/div>\n              <div class=\"box-text text-left\" >\n                 <p><\/p>\n              <\/div>\n            <\/div>\n            <\/a>          <\/div>\n         <\/div><div class=\"gallery-col col\" >\n          <div class=\"col-inner\">\n            <a class=\"image-lightbox lightbox-gallery\" href=\"https:\/\/promak.si\/wp-content\/uploads\/2022\/10\/darilna-skatla-kartonska.jpg\" title=\"\">            <div class=\"box has-hover gallery-box box-none\">\n              <div class=\"box-image image-cover\" style=\"padding-top:100%;\">\n                <img decoding=\"async\" width=\"300\" height=\"227\" src=\"https:\/\/promak.si\/wp-content\/uploads\/2022\/10\/darilna-skatla-kartonska-300x227.jpg\" class=\"attachment-medium size-medium\" alt=\"\" ids=\"10240,10233,10239,10238,10237,10236,10235,10234\" style=\"none\" lightbox_image_size=\"original\" col_spacing=\"collapse\" columns=\"6\" image_height=\"100%\" srcset=\"https:\/\/promak.si\/wp-content\/uploads\/2022\/10\/darilna-skatla-kartonska-300x227.jpg 300w, https:\/\/promak.si\/wp-content\/uploads\/2022\/10\/darilna-skatla-kartonska-400x302.jpg 400w, https:\/\/promak.si\/wp-content\/uploads\/2022\/10\/darilna-skatla-kartonska-700x529.jpg 700w, https:\/\/promak.si\/wp-content\/uploads\/2022\/10\/darilna-skatla-kartonska-768x580.jpg 768w, https:\/\/promak.si\/wp-content\/uploads\/2022\/10\/darilna-skatla-kartonska.jpg 900w\" sizes=\"(max-width: 300px) 100vw, 300px\">                                                              <\/div>\n              <div class=\"box-text text-left\" >\n                 <p><\/p>\n              <\/div>\n            <\/div>\n            <\/a>          <\/div>\n         <\/div><\/div>\n\n\n\t\t<\/div>\n\t\t\t\t\t<\/div>\n\n\t\n\n<\/div>\n","protected":false},"excerpt":{"rendered":"","protected":false},"author":1,"featured_media":0,"parent":10790,"menu_order":0,"comment_status":"closed","ping_status":"closed","template":"page-blank.php","meta":{"footnotes":""},"class_list":["post-10844","page","type-page","status-publish","hentry"],"_links":{"self":[{"href":"https:\/\/promak.si\/hr\/wp-json\/wp\/v2\/pages\/10844","targetHints":{"allow":["GET"]}}],"collection":[{"href":"https:\/\/promak.si\/hr\/wp-json\/wp\/v2\/pages"}],"about":[{"href":"https:\/\/promak.si\/hr\/wp-json\/wp\/v2\/types\/page"}],"author":[{"embeddable":true,"href":"https:\/\/promak.si\/hr\/wp-json\/wp\/v2\/users\/1"}],"replies":[{"embeddable":true,"href":"https:\/\/promak.si\/hr\/wp-json\/wp\/v2\/comments?post=10844"}],"version-history":[{"count":0,"href":"https:\/\/promak.si\/hr\/wp-json\/wp\/v2\/pages\/10844\/revisions"}],"up":[{"embeddable":true,"href":"https:\/\/promak.si\/hr\/wp-json\/wp\/v2\/pages\/10790"}],"wp:attachment":[{"href":"https:\/\/promak.si\/hr\/wp-json\/wp\/v2\/media?parent=10844"}],"curies":[{"name":"wp","href":"https:\/\/api.w.org\/{rel}","templated":true}]}}