{"id":10431,"date":"2022-09-23T12:38:45","date_gmt":"2022-09-23T10:38:45","guid":{"rendered":"https:\/\/promak.si\/promak-ponuda\/bozic-i-nova-godina\/"},"modified":"2022-11-24T16:43:36","modified_gmt":"2022-11-24T15:43:36","slug":"bozic-i-nova-godina","status":"publish","type":"page","link":"https:\/\/promak.si\/hr\/ponuda\/bozic-i-nova-godina\/","title":{"rendered":"Bo\u017ei\u0107 i nova godina"},"content":{"rendered":"\n<div class=\"row row-full-width align-middle naslov-strani\"  id=\"row-786691020\">\n\n\n\t<div id=\"col-957093200\" class=\"col small-12 large-12\"  >\n\t\t\t\t<div class=\"col-inner text-center\"  >\n\t\t\t\n\t\t\t\n\n  <div id=\"page-header-821358130\" class=\"page-header-wrapper\">\n  <div class=\"page-title light divided-title\">\n\n    \n    <div class=\"page-title-inner container align-center text-center flex-row-col medium-flex-wrap\" >\n              <div class=\"title-wrapper flex-col\">\n          <h1 class=\"entry-title mb-0\">\n            Bo\u017ei\u0107 i nova godina          <\/h1>\n        <\/div>\n                    <div class=\"title-content flex-col\">\n        <div class=\"title-breadcrumbs pb-half pt-half\"><\/div>      <\/div>\n    <\/div>\n\n       <\/div>\n  <div class=\"container header-wrapper-divider\"><hr\/><\/div>  <\/div>\n  \n\n\n\t\t<\/div>\n\t\t\t\t\t<\/div>\n\n\t\n\n\n<style>\n#row-786691020 > .col > .col-inner {\n  padding: 0px 0px 0px 0px;\n}\n<\/style>\n<\/div>\n\t<div id=\"gap-1079913872\" class=\"gap-element clearfix\" style=\"display:block; height:auto;\">\n\t\t\n<style>\n#gap-1079913872 {\n  padding-top: 30px;\n}\n<\/style>\n\t<\/div>\n\t\n\n<div class=\"row align-center\"  id=\"row-1191343798\">\n\n\n\t<div id=\"col-245208835\" class=\"col small-12 large-12\"  >\n\t\t\t\t<div class=\"col-inner\"  >\n\t\t\t\n\t\t\t\n\n\t<div class=\"img has-hover x md-x lg-x y md-y lg-y\" id=\"image_1594447080\">\n\t\t\t\t\t\t\t\t<div class=\"img-inner dark\" >\n\t\t\t<img decoding=\"async\" width=\"1400\" height=\"700\" src=\"https:\/\/promak.si\/wp-content\/uploads\/2022\/09\/promak-ponudba-bozic.jpg\" class=\"attachment-original size-original\" alt=\"\" srcset=\"https:\/\/promak.si\/wp-content\/uploads\/2022\/09\/promak-ponudba-bozic.jpg 1400w, https:\/\/promak.si\/wp-content\/uploads\/2022\/09\/promak-ponudba-bozic-400x200.jpg 400w, https:\/\/promak.si\/wp-content\/uploads\/2022\/09\/promak-ponudba-bozic-900x450.jpg 900w, https:\/\/promak.si\/wp-content\/uploads\/2022\/09\/promak-ponudba-bozic-300x150.jpg 300w, https:\/\/promak.si\/wp-content\/uploads\/2022\/09\/promak-ponudba-bozic-1024x512.jpg 1024w, https:\/\/promak.si\/wp-content\/uploads\/2022\/09\/promak-ponudba-bozic-768x384.jpg 768w\" sizes=\"(max-width: 1400px) 100vw, 1400px\">\t\t\t\t\t\t\n\t\t\t\t\t<\/div>\n\t\t\t\t\t\t\t\t\n<style>\n#image_1594447080 {\n  width: 100%;\n}\n<\/style>\n\t<\/div>\n\t\n\n\n\t\t<\/div>\n\t\t\t\t\t<\/div>\n\n\t\n\n<\/div>\n<div class=\"row align-equal\"  id=\"row-1234459548\">\n\n\n\t<div id=\"col-2055298933\" class=\"col small-12 large-12\"  >\n\t\t\t\t<div class=\"col-inner\"  >\n\t\t\t\n\t\t\t\n\n\t<div id=\"text-750893839\" class=\"text naslov\">\n\t\t\n\n<h2>Bo\u017ei\u0107ni i novogodi\u0161nji ukrasi<\/h2>\nU na\u0161oj trgovini mo\u017eete prona\u0107i najmodernije bo\u017ei\u0107ne i novogodi\u0161nje ukrase za dom i poslovne prostore te izloge. Bo\u017ei\u0107ni ukrasi dostupni su u svim veli\u010dinama i bojama. Osim novogodi\u0161njih dekoracija, mo\u017eete birati i izme\u0111u adventskih vjen\u010di\u0107a, novogodi\u0161njih aran\u017emana, bo\u017ei\u0107nih aran\u017emana i jo\u0161 mnogo toga. Ne zaboravite bo\u017ei\u0107no drvce koje je uvijek u centru pa\u017enje.\n\t\t\t<\/div>\n\t\n\n\t\t<\/div>\n\t\t\t\t\n<style>\n#col-2055298933 > .col-inner {\n  padding: 20px 0px 0px 0px;\n}\n<\/style>\n\t<\/div>\n\n\t\n\n\t<div id=\"col-542523935\" class=\"col medium-3 small-12 large-3\"  >\n\t\t\t\t<div class=\"col-inner\"  >\n\t\t\t\n\t\t\t\n\n\t<div class=\"img has-hover x md-x lg-x y md-y lg-y\" id=\"image_1715234208\">\n\t\t<a class=\"\" href=\"\/hr\/novogodisnji-aranzmani\/umjetne-smreke\/\" >\t\t\t\t\t\t<div class=\"img-inner image-cover dark\" style=\"padding-top:100%;\">\n\t\t\t<img decoding=\"async\" width=\"538\" height=\"705\" src=\"https:\/\/promak.si\/wp-content\/uploads\/2022\/09\/umetne-smreke.jpg\" class=\"attachment-medium_large size-medium_large\" alt=\"\" srcset=\"https:\/\/promak.si\/wp-content\/uploads\/2022\/09\/umetne-smreke.jpg 538w, https:\/\/promak.si\/wp-content\/uploads\/2022\/09\/umetne-smreke-400x524.jpg 400w, https:\/\/promak.si\/wp-content\/uploads\/2022\/09\/umetne-smreke-229x300.jpg 229w, https:\/\/promak.si\/wp-content\/uploads\/2022\/09\/umetne-smreke-510x668.jpg 510w\" sizes=\"(max-width: 538px) 100vw, 538px\">\t\t\t\t\t\t\n\t\t\t\t\t<\/div>\n\t\t\t\t\t\t<\/a>\t\t\n<style>\n#image_1715234208 {\n  width: 100%;\n}\n<\/style>\n\t<\/div>\n\t\n\n<h3><a href=\"\/hr\/novogodisnji-aranzmani\/umjetne-smreke\/\">Umjetne smreke za va\u0161 dom ili ured<\/a><\/h3>\n\n\t\t<\/div>\n\t\t\t\t\t<\/div>\n\n\t\n\n\t<div id=\"col-1451818773\" class=\"col medium-3 small-12 large-3\"  >\n\t\t\t\t<div class=\"col-inner\"  >\n\t\t\t\n\t\t\t\n\n\t<div class=\"img has-hover x md-x lg-x y md-y lg-y\" id=\"image_918898489\">\n\t\t<a class=\"\" href=\"\/hr\/novogodisnji-aranzmani\/novogodisnji-ukrasi\/\" >\t\t\t\t\t\t<div class=\"img-inner image-cover dark\" style=\"padding-top:100%;\">\n\t\t\t<img decoding=\"async\" width=\"397\" height=\"705\" src=\"https:\/\/promak.si\/wp-content\/uploads\/2022\/09\/Novoletni-okraski.jpg\" class=\"attachment-medium_large size-medium_large\" alt=\"\" srcset=\"https:\/\/promak.si\/wp-content\/uploads\/2022\/09\/Novoletni-okraski.jpg 397w, https:\/\/promak.si\/wp-content\/uploads\/2022\/09\/Novoletni-okraski-350x622.jpg 350w, https:\/\/promak.si\/wp-content\/uploads\/2022\/09\/Novoletni-okraski-169x300.jpg 169w\" sizes=\"(max-width: 397px) 100vw, 397px\">\t\t\t\t\t\t\n\t\t\t\t\t<\/div>\n\t\t\t\t\t\t<\/a>\t\t\n<style>\n#image_918898489 {\n  width: 100%;\n}\n<\/style>\n\t<\/div>\n\t\n\n<h3><a href=\"\/hr\/novogodisnji-aranzmani\/novogodisnji-ukrasi\/\">Novogodi\u0161nji i bo\u017ei\u0107ni ukrasi<\/a><\/h3>\n\n\t\t<\/div>\n\t\t\t\t\t<\/div>\n\n\t\n\n\t<div id=\"col-1565125775\" class=\"col medium-3 small-12 large-3\"  >\n\t\t\t\t<div class=\"col-inner\"  >\n\t\t\t\n\t\t\t\n\n\t<div class=\"img has-hover x md-x lg-x y md-y lg-y\" id=\"image_1784432263\">\n\t\t<a class=\"\" href=\"\/hr\/novogodisnji-aranzmani\/bozicne-lampice\/\" >\t\t\t\t\t\t<div class=\"img-inner image-cover dark\" style=\"padding-top:100%;\">\n\t\t\t<img decoding=\"async\" width=\"705\" height=\"294\" src=\"https:\/\/promak.si\/wp-content\/uploads\/2022\/09\/Novoletne-lucke-LED-bozicne-lucke-LED-1.jpg\" class=\"attachment-medium_large size-medium_large\" alt=\"\" srcset=\"https:\/\/promak.si\/wp-content\/uploads\/2022\/09\/Novoletne-lucke-LED-bozicne-lucke-LED-1.jpg 705w, https:\/\/promak.si\/wp-content\/uploads\/2022\/09\/Novoletne-lucke-LED-bozicne-lucke-LED-1-400x167.jpg 400w, https:\/\/promak.si\/wp-content\/uploads\/2022\/09\/Novoletne-lucke-LED-bozicne-lucke-LED-1-700x292.jpg 700w, https:\/\/promak.si\/wp-content\/uploads\/2022\/09\/Novoletne-lucke-LED-bozicne-lucke-LED-1-300x125.jpg 300w\" sizes=\"(max-width: 705px) 100vw, 705px\">\t\t\t\t\t\t\n\t\t\t\t\t<\/div>\n\t\t\t\t\t\t<\/a>\t\t\n<style>\n#image_1784432263 {\n  width: 100%;\n}\n<\/style>\n\t<\/div>\n\t\n\n<h3><a href=\"\/hr\/novogodisnji-aranzmani\/bozicne-lampice\/\">Bo\u017ei\u0107ne lampice, LED lampice<\/a><\/h3>\n\n\t\t<\/div>\n\t\t\t\t\t<\/div>\n\n\t\n\n\t<div id=\"col-224167250\" class=\"col medium-3 small-12 large-3\"  >\n\t\t\t\t<div class=\"col-inner\"  >\n\t\t\t\n\t\t\t\n\n\t<div class=\"img has-hover x md-x lg-x y md-y lg-y\" id=\"image_1680432635\">\n\t\t<a class=\"\" href=\"\/hr\/novogodisnji-aranzmani\/bozicno-drvce\/\" >\t\t\t\t\t\t<div class=\"img-inner image-cover dark\" style=\"padding-top:100%;\">\n\t\t\t<img decoding=\"async\" width=\"397\" height=\"705\" src=\"https:\/\/promak.si\/wp-content\/uploads\/2022\/09\/novoletna-jelka.jpg\" class=\"attachment-medium_large size-medium_large\" alt=\"\" srcset=\"https:\/\/promak.si\/wp-content\/uploads\/2022\/09\/novoletna-jelka.jpg 397w, https:\/\/promak.si\/wp-content\/uploads\/2022\/09\/novoletna-jelka-350x622.jpg 350w, https:\/\/promak.si\/wp-content\/uploads\/2022\/09\/novoletna-jelka-169x300.jpg 169w\" sizes=\"(max-width: 397px) 100vw, 397px\">\t\t\t\t\t\t\n\t\t\t\t\t<\/div>\n\t\t\t\t\t\t<\/a>\t\t\n<style>\n#image_1680432635 {\n  width: 100%;\n}\n<\/style>\n\t<\/div>\n\t\n\n<h3><a href=\"\/hr\/novogodisnji-aranzmani\/bozicno-drvce\/\">Bo\u017ei\u0107na drvca<\/a><\/h3>\n\n\n\t\t<\/div>\n\t\t\t\t\t<\/div>\n\n\t\n\n\t<div id=\"col-1644974631\" class=\"col medium-3 small-12 large-3\"  >\n\t\t\t\t<div class=\"col-inner\"  >\n\t\t\t\n\t\t\t\n\n\t<div class=\"img has-hover x md-x lg-x y md-y lg-y\" id=\"image_1524107425\">\n\t\t<a class=\"\" href=\"\/hr\/novogodisnji-aranzmani\/\" >\t\t\t\t\t\t<div class=\"img-inner image-cover dark\" style=\"padding-top:100%;\">\n\t\t\t<img decoding=\"async\" width=\"705\" height=\"569\" src=\"https:\/\/promak.si\/wp-content\/uploads\/2022\/09\/novoletne-dekoracije.jpg\" class=\"attachment-medium_large size-medium_large\" alt=\"\" srcset=\"https:\/\/promak.si\/wp-content\/uploads\/2022\/09\/novoletne-dekoracije.jpg 705w, https:\/\/promak.si\/wp-content\/uploads\/2022\/09\/novoletne-dekoracije-400x323.jpg 400w, https:\/\/promak.si\/wp-content\/uploads\/2022\/09\/novoletne-dekoracije-700x565.jpg 700w, https:\/\/promak.si\/wp-content\/uploads\/2022\/09\/novoletne-dekoracije-300x242.jpg 300w\" sizes=\"(max-width: 705px) 100vw, 705px\">\t\t\t\t\t\t\n\t\t\t\t\t<\/div>\n\t\t\t\t\t\t<\/a>\t\t\n<style>\n#image_1524107425 {\n  width: 100%;\n}\n<\/style>\n\t<\/div>\n\t\n\n<h3><a href=\"\/hr\/novogodisnji-aranzmani\/\">Novogodisnji aranzmani<\/a><\/h3>\n\n\t\t<\/div>\n\t\t\t\t\t<\/div>\n\n\t\n\n\t<div id=\"col-1014800929\" class=\"col medium-3 small-12 large-3\"  >\n\t\t\t\t<div class=\"col-inner\"  >\n\t\t\t\n\t\t\t\n\n\t<div class=\"img has-hover x md-x lg-x y md-y lg-y\" id=\"image_2127917162\">\n\t\t<a class=\"\" href=\"\/hr\/novogodisnji-aranzmani\/jaslice\/\" >\t\t\t\t\t\t<div class=\"img-inner image-cover dark\" style=\"padding-top:100%;\">\n\t\t\t<img decoding=\"async\" width=\"700\" height=\"467\" src=\"https:\/\/promak.si\/wp-content\/uploads\/2022\/09\/novoletne-bozicne-jaslice.jpg\" class=\"attachment-medium_large size-medium_large\" alt=\"\" srcset=\"https:\/\/promak.si\/wp-content\/uploads\/2022\/09\/novoletne-bozicne-jaslice.jpg 700w, https:\/\/promak.si\/wp-content\/uploads\/2022\/09\/novoletne-bozicne-jaslice-400x267.jpg 400w, https:\/\/promak.si\/wp-content\/uploads\/2022\/09\/novoletne-bozicne-jaslice-555x370.jpg 555w, https:\/\/promak.si\/wp-content\/uploads\/2022\/09\/novoletne-bozicne-jaslice-300x200.jpg 300w\" sizes=\"(max-width: 700px) 100vw, 700px\">\t\t\t\t\t\t\n\t\t\t\t\t<\/div>\n\t\t\t\t\t\t<\/a>\t\t\n<style>\n#image_2127917162 {\n  width: 100%;\n}\n<\/style>\n\t<\/div>\n\t\n\n<h3><a href=\"\/hr\/novogodisnji-aranzmani\/jaslice\/\">Bo\u017ei\u0107ne jaslice in figurice<\/a><\/h3>\n\n\t\t<\/div>\n\t\t\t\t\t<\/div>\n\n\t\n\n\t<div id=\"col-1119492119\" class=\"col medium-3 small-12 large-3\"  >\n\t\t\t\t<div class=\"col-inner\"  >\n\t\t\t\n\t\t\t\n\n\t<div class=\"img has-hover x md-x lg-x y md-y lg-y\" id=\"image_2032999852\">\n\t\t<a class=\"\" href=\"\/hr\/novogodisnji-aranzmani\/adventski-vijenci\/\" >\t\t\t\t\t\t<div class=\"img-inner image-cover dark\" style=\"padding-top:100%;\">\n\t\t\t<img decoding=\"async\" width=\"700\" height=\"467\" src=\"https:\/\/promak.si\/wp-content\/uploads\/2022\/09\/Moderni-adventni-vencek.jpg\" class=\"attachment-medium_large size-medium_large\" alt=\"\" srcset=\"https:\/\/promak.si\/wp-content\/uploads\/2022\/09\/Moderni-adventni-vencek.jpg 700w, https:\/\/promak.si\/wp-content\/uploads\/2022\/09\/Moderni-adventni-vencek-400x267.jpg 400w, https:\/\/promak.si\/wp-content\/uploads\/2022\/09\/Moderni-adventni-vencek-555x370.jpg 555w, https:\/\/promak.si\/wp-content\/uploads\/2022\/09\/Moderni-adventni-vencek-300x200.jpg 300w\" sizes=\"(max-width: 700px) 100vw, 700px\">\t\t\t\t\t\t\n\t\t\t\t\t<\/div>\n\t\t\t\t\t\t<\/a>\t\t\n<style>\n#image_2032999852 {\n  width: 100%;\n}\n<\/style>\n\t<\/div>\n\t\n\n<h3><a href=\"\/hr\/novogodisnji-aranzmani\/adventski-vijenci\/\">Adventski vijenci<\/a><\/h3>\n\n\t\t<\/div>\n\t\t\t\t\t<\/div>\n\n\t\n\n\t<div id=\"col-788117143\" class=\"col medium-3 small-12 large-3\"  >\n\t\t\t\t<div class=\"col-inner\"  >\n\t\t\t\n\t\t\t\n\n\t<div class=\"img has-hover x md-x lg-x y md-y lg-y\" id=\"image_670403705\">\n\t\t<a class=\"\" href=\"\/hr\/novogodisnji-aranzmani\/adventski-aranzmani\/\" >\t\t\t\t\t\t<div class=\"img-inner image-cover dark\" style=\"padding-top:100%;\">\n\t\t\t<img decoding=\"async\" width=\"705\" height=\"470\" src=\"https:\/\/promak.si\/wp-content\/uploads\/2022\/09\/adventni-aranzmaji.jpg\" class=\"attachment-medium_large size-medium_large\" alt=\"\" srcset=\"https:\/\/promak.si\/wp-content\/uploads\/2022\/09\/adventni-aranzmaji.jpg 705w, https:\/\/promak.si\/wp-content\/uploads\/2022\/09\/adventni-aranzmaji-400x267.jpg 400w, https:\/\/promak.si\/wp-content\/uploads\/2022\/09\/adventni-aranzmaji-700x467.jpg 700w, https:\/\/promak.si\/wp-content\/uploads\/2022\/09\/adventni-aranzmaji-300x200.jpg 300w\" sizes=\"(max-width: 705px) 100vw, 705px\">\t\t\t\t\t\t\n\t\t\t\t\t<\/div>\n\t\t\t\t\t\t<\/a>\t\t\n<style>\n#image_670403705 {\n  width: 100%;\n}\n<\/style>\n\t<\/div>\n\t\n\n<h3><a href=\"\/hr\/novogodisnji-aranzmani\/adventski-aranzmani\/\">Adventski aran\u017emani za Bo\u017ei\u0107<\/a><\/h3>\n\n\t\t<\/div>\n\t\t\t\t\t<\/div>\n\n\t\n\n<\/div>\n","protected":false},"excerpt":{"rendered":"","protected":false},"author":1,"featured_media":0,"parent":10413,"menu_order":0,"comment_status":"closed","ping_status":"closed","template":"page-blank.php","meta":{"footnotes":""},"class_list":["post-10431","page","type-page","status-publish","hentry"],"_links":{"self":[{"href":"https:\/\/promak.si\/hr\/wp-json\/wp\/v2\/pages\/10431","targetHints":{"allow":["GET"]}}],"collection":[{"href":"https:\/\/promak.si\/hr\/wp-json\/wp\/v2\/pages"}],"about":[{"href":"https:\/\/promak.si\/hr\/wp-json\/wp\/v2\/types\/page"}],"author":[{"embeddable":true,"href":"https:\/\/promak.si\/hr\/wp-json\/wp\/v2\/users\/1"}],"replies":[{"embeddable":true,"href":"https:\/\/promak.si\/hr\/wp-json\/wp\/v2\/comments?post=10431"}],"version-history":[{"count":0,"href":"https:\/\/promak.si\/hr\/wp-json\/wp\/v2\/pages\/10431\/revisions"}],"up":[{"embeddable":true,"href":"https:\/\/promak.si\/hr\/wp-json\/wp\/v2\/pages\/10413"}],"wp:attachment":[{"href":"https:\/\/promak.si\/hr\/wp-json\/wp\/v2\/media?parent=10431"}],"curies":[{"name":"wp","href":"https:\/\/api.w.org\/{rel}","templated":true}]}}